{"id":25664,"date":"2025-03-15T18:03:57","date_gmt":"2025-03-15T17:03:57","guid":{"rendered":"https:\/\/niryo.com\/niryo-fuer-die-industrie\/niryo-succes-fuer-den-industriesektor\/"},"modified":"2026-03-29T08:08:31","modified_gmt":"2026-03-29T06:08:31","slug":"niryo-succes-fuer-den-industriesektor","status":"publish","type":"page","link":"https:\/\/niryo.com\/de\/niryo-fuer-die-industrie\/niryo-succes-fuer-den-industriesektor\/","title":{"rendered":"Niryo Succes f\u00fcr den Industriesektor"},"content":{"rendered":"\t\t<div data-elementor-type=\"wp-page\" data-elementor-id=\"25664\" class=\"elementor elementor-25664 elementor-20162\" data-elementor-post-type=\"page\">\n\t\t\t\t<div class=\"elementor-element elementor-element-d129b77 e-flex e-con-boxed e-con e-parent\" data-id=\"d129b77\" data-element_type=\"container\" data-e-type=\"container\" data-settings=\"{&quot;background_background&quot;:&quot;classic&quot;}\">\n\t\t\t\t\t<div class=\"e-con-inner\">\n\t\t<div class=\"elementor-element elementor-element-713ef38 e-con-full e-flex e-con e-child\" data-id=\"713ef38\" data-element_type=\"container\" data-e-type=\"container\">\n\t\t\t\t<div class=\"elementor-element elementor-element-155eaa4 elementor-widget elementor-widget-button\" data-id=\"155eaa4\" data-element_type=\"widget\" data-e-type=\"widget\" data-widget_type=\"button.default\">\n\t\t\t\t<div class=\"elementor-widget-container\">\n\t\t\t\t\t\t\t\t\t<div class=\"elementor-button-wrapper\">\n\t\t\t\t\t<a class=\"elementor-button elementor-size-sm\" role=\"button\">\n\t\t\t\t\t\t<span class=\"elementor-button-content-wrapper\">\n\t\t\t\t\t\t\t\t\t<span class=\"elementor-button-text\">Niryo f\u00fcr die Industrie<\/span>\n\t\t\t\t\t<\/span>\n\t\t\t\t\t<\/a>\n\t\t\t\t<\/div>\n\t\t\t\t\t\t\t\t<\/div>\n\t\t\t\t<\/div>\n\t\t\t\t<div class=\"elementor-element elementor-element-299211a elementor-widget elementor-widget-heading\" data-id=\"299211a\" data-element_type=\"widget\" data-e-type=\"widget\" data-widget_type=\"heading.default\">\n\t\t\t\t<div class=\"elementor-widget-container\">\n\t\t\t\t\t<h1 class=\"elementor-heading-title elementor-size-default\">Niryo Succes f\u00fcr den Industriesektor<\/h1>\t\t\t\t<\/div>\n\t\t\t\t<\/div>\n\t\t\t\t<div class=\"elementor-element elementor-element-041da40 elementor-widget elementor-widget-text-editor\" data-id=\"041da40\" data-element_type=\"widget\" data-e-type=\"widget\" data-widget_type=\"text-editor.default\">\n\t\t\t\t<div class=\"elementor-widget-container\">\n\t\t\t\t\t\t\t\t\t<p>Unser Team steht Ihnen w\u00e4hrend der gesamten Nutzungsdauer Ihres Roboters zur Seite, von der Implementierung bis zur optimalen Auslastung.\u2028Beim Kauf eines Roboters ist eine umfassende Betreuung inbegriffen. Dar\u00fcber hinaus bieten wir bei Bedarf eine individuelle, ma\u00dfgeschneiderte Unterst\u00fctzung an.<\/p>\t\t\t\t\t\t\t\t<\/div>\n\t\t\t\t<\/div>\n\t\t\t\t<\/div>\n\t\t<div class=\"elementor-element elementor-element-774d032 e-con-full elementor-hidden-desktop elementor-hidden-laptop elementor-hidden-tablet_extra elementor-hidden-tablet elementor-hidden-mobile_extra e-flex e-con e-child\" data-id=\"774d032\" data-element_type=\"container\" data-e-type=\"container\" data-settings=\"{&quot;background_background&quot;:&quot;classic&quot;}\">\n\t\t\t\t<div class=\"elementor-element elementor-element-92de960 elementor-widget elementor-widget-image\" data-id=\"92de960\" data-element_type=\"widget\" data-e-type=\"widget\" data-widget_type=\"image.default\">\n\t\t\t\t<div class=\"elementor-widget-container\">\n\t\t\t\t\t\t\t\t\t\t\t\t\t\t\t<img loading=\"lazy\" decoding=\"async\" width=\"541\" height=\"523\" src=\"https:\/\/niryo.com\/wp-content\/uploads\/2025\/03\/niryo-success-industry.png\" class=\"attachment-full size-full wp-image-25665\" alt=\"\" \/>\t\t\t\t\t\t\t\t\t\t\t\t\t\t\t<\/div>\n\t\t\t\t<\/div>\n\t\t\t\t<\/div>\n\t\t\t\t\t<\/div>\n\t\t\t\t<\/div>\n\t\t<div class=\"elementor-element elementor-element-8fd6de3 e-flex e-con-boxed e-con e-parent\" data-id=\"8fd6de3\" data-element_type=\"container\" data-e-type=\"container\">\n\t\t\t\t\t<div class=\"e-con-inner\">\n\t\t<div class=\"elementor-element elementor-element-cf90505 e-con-full e-flex e-con e-child\" data-id=\"cf90505\" data-element_type=\"container\" data-e-type=\"container\">\n\t\t\t\t<div class=\"elementor-element elementor-element-27749f3 elementor-widget elementor-widget-heading\" data-id=\"27749f3\" data-element_type=\"widget\" data-e-type=\"widget\" data-widget_type=\"heading.default\">\n\t\t\t\t<div class=\"elementor-widget-container\">\n\t\t\t\t\t<span class=\"elementor-heading-title elementor-size-default\">IM LIEFERUMFANG IHRES ROBOTERS ENTHALTEN<\/span>\t\t\t\t<\/div>\n\t\t\t\t<\/div>\n\t\t\t\t<div class=\"elementor-element elementor-element-5cb14e9 elementor-widget elementor-widget-heading\" data-id=\"5cb14e9\" data-element_type=\"widget\" data-e-type=\"widget\" data-widget_type=\"heading.default\">\n\t\t\t\t<div class=\"elementor-widget-container\">\n\t\t\t\t\t<h2 class=\"elementor-heading-title elementor-size-default\">Unterst\u00fctzung bei Einf\u00fchrung und Installation.<\/h2>\t\t\t\t<\/div>\n\t\t\t\t<\/div>\n\t\t\t\t<div class=\"elementor-element elementor-element-2e3c50e elementor-widget elementor-widget-text-editor\" data-id=\"2e3c50e\" data-element_type=\"widget\" data-e-type=\"widget\" data-widget_type=\"text-editor.default\">\n\t\t\t\t<div class=\"elementor-widget-container\">\n\t\t\t\t\t\t\t\t\tUnser engagiertes Team unterst\u00fctzt Sie dabei, die Roboter unkompliziert in Ihrem Unternehmen einzusetzen und zu integrieren.\t\t\t\t\t\t\t\t<\/div>\n\t\t\t\t<\/div>\n\t\t\t\t<div class=\"elementor-element elementor-element-29d4b30 elementor-widget elementor-widget-niryo_vertical_steps_v2\" data-id=\"29d4b30\" data-element_type=\"widget\" data-e-type=\"widget\" data-widget_type=\"niryo_vertical_steps_v2.default\">\n\t\t\t\t<div class=\"elementor-widget-container\">\n\t\t\t\t\t\t\t<div class=\"niryo-elementor-vertical-steps\">\n\n            \n                <div class=\"step\">\n\n                    \n                        <div class=\"title\">\n                            Remote training session                        <\/div>\n\n                    \n                    \n                        <div class=\"text\">\n                            <p>A videoconference with the CSM team to guide you in the installation of your robot and present its essential features to you.<\/p>                        <\/div>\n\n                    \n                    \n                <\/div>\n\n            \n                <div class=\"step\">\n\n                    \n                        <div class=\"title\">\n                            Regular follow-up points                        <\/div>\n\n                    \n                    \n                        <div class=\"text\">\n                            <p>Throughout your use of Niryo solutions, we remain attentive to your needs to ensure that you and your students have an optimal experience.<\/p>                        <\/div>\n\n                    \n                    \n                <\/div>\n\n            \n                <div class=\"step\">\n\n                    \n                        <div class=\"title\">\n                            Usage assistance                         <\/div>\n\n                    \n                    \n                        <div class=\"text\">\n                            <p>A question about using your robots? Our teams are there to guide you and access Niryo resources for independent use.<\/p>                        <\/div>\n\n                    \n                    \n                <\/div>\n\n            \n\t\t<\/div>\n\n\t\t\t\t\t\t<\/div>\n\t\t\t\t<\/div>\n\t\t\t\t<\/div>\n\t\t<div class=\"elementor-element elementor-element-21db308 e-con-full e-flex e-con e-child\" data-id=\"21db308\" data-element_type=\"container\" data-e-type=\"container\" data-settings=\"{&quot;background_background&quot;:&quot;classic&quot;}\">\n\t\t\t\t<div class=\"elementor-element elementor-element-3fa057d elementor-widget elementor-widget-image\" data-id=\"3fa057d\" data-element_type=\"widget\" data-e-type=\"widget\" data-settings=\"{&quot;sticky&quot;:&quot;top&quot;,&quot;sticky_on&quot;:[&quot;desktop&quot;,&quot;laptop&quot;,&quot;tablet_extra&quot;,&quot;tablet&quot;,&quot;mobile_extra&quot;],&quot;sticky_offset&quot;:120,&quot;sticky_effects_offset&quot;:20,&quot;sticky_parent&quot;:&quot;yes&quot;,&quot;sticky_anchor_link_offset&quot;:0}\" data-widget_type=\"image.default\">\n\t\t\t\t<div class=\"elementor-widget-container\">\n\t\t\t\t\t\t\t\t\t\t\t\t\t\t\t<img loading=\"lazy\" decoding=\"async\" width=\"507\" height=\"665\" src=\"https:\/\/niryo.com\/wp-content\/uploads\/2026\/03\/NiryoSuccessIndusrtry-2.jpg\" class=\"attachment-full size-full wp-image-39905\" alt=\"\" srcset=\"https:\/\/niryo.com\/wp-content\/uploads\/2026\/03\/NiryoSuccessIndusrtry-2.jpg 507w, https:\/\/niryo.com\/wp-content\/uploads\/2026\/03\/NiryoSuccessIndusrtry-2-229x300.jpg 229w\" sizes=\"auto, (max-width: 507px) 100vw, 507px\" \/>\t\t\t\t\t\t\t\t\t\t\t\t\t\t\t<\/div>\n\t\t\t\t<\/div>\n\t\t\t\t<\/div>\n\t\t\t\t\t<\/div>\n\t\t\t\t<\/div>\n\t\t<div class=\"elementor-element elementor-element-2132dde e-flex e-con-boxed e-con e-parent\" data-id=\"2132dde\" data-element_type=\"container\" data-e-type=\"container\" data-settings=\"{&quot;background_background&quot;:&quot;classic&quot;}\">\n\t\t\t\t\t<div class=\"e-con-inner\">\n\t\t<div class=\"elementor-element elementor-element-ddf295c e-con-full e-flex e-con e-child\" data-id=\"ddf295c\" data-element_type=\"container\" data-e-type=\"container\">\n\t\t<div class=\"elementor-element elementor-element-8d41716 e-con-full e-flex e-con e-child\" data-id=\"8d41716\" data-element_type=\"container\" data-e-type=\"container\">\n\t\t\t\t<div class=\"elementor-element elementor-element-3d24049 elementor-hidden-mobile_extra elementor-hidden-mobile elementor-widget elementor-widget-heading\" data-id=\"3d24049\" data-element_type=\"widget\" data-e-type=\"widget\" data-widget_type=\"heading.default\">\n\t\t\t\t<div class=\"elementor-widget-container\">\n\t\t\t\t\t<h2 class=\"elementor-heading-title elementor-size-default\"><span class=\"txt-orange\">Do you have<\/span>  an industrial robotics project?<\/h2>\t\t\t\t<\/div>\n\t\t\t\t<\/div>\n\t\t<div class=\"elementor-element elementor-element-54a202c e-con-full elementor-hidden-desktop elementor-hidden-laptop elementor-hidden-tablet_extra elementor-hidden-tablet e-flex e-con e-child\" data-id=\"54a202c\" data-element_type=\"container\" data-e-type=\"container\">\n\t\t\t\t<div class=\"elementor-element elementor-element-1ec2b02 elementor-widget elementor-widget-heading\" data-id=\"1ec2b02\" data-element_type=\"widget\" data-e-type=\"widget\" data-widget_type=\"heading.default\">\n\t\t\t\t<div class=\"elementor-widget-container\">\n\t\t\t\t\t<h2 class=\"elementor-heading-title elementor-size-default\"><span class=\"txt-orange\">Do you have<\/span>  an industrial robotics project?<\/h2>\t\t\t\t<\/div>\n\t\t\t\t<\/div>\n\t\t\t\t<\/div>\n\t\t\t\t<div class=\"elementor-element elementor-element-4b73070 elementor-widget elementor-widget-text-editor\" data-id=\"4b73070\" data-element_type=\"widget\" data-e-type=\"widget\" data-widget_type=\"text-editor.default\">\n\t\t\t\t<div class=\"elementor-widget-container\">\n\t\t\t\t\t\t\t\t\t<p>Complete the form to speak with our experts and obtain a recommendation adapted to your industrial needs.<\/p>\t\t\t\t\t\t\t\t<\/div>\n\t\t\t\t<\/div>\n\t\t\t\t<\/div>\n\t\t<div class=\"elementor-element elementor-element-6752c25 e-con-full e-flex e-con e-child\" data-id=\"6752c25\" data-element_type=\"container\" data-e-type=\"container\" data-settings=\"{&quot;background_background&quot;:&quot;classic&quot;}\">\n\t\t\t\t<div class=\"elementor-element elementor-element-b81dbb4 elementor-widget elementor-widget-heading\" data-id=\"b81dbb4\" data-element_type=\"widget\" data-e-type=\"widget\" data-widget_type=\"heading.default\">\n\t\t\t\t<div class=\"elementor-widget-container\">\n\t\t\t\t\t<p class=\"elementor-heading-title elementor-size-default\">Talk to an expert<\/p>\t\t\t\t<\/div>\n\t\t\t\t<\/div>\n\t\t\t\t<div class=\"elementor-element elementor-element-c227255 elementor-widget elementor-widget-html\" data-id=\"c227255\" data-element_type=\"widget\" data-e-type=\"widget\" data-widget_type=\"html.default\">\n\t\t\t\t<div class=\"elementor-widget-container\">\n\t\t\t\t\t<script src=\"https:\/\/js.hsforms.net\/forms\/embed\/9158560.js\" defer><\/script>\n<div class=\"hs-form-frame\" data-region=\"na1\" data-form-id=\"a50a1dc2-425e-415f-802e-8939f1996e9e\" data-portal-id=\"9158560\"><\/div>\t\t\t\t<\/div>\n\t\t\t\t<\/div>\n\t\t\t\t<\/div>\n\t\t\t\t<\/div>\n\t\t\t\t\t<\/div>\n\t\t\t\t<\/div>\n\t\t\t\t<\/div>\n\t\t","protected":false},"excerpt":{"rendered":"<p>Niryo f\u00fcr die Industrie Niryo Succes f\u00fcr den Industriesektor Unser Team steht Ihnen w\u00e4hrend der gesamten Nutzungsdauer Ihres Roboters zur Seite, von der Implementierung bis zur optimalen Auslastung.\u2028Beim Kauf eines Roboters ist eine umfassende Betreuung inbegriffen. Dar\u00fcber hinaus bieten wir bei Bedarf eine individuelle, ma\u00dfgeschneiderte Unterst\u00fctzung an. IM LIEFERUMFANG IHRES ROBOTERS ENTHALTEN Unterst\u00fctzung bei Einf\u00fchrung [&hellip;]<\/p>\n","protected":false},"author":3,"featured_media":0,"parent":25592,"menu_order":0,"comment_status":"closed","ping_status":"closed","template":"","meta":{"_acf_changed":false,"content-type":"","footnotes":""},"class_list":["post-25664","page","type-page","status-publish","hentry"],"acf":[],"yoast_head":"<!-- This site is optimized with the Yoast SEO plugin v27.2 - https:\/\/yoast.com\/product\/yoast-seo-wordpress\/ -->\n<title>Unterst\u00fctzung - Fachkundige Anleitung f\u00fcr Ihren Erfolg<\/title>\n<meta name=\"description\" content=\"Erhalten Sie pers\u00f6nlichen Support, um die Integration unseres Roboters in Ihre Arbeitsabl\u00e4ufe sicherzustellen. Niryo hilft Ihnen in jeder Phase Ihres Prozesses.\" \/>\n<meta name=\"robots\" content=\"index, follow, max-snippet:-1, max-image-preview:large, max-video-preview:-1\" \/>\n<link rel=\"canonical\" href=\"https:\/\/niryo.com\/de\/niryo-fuer-die-industrie\/niryo-succes-fuer-den-industriesektor\/\" \/>\n<meta property=\"og:locale\" content=\"de_DE\" \/>\n<meta property=\"og:type\" content=\"article\" \/>\n<meta property=\"og:title\" content=\"Unterst\u00fctzung - Fachkundige Anleitung f\u00fcr Ihren Erfolg\" \/>\n<meta property=\"og:description\" content=\"Erhalten Sie pers\u00f6nlichen Support, um die Integration unseres Roboters in Ihre Arbeitsabl\u00e4ufe sicherzustellen. Niryo hilft Ihnen in jeder Phase Ihres Prozesses.\" \/>\n<meta property=\"og:url\" content=\"https:\/\/niryo.com\/de\/niryo-fuer-die-industrie\/niryo-succes-fuer-den-industriesektor\/\" \/>\n<meta property=\"og:site_name\" content=\"Niryo\" \/>\n<meta property=\"article:modified_time\" content=\"2026-03-29T06:08:31+00:00\" \/>\n<meta property=\"og:image\" content=\"https:\/\/niryo.com\/wp-content\/uploads\/2025\/03\/niryo-success-industry.png\" \/>\n\t<meta property=\"og:image:width\" content=\"541\" \/>\n\t<meta property=\"og:image:height\" content=\"523\" \/>\n\t<meta property=\"og:image:type\" content=\"image\/png\" \/>\n<meta name=\"twitter:card\" content=\"summary_large_image\" \/>\n<meta name=\"twitter:label1\" content=\"Gesch\u00e4tzte Lesezeit\" \/>\n\t<meta name=\"twitter:data1\" content=\"2\u00a0Minuten\" \/>\n<script type=\"application\/ld+json\" class=\"yoast-schema-graph\">{\"@context\":\"https:\/\/schema.org\",\"@graph\":[{\"@type\":\"WebPage\",\"@id\":\"https:\/\/niryo.com\/de\/niryo-fuer-die-industrie\/niryo-succes-fuer-den-industriesektor\/\",\"url\":\"https:\/\/niryo.com\/de\/niryo-fuer-die-industrie\/niryo-succes-fuer-den-industriesektor\/\",\"name\":\"Unterst\u00fctzung - Fachkundige Anleitung f\u00fcr Ihren Erfolg\",\"isPartOf\":{\"@id\":\"https:\/\/niryo.com\/de\/#website\"},\"primaryImageOfPage\":{\"@id\":\"https:\/\/niryo.com\/de\/niryo-fuer-die-industrie\/niryo-succes-fuer-den-industriesektor\/#primaryimage\"},\"image\":{\"@id\":\"https:\/\/niryo.com\/de\/niryo-fuer-die-industrie\/niryo-succes-fuer-den-industriesektor\/#primaryimage\"},\"thumbnailUrl\":\"https:\/\/niryo.com\/wp-content\/uploads\/2025\/03\/niryo-success-industry.png\",\"datePublished\":\"2025-03-15T17:03:57+00:00\",\"dateModified\":\"2026-03-29T06:08:31+00:00\",\"description\":\"Erhalten Sie pers\u00f6nlichen Support, um die Integration unseres Roboters in Ihre Arbeitsabl\u00e4ufe sicherzustellen. Niryo hilft Ihnen in jeder Phase Ihres Prozesses.\",\"breadcrumb\":{\"@id\":\"https:\/\/niryo.com\/de\/niryo-fuer-die-industrie\/niryo-succes-fuer-den-industriesektor\/#breadcrumb\"},\"inLanguage\":\"de\",\"potentialAction\":[{\"@type\":\"ReadAction\",\"target\":[\"https:\/\/niryo.com\/de\/niryo-fuer-die-industrie\/niryo-succes-fuer-den-industriesektor\/\"]}]},{\"@type\":\"ImageObject\",\"inLanguage\":\"de\",\"@id\":\"https:\/\/niryo.com\/de\/niryo-fuer-die-industrie\/niryo-succes-fuer-den-industriesektor\/#primaryimage\",\"url\":\"https:\/\/niryo.com\/wp-content\/uploads\/2025\/03\/niryo-success-industry.png\",\"contentUrl\":\"https:\/\/niryo.com\/wp-content\/uploads\/2025\/03\/niryo-success-industry.png\"},{\"@type\":\"BreadcrumbList\",\"@id\":\"https:\/\/niryo.com\/de\/niryo-fuer-die-industrie\/niryo-succes-fuer-den-industriesektor\/#breadcrumb\",\"itemListElement\":[{\"@type\":\"ListItem\",\"position\":1,\"name\":\"Home\",\"item\":\"https:\/\/niryo.com\/de\/\"},{\"@type\":\"ListItem\",\"position\":2,\"name\":\"F\u00fcr die Industrie\",\"item\":\"https:\/\/niryo.com\/de\/niryo-for-industry\/\"},{\"@type\":\"ListItem\",\"position\":3,\"name\":\"Niryo Succes f\u00fcr den Industriesektor\"}]},{\"@type\":\"WebSite\",\"@id\":\"https:\/\/niryo.com\/de\/#website\",\"url\":\"https:\/\/niryo.com\/de\/\",\"name\":\"Niryo\",\"description\":\"Robotics designed for what matters\",\"publisher\":{\"@id\":\"https:\/\/niryo.com\/de\/#organization\"},\"potentialAction\":[{\"@type\":\"SearchAction\",\"target\":{\"@type\":\"EntryPoint\",\"urlTemplate\":\"https:\/\/niryo.com\/de\/?s={search_term_string}\"},\"query-input\":{\"@type\":\"PropertyValueSpecification\",\"valueRequired\":true,\"valueName\":\"search_term_string\"}}],\"inLanguage\":\"de\"},{\"@type\":\"Organization\",\"@id\":\"https:\/\/niryo.com\/de\/#organization\",\"name\":\"Niryo\",\"url\":\"https:\/\/niryo.com\/de\/\",\"logo\":{\"@type\":\"ImageObject\",\"inLanguage\":\"de\",\"@id\":\"https:\/\/niryo.com\/de\/#\/schema\/logo\/image\/\",\"url\":\"https:\/\/niryo.com\/wp-content\/uploads\/2026\/02\/Favicon-Niryo.svg\",\"contentUrl\":\"https:\/\/niryo.com\/wp-content\/uploads\/2026\/02\/Favicon-Niryo.svg\",\"width\":512,\"height\":512,\"caption\":\"Niryo\"},\"image\":{\"@id\":\"https:\/\/niryo.com\/de\/#\/schema\/logo\/image\/\"},\"sameAs\":[\"https:\/\/www.linkedin.com\/company\/10970402\/admin\/feed\/posts\/\",\"https:\/\/www.tiktok.com\/@niryo_robotics\",\"https:\/\/www.instagram.com\/niryo_robotics\/\",\"https:\/\/discord.com\/invite\/EqpPYTf9FJ\"]}]}<\/script>\n<!-- \/ Yoast SEO plugin. -->","yoast_head_json":{"title":"Unterst\u00fctzung - Fachkundige Anleitung f\u00fcr Ihren Erfolg","description":"Erhalten Sie pers\u00f6nlichen Support, um die Integration unseres Roboters in Ihre Arbeitsabl\u00e4ufe sicherzustellen. Niryo hilft Ihnen in jeder Phase Ihres Prozesses.","robots":{"index":"index","follow":"follow","max-snippet":"max-snippet:-1","max-image-preview":"max-image-preview:large","max-video-preview":"max-video-preview:-1"},"canonical":"https:\/\/niryo.com\/de\/niryo-fuer-die-industrie\/niryo-succes-fuer-den-industriesektor\/","og_locale":"de_DE","og_type":"article","og_title":"Unterst\u00fctzung - Fachkundige Anleitung f\u00fcr Ihren Erfolg","og_description":"Erhalten Sie pers\u00f6nlichen Support, um die Integration unseres Roboters in Ihre Arbeitsabl\u00e4ufe sicherzustellen. Niryo hilft Ihnen in jeder Phase Ihres Prozesses.","og_url":"https:\/\/niryo.com\/de\/niryo-fuer-die-industrie\/niryo-succes-fuer-den-industriesektor\/","og_site_name":"Niryo","article_modified_time":"2026-03-29T06:08:31+00:00","og_image":[{"width":541,"height":523,"url":"https:\/\/niryo.com\/wp-content\/uploads\/2025\/03\/niryo-success-industry.png","type":"image\/png"}],"twitter_card":"summary_large_image","twitter_misc":{"Gesch\u00e4tzte Lesezeit":"2\u00a0Minuten"},"schema":{"@context":"https:\/\/schema.org","@graph":[{"@type":"WebPage","@id":"https:\/\/niryo.com\/de\/niryo-fuer-die-industrie\/niryo-succes-fuer-den-industriesektor\/","url":"https:\/\/niryo.com\/de\/niryo-fuer-die-industrie\/niryo-succes-fuer-den-industriesektor\/","name":"Unterst\u00fctzung - Fachkundige Anleitung f\u00fcr Ihren Erfolg","isPartOf":{"@id":"https:\/\/niryo.com\/de\/#website"},"primaryImageOfPage":{"@id":"https:\/\/niryo.com\/de\/niryo-fuer-die-industrie\/niryo-succes-fuer-den-industriesektor\/#primaryimage"},"image":{"@id":"https:\/\/niryo.com\/de\/niryo-fuer-die-industrie\/niryo-succes-fuer-den-industriesektor\/#primaryimage"},"thumbnailUrl":"https:\/\/niryo.com\/wp-content\/uploads\/2025\/03\/niryo-success-industry.png","datePublished":"2025-03-15T17:03:57+00:00","dateModified":"2026-03-29T06:08:31+00:00","description":"Erhalten Sie pers\u00f6nlichen Support, um die Integration unseres Roboters in Ihre Arbeitsabl\u00e4ufe sicherzustellen. Niryo hilft Ihnen in jeder Phase Ihres Prozesses.","breadcrumb":{"@id":"https:\/\/niryo.com\/de\/niryo-fuer-die-industrie\/niryo-succes-fuer-den-industriesektor\/#breadcrumb"},"inLanguage":"de","potentialAction":[{"@type":"ReadAction","target":["https:\/\/niryo.com\/de\/niryo-fuer-die-industrie\/niryo-succes-fuer-den-industriesektor\/"]}]},{"@type":"ImageObject","inLanguage":"de","@id":"https:\/\/niryo.com\/de\/niryo-fuer-die-industrie\/niryo-succes-fuer-den-industriesektor\/#primaryimage","url":"https:\/\/niryo.com\/wp-content\/uploads\/2025\/03\/niryo-success-industry.png","contentUrl":"https:\/\/niryo.com\/wp-content\/uploads\/2025\/03\/niryo-success-industry.png"},{"@type":"BreadcrumbList","@id":"https:\/\/niryo.com\/de\/niryo-fuer-die-industrie\/niryo-succes-fuer-den-industriesektor\/#breadcrumb","itemListElement":[{"@type":"ListItem","position":1,"name":"Home","item":"https:\/\/niryo.com\/de\/"},{"@type":"ListItem","position":2,"name":"F\u00fcr die Industrie","item":"https:\/\/niryo.com\/de\/niryo-for-industry\/"},{"@type":"ListItem","position":3,"name":"Niryo Succes f\u00fcr den Industriesektor"}]},{"@type":"WebSite","@id":"https:\/\/niryo.com\/de\/#website","url":"https:\/\/niryo.com\/de\/","name":"Niryo","description":"Robotics designed for what matters","publisher":{"@id":"https:\/\/niryo.com\/de\/#organization"},"potentialAction":[{"@type":"SearchAction","target":{"@type":"EntryPoint","urlTemplate":"https:\/\/niryo.com\/de\/?s={search_term_string}"},"query-input":{"@type":"PropertyValueSpecification","valueRequired":true,"valueName":"search_term_string"}}],"inLanguage":"de"},{"@type":"Organization","@id":"https:\/\/niryo.com\/de\/#organization","name":"Niryo","url":"https:\/\/niryo.com\/de\/","logo":{"@type":"ImageObject","inLanguage":"de","@id":"https:\/\/niryo.com\/de\/#\/schema\/logo\/image\/","url":"https:\/\/niryo.com\/wp-content\/uploads\/2026\/02\/Favicon-Niryo.svg","contentUrl":"https:\/\/niryo.com\/wp-content\/uploads\/2026\/02\/Favicon-Niryo.svg","width":512,"height":512,"caption":"Niryo"},"image":{"@id":"https:\/\/niryo.com\/de\/#\/schema\/logo\/image\/"},"sameAs":["https:\/\/www.linkedin.com\/company\/10970402\/admin\/feed\/posts\/","https:\/\/www.tiktok.com\/@niryo_robotics","https:\/\/www.instagram.com\/niryo_robotics\/","https:\/\/discord.com\/invite\/EqpPYTf9FJ"]}]}},"_links":{"self":[{"href":"https:\/\/niryo.com\/de\/wp-json\/wp\/v2\/pages\/25664","targetHints":{"allow":["GET"]}}],"collection":[{"href":"https:\/\/niryo.com\/de\/wp-json\/wp\/v2\/pages"}],"about":[{"href":"https:\/\/niryo.com\/de\/wp-json\/wp\/v2\/types\/page"}],"author":[{"embeddable":true,"href":"https:\/\/niryo.com\/de\/wp-json\/wp\/v2\/users\/3"}],"replies":[{"embeddable":true,"href":"https:\/\/niryo.com\/de\/wp-json\/wp\/v2\/comments?post=25664"}],"version-history":[{"count":3,"href":"https:\/\/niryo.com\/de\/wp-json\/wp\/v2\/pages\/25664\/revisions"}],"predecessor-version":[{"id":39909,"href":"https:\/\/niryo.com\/de\/wp-json\/wp\/v2\/pages\/25664\/revisions\/39909"}],"up":[{"embeddable":true,"href":"https:\/\/niryo.com\/de\/wp-json\/wp\/v2\/pages\/25592"}],"wp:attachment":[{"href":"https:\/\/niryo.com\/de\/wp-json\/wp\/v2\/media?parent=25664"}],"curies":[{"name":"wp","href":"https:\/\/api.w.org\/{rel}","templated":true}]}}