{"id":25779,"date":"2025-03-30T15:28:52","date_gmt":"2025-03-30T13:28:52","guid":{"rendered":"https:\/\/niryo.com\/fordern-sie-ein-angebot-an-integration\/"},"modified":"2025-05-02T15:43:05","modified_gmt":"2025-05-02T13:43:05","slug":"fordern-sie-ein-angebot-an-integration","status":"publish","type":"page","link":"https:\/\/niryo.com\/de\/fordern-sie-ein-angebot-an-integration\/","title":{"rendered":"Fordern Sie ein Angebot an &#8211; Integration"},"content":{"rendered":"\t\t<div data-elementor-type=\"wp-page\" data-elementor-id=\"25779\" class=\"elementor elementor-25779 elementor-23499\" data-elementor-post-type=\"page\">\n\t\t\t\t<div class=\"elementor-element elementor-element-5a754b9 e-flex e-con-boxed e-con e-parent\" data-id=\"5a754b9\" data-element_type=\"container\" data-e-type=\"container\" data-settings=\"{&quot;background_background&quot;:&quot;classic&quot;}\">\n\t\t\t\t\t<div class=\"e-con-inner\">\n\t\t\t\t<div class=\"elementor-element elementor-element-ac6efa3 elementor-widget elementor-widget-button\" data-id=\"ac6efa3\" data-element_type=\"widget\" data-e-type=\"widget\" data-widget_type=\"button.default\">\n\t\t\t\t<div class=\"elementor-widget-container\">\n\t\t\t\t\t\t\t\t\t<div class=\"elementor-button-wrapper\">\n\t\t\t\t\t<a class=\"elementor-button elementor-size-sm\" role=\"button\">\n\t\t\t\t\t\t<span class=\"elementor-button-content-wrapper\">\n\t\t\t\t\t\t\t\t\t<span class=\"elementor-button-text\">Niryo f\u00fcr die Industrie<\/span>\n\t\t\t\t\t<\/span>\n\t\t\t\t\t<\/a>\n\t\t\t\t<\/div>\n\t\t\t\t\t\t\t\t<\/div>\n\t\t\t\t<\/div>\n\t\t\t\t<div class=\"elementor-element elementor-element-e365352 elementor-widget elementor-widget-heading\" data-id=\"e365352\" data-element_type=\"widget\" data-e-type=\"widget\" data-widget_type=\"heading.default\">\n\t\t\t\t<div class=\"elementor-widget-container\">\n\t\t\t\t\t<h1 class=\"elementor-heading-title elementor-size-default\">Fordern Sie ein Angebot an<\/h1>\t\t\t\t<\/div>\n\t\t\t\t<\/div>\n\t\t\t\t\t<\/div>\n\t\t\t\t<\/div>\n\t\t<div class=\"elementor-element elementor-element-c56df27 e-flex e-con-boxed e-con e-parent\" data-id=\"c56df27\" data-element_type=\"container\" data-e-type=\"container\" data-settings=\"{&quot;background_background&quot;:&quot;classic&quot;}\">\n\t\t\t\t\t<div class=\"e-con-inner\">\n\t\t<div class=\"elementor-element elementor-element-0d30214 e-con-full e-flex e-con e-child\" data-id=\"0d30214\" data-element_type=\"container\" data-e-type=\"container\" data-settings=\"{&quot;background_background&quot;:&quot;classic&quot;}\">\n\t\t<div class=\"elementor-element elementor-element-5041c93 e-con-full e-flex e-con e-child\" data-id=\"5041c93\" data-element_type=\"container\" data-e-type=\"container\" data-settings=\"{&quot;background_background&quot;:&quot;classic&quot;}\">\n\t\t\t\t<div class=\"elementor-element elementor-element-c05eba0 elementor-widget elementor-widget-html\" data-id=\"c05eba0\" data-element_type=\"widget\" data-e-type=\"widget\" data-widget_type=\"html.default\">\n\t\t\t\t<div class=\"elementor-widget-container\">\n\t\t\t\t\t<div id=\"hubspot-form\"><\/div>\r\n<script src=\"https:\/\/js.hsforms.net\/forms\/embed\/v2.js\" defer><\/script>\r\n<script>\r\n    function getVisitorCountry() {\r\n    return fetch('https:\/\/ipinfo.io\/json?token=eda6f9b87bf5e5')\r\n        .then(response => response.json())\r\n        .then(data => {\r\n            console.log(\"Pays d\u00e9tect\u00e9 :\", data.country);\r\n            return data.country;\r\n        })\r\n        .catch(error => {\r\n            console.error('Erreur lors de la r\u00e9cup\u00e9ration du pays:', error);\r\n            return 'default';\r\n        });\r\n}\r\n\r\nfunction loadHubSpotScript(callback) {\r\n    if (window.hbspt) {\r\n        console.log(\"HubSpot d\u00e9j\u00e0 charg\u00e9 !\");\r\n        callback();\r\n        return;\r\n    }\r\n\r\n    console.log(\"Chargement du script HubSpot...\");\r\n    const script = document.createElement(\"script\");\r\n    script.src = \"https:\/\/js.hsforms.net\/forms\/embed\/v2.js\";\r\n    script.defer = true;\r\n    \r\n    script.onload = function () {\r\n        console.log(\"Script HubSpot charg\u00e9 !\");\r\n        callback();\r\n    };\r\n\r\n    document.head.appendChild(script);\r\n}\r\n\r\nfunction loadHubSpotForm(countryCode) {\r\n    const formId = countryCode === 'FR'\r\n        ? '31bdc1ab-a915-41e7-a904-ca0a61f0f9a9'\r\n        : '5570aeb5-460a-4c63-8fce-50694dddfc54';\r\n\r\n    console.log(\"Chargement du formulaire avec ID :\", formId);\r\n\r\n    const formContainer = document.getElementById('hubspot-form');\r\n    if (!formContainer) {\r\n        console.error(\"Le conteneur du formulaire (#hubspot-form) est introuvable !\");\r\n        return;\r\n    }\r\n\r\n    formContainer.innerHTML = ''; \/\/ Supprime le formulaire existant\r\n\r\n    hbspt.forms.create({\r\n        portalId: \"9158560\",\r\n        formId: formId,\r\n        target: \"#hubspot-form\"\r\n    });\r\n}\r\n\r\n\/\/ Ex\u00e9cution en s'assurant que HubSpot est bien charg\u00e9\r\nloadHubSpotScript(() => {\r\n    getVisitorCountry().then(loadHubSpotForm);\r\n});\r\n<\/script>\r\n\t\t\t\t<\/div>\n\t\t\t\t<\/div>\n\t\t\t\t<\/div>\n\t\t\t\t<\/div>\n\t\t<div class=\"elementor-element elementor-element-2e5daad e-con-full e-flex e-con e-child\" data-id=\"2e5daad\" data-element_type=\"container\" data-e-type=\"container\">\n\t\t<div class=\"elementor-element elementor-element-849a2d7 e-con-full e-flex e-con e-child\" data-id=\"849a2d7\" data-element_type=\"container\" data-e-type=\"container\" data-settings=\"{&quot;background_background&quot;:&quot;classic&quot;}\">\n\t\t\t\t<div class=\"elementor-element elementor-element-c038b6d elementor-widget elementor-widget-heading\" data-id=\"c038b6d\" data-element_type=\"widget\" data-e-type=\"widget\" data-widget_type=\"heading.default\">\n\t\t\t\t<div class=\"elementor-widget-container\">\n\t\t\t\t\t<div class=\"elementor-heading-title elementor-size-default\">Lassen Sie uns Ihr Projekt gemeinsam analysieren<\/div>\t\t\t\t<\/div>\n\t\t\t\t<\/div>\n\t\t\t\t<div class=\"elementor-element elementor-element-f945717 elementor-widget-divider--view-line elementor-widget elementor-widget-divider\" data-id=\"f945717\" data-element_type=\"widget\" data-e-type=\"widget\" data-widget_type=\"divider.default\">\n\t\t\t\t<div class=\"elementor-widget-container\">\n\t\t\t\t\t\t\t<div class=\"elementor-divider\">\n\t\t\t<span class=\"elementor-divider-separator\">\n\t\t\t\t\t\t<\/span>\n\t\t<\/div>\n\t\t\t\t\t\t<\/div>\n\t\t\t\t<\/div>\n\t\t<div class=\"elementor-element elementor-element-2f15522 e-flex e-con-boxed e-con e-child\" data-id=\"2f15522\" data-element_type=\"container\" data-e-type=\"container\">\n\t\t\t\t\t<div class=\"e-con-inner\">\n\t\t\t\t<div class=\"elementor-element elementor-element-f23c92f elementor-widget elementor-widget-text-editor\" data-id=\"f23c92f\" data-element_type=\"widget\" data-e-type=\"widget\" data-widget_type=\"text-editor.default\">\n\t\t\t\t<div class=\"elementor-widget-container\">\n\t\t\t\t\t\t\t\t\t<p>Fordern Sie Ihr individuelles Angebot an und besprechen Sie mit unseren Experten die spezifischen Vorteile und den ROI Ihrer Automatisierungsl\u00f6sung.<\/p>\t\t\t\t\t\t\t\t<\/div>\n\t\t\t\t<\/div>\n\t\t\t\t\t<\/div>\n\t\t\t\t<\/div>\n\t\t\t\t<\/div>\n\t\t\t\t<\/div>\n\t\t\t\t\t<\/div>\n\t\t\t\t<\/div>\n\t\t\t\t<\/div>\n\t\t","protected":false},"excerpt":{"rendered":"<p>Niryo f\u00fcr die Industrie Fordern Sie ein Angebot an Lassen Sie uns Ihr Projekt gemeinsam analysieren Fordern Sie Ihr individuelles Angebot an und besprechen Sie mit unseren Experten die spezifischen Vorteile und den ROI Ihrer Automatisierungsl\u00f6sung.<\/p>\n","protected":false},"author":3,"featured_media":0,"parent":0,"menu_order":0,"comment_status":"closed","ping_status":"closed","template":"","meta":{"_acf_changed":false,"content-type":"","footnotes":""},"class_list":["post-25779","page","type-page","status-publish","hentry"],"acf":[],"yoast_head":"<!-- This site is optimized with the Yoast SEO plugin v27.2 - https:\/\/yoast.com\/product\/yoast-seo-wordpress\/ -->\n<title>Fordern Sie ein Angebot an - Integration - Niryo<\/title>\n<meta name=\"robots\" content=\"index, follow, max-snippet:-1, max-image-preview:large, max-video-preview:-1\" \/>\n<link rel=\"canonical\" href=\"https:\/\/niryo.com\/de\/fordern-sie-ein-angebot-an-integration\/\" \/>\n<meta property=\"og:locale\" content=\"de_DE\" \/>\n<meta property=\"og:type\" content=\"article\" \/>\n<meta property=\"og:title\" content=\"Fordern Sie ein Angebot an - Integration - Niryo\" \/>\n<meta property=\"og:description\" content=\"Niryo f\u00fcr die Industrie Fordern Sie ein Angebot an Lassen Sie uns Ihr Projekt gemeinsam analysieren Fordern Sie Ihr individuelles Angebot an und besprechen Sie mit unseren Experten die spezifischen Vorteile und den ROI Ihrer Automatisierungsl\u00f6sung.\" \/>\n<meta property=\"og:url\" content=\"https:\/\/niryo.com\/de\/fordern-sie-ein-angebot-an-integration\/\" \/>\n<meta property=\"og:site_name\" content=\"Niryo\" \/>\n<meta property=\"article:modified_time\" content=\"2025-05-02T13:43:05+00:00\" \/>\n<meta name=\"twitter:card\" content=\"summary_large_image\" \/>\n<script type=\"application\/ld+json\" class=\"yoast-schema-graph\">{\"@context\":\"https:\/\/schema.org\",\"@graph\":[{\"@type\":\"WebPage\",\"@id\":\"https:\/\/niryo.com\/de\/fordern-sie-ein-angebot-an-integration\/\",\"url\":\"https:\/\/niryo.com\/de\/fordern-sie-ein-angebot-an-integration\/\",\"name\":\"Fordern Sie ein Angebot an - Integration - Niryo\",\"isPartOf\":{\"@id\":\"https:\/\/niryo.com\/de\/#website\"},\"datePublished\":\"2025-03-30T13:28:52+00:00\",\"dateModified\":\"2025-05-02T13:43:05+00:00\",\"breadcrumb\":{\"@id\":\"https:\/\/niryo.com\/de\/fordern-sie-ein-angebot-an-integration\/#breadcrumb\"},\"inLanguage\":\"de\",\"potentialAction\":[{\"@type\":\"ReadAction\",\"target\":[\"https:\/\/niryo.com\/de\/fordern-sie-ein-angebot-an-integration\/\"]}]},{\"@type\":\"BreadcrumbList\",\"@id\":\"https:\/\/niryo.com\/de\/fordern-sie-ein-angebot-an-integration\/#breadcrumb\",\"itemListElement\":[{\"@type\":\"ListItem\",\"position\":1,\"name\":\"Home\",\"item\":\"https:\/\/niryo.com\/de\/\"},{\"@type\":\"ListItem\",\"position\":2,\"name\":\"Fordern Sie ein Angebot an &#8211; Integration\"}]},{\"@type\":\"WebSite\",\"@id\":\"https:\/\/niryo.com\/de\/#website\",\"url\":\"https:\/\/niryo.com\/de\/\",\"name\":\"Niryo\",\"description\":\"Robotics designed for what matters\",\"publisher\":{\"@id\":\"https:\/\/niryo.com\/de\/#organization\"},\"potentialAction\":[{\"@type\":\"SearchAction\",\"target\":{\"@type\":\"EntryPoint\",\"urlTemplate\":\"https:\/\/niryo.com\/de\/?s={search_term_string}\"},\"query-input\":{\"@type\":\"PropertyValueSpecification\",\"valueRequired\":true,\"valueName\":\"search_term_string\"}}],\"inLanguage\":\"de\"},{\"@type\":\"Organization\",\"@id\":\"https:\/\/niryo.com\/de\/#organization\",\"name\":\"Niryo\",\"url\":\"https:\/\/niryo.com\/de\/\",\"logo\":{\"@type\":\"ImageObject\",\"inLanguage\":\"de\",\"@id\":\"https:\/\/niryo.com\/de\/#\/schema\/logo\/image\/\",\"url\":\"https:\/\/niryo.com\/wp-content\/uploads\/2026\/02\/Favicon-Niryo.svg\",\"contentUrl\":\"https:\/\/niryo.com\/wp-content\/uploads\/2026\/02\/Favicon-Niryo.svg\",\"width\":512,\"height\":512,\"caption\":\"Niryo\"},\"image\":{\"@id\":\"https:\/\/niryo.com\/de\/#\/schema\/logo\/image\/\"},\"sameAs\":[\"https:\/\/www.linkedin.com\/company\/10970402\/admin\/feed\/posts\/\",\"https:\/\/www.tiktok.com\/@niryo_robotics\",\"https:\/\/www.instagram.com\/niryo_robotics\/\",\"https:\/\/discord.com\/invite\/EqpPYTf9FJ\"]}]}<\/script>\n<!-- \/ Yoast SEO plugin. -->","yoast_head_json":{"title":"Fordern Sie ein Angebot an - Integration - Niryo","robots":{"index":"index","follow":"follow","max-snippet":"max-snippet:-1","max-image-preview":"max-image-preview:large","max-video-preview":"max-video-preview:-1"},"canonical":"https:\/\/niryo.com\/de\/fordern-sie-ein-angebot-an-integration\/","og_locale":"de_DE","og_type":"article","og_title":"Fordern Sie ein Angebot an - Integration - Niryo","og_description":"Niryo f\u00fcr die Industrie Fordern Sie ein Angebot an Lassen Sie uns Ihr Projekt gemeinsam analysieren Fordern Sie Ihr individuelles Angebot an und besprechen Sie mit unseren Experten die spezifischen Vorteile und den ROI Ihrer Automatisierungsl\u00f6sung.","og_url":"https:\/\/niryo.com\/de\/fordern-sie-ein-angebot-an-integration\/","og_site_name":"Niryo","article_modified_time":"2025-05-02T13:43:05+00:00","twitter_card":"summary_large_image","schema":{"@context":"https:\/\/schema.org","@graph":[{"@type":"WebPage","@id":"https:\/\/niryo.com\/de\/fordern-sie-ein-angebot-an-integration\/","url":"https:\/\/niryo.com\/de\/fordern-sie-ein-angebot-an-integration\/","name":"Fordern Sie ein Angebot an - Integration - Niryo","isPartOf":{"@id":"https:\/\/niryo.com\/de\/#website"},"datePublished":"2025-03-30T13:28:52+00:00","dateModified":"2025-05-02T13:43:05+00:00","breadcrumb":{"@id":"https:\/\/niryo.com\/de\/fordern-sie-ein-angebot-an-integration\/#breadcrumb"},"inLanguage":"de","potentialAction":[{"@type":"ReadAction","target":["https:\/\/niryo.com\/de\/fordern-sie-ein-angebot-an-integration\/"]}]},{"@type":"BreadcrumbList","@id":"https:\/\/niryo.com\/de\/fordern-sie-ein-angebot-an-integration\/#breadcrumb","itemListElement":[{"@type":"ListItem","position":1,"name":"Home","item":"https:\/\/niryo.com\/de\/"},{"@type":"ListItem","position":2,"name":"Fordern Sie ein Angebot an &#8211; Integration"}]},{"@type":"WebSite","@id":"https:\/\/niryo.com\/de\/#website","url":"https:\/\/niryo.com\/de\/","name":"Niryo","description":"Robotics designed for what matters","publisher":{"@id":"https:\/\/niryo.com\/de\/#organization"},"potentialAction":[{"@type":"SearchAction","target":{"@type":"EntryPoint","urlTemplate":"https:\/\/niryo.com\/de\/?s={search_term_string}"},"query-input":{"@type":"PropertyValueSpecification","valueRequired":true,"valueName":"search_term_string"}}],"inLanguage":"de"},{"@type":"Organization","@id":"https:\/\/niryo.com\/de\/#organization","name":"Niryo","url":"https:\/\/niryo.com\/de\/","logo":{"@type":"ImageObject","inLanguage":"de","@id":"https:\/\/niryo.com\/de\/#\/schema\/logo\/image\/","url":"https:\/\/niryo.com\/wp-content\/uploads\/2026\/02\/Favicon-Niryo.svg","contentUrl":"https:\/\/niryo.com\/wp-content\/uploads\/2026\/02\/Favicon-Niryo.svg","width":512,"height":512,"caption":"Niryo"},"image":{"@id":"https:\/\/niryo.com\/de\/#\/schema\/logo\/image\/"},"sameAs":["https:\/\/www.linkedin.com\/company\/10970402\/admin\/feed\/posts\/","https:\/\/www.tiktok.com\/@niryo_robotics","https:\/\/www.instagram.com\/niryo_robotics\/","https:\/\/discord.com\/invite\/EqpPYTf9FJ"]}]}},"_links":{"self":[{"href":"https:\/\/niryo.com\/de\/wp-json\/wp\/v2\/pages\/25779","targetHints":{"allow":["GET"]}}],"collection":[{"href":"https:\/\/niryo.com\/de\/wp-json\/wp\/v2\/pages"}],"about":[{"href":"https:\/\/niryo.com\/de\/wp-json\/wp\/v2\/types\/page"}],"author":[{"embeddable":true,"href":"https:\/\/niryo.com\/de\/wp-json\/wp\/v2\/users\/3"}],"replies":[{"embeddable":true,"href":"https:\/\/niryo.com\/de\/wp-json\/wp\/v2\/comments?post=25779"}],"version-history":[{"count":0,"href":"https:\/\/niryo.com\/de\/wp-json\/wp\/v2\/pages\/25779\/revisions"}],"wp:attachment":[{"href":"https:\/\/niryo.com\/de\/wp-json\/wp\/v2\/media?parent=25779"}],"curies":[{"name":"wp","href":"https:\/\/api.w.org\/{rel}","templated":true}]}}