{"id":25785,"date":"2025-04-01T17:36:12","date_gmt":"2025-04-01T15:36:12","guid":{"rendered":"https:\/\/niryo.com\/fordern-sie-ein-angebot-an-bildung\/"},"modified":"2025-08-27T16:25:55","modified_gmt":"2025-08-27T14:25:55","slug":"fordern-sie-ein-angebot-an-bildung","status":"publish","type":"page","link":"https:\/\/niryo.com\/de\/fordern-sie-ein-angebot-an-bildung\/","title":{"rendered":"Fordern Sie ein Angebot an &#8211; Bildung"},"content":{"rendered":"\t\t<div data-elementor-type=\"wp-page\" data-elementor-id=\"25785\" class=\"elementor elementor-25785 elementor-24266\" data-elementor-post-type=\"page\">\n\t\t\t\t<div class=\"elementor-element elementor-element-5a754b9 e-flex e-con-boxed e-con e-parent\" data-id=\"5a754b9\" data-element_type=\"container\" data-e-type=\"container\" data-settings=\"{&quot;background_background&quot;:&quot;classic&quot;}\">\n\t\t\t\t\t<div class=\"e-con-inner\">\n\t\t\t\t<div class=\"elementor-element elementor-element-ac6efa3 elementor-widget elementor-widget-button\" data-id=\"ac6efa3\" data-element_type=\"widget\" data-e-type=\"widget\" data-widget_type=\"button.default\">\n\t\t\t\t<div class=\"elementor-widget-container\">\n\t\t\t\t\t\t\t\t\t<div class=\"elementor-button-wrapper\">\n\t\t\t\t\t<a class=\"elementor-button elementor-size-sm\" role=\"button\">\n\t\t\t\t\t\t<span class=\"elementor-button-content-wrapper\">\n\t\t\t\t\t\t\t\t\t<span class=\"elementor-button-text\">NIRYO F\u00dcR DEN BILDUNGSSEKTOR<\/span>\n\t\t\t\t\t<\/span>\n\t\t\t\t\t<\/a>\n\t\t\t\t<\/div>\n\t\t\t\t\t\t\t\t<\/div>\n\t\t\t\t<\/div>\n\t\t\t\t<div class=\"elementor-element elementor-element-e365352 elementor-widget elementor-widget-heading\" data-id=\"e365352\" data-element_type=\"widget\" data-e-type=\"widget\" data-widget_type=\"heading.default\">\n\t\t\t\t<div class=\"elementor-widget-container\">\n\t\t\t\t\t<h1 class=\"elementor-heading-title elementor-size-default\">Fordern Sie ein Angebot an<\/h1>\t\t\t\t<\/div>\n\t\t\t\t<\/div>\n\t\t\t\t\t<\/div>\n\t\t\t\t<\/div>\n\t\t<div class=\"elementor-element elementor-element-c56df27 e-flex e-con-boxed e-con e-parent\" data-id=\"c56df27\" data-element_type=\"container\" data-e-type=\"container\" data-settings=\"{&quot;background_background&quot;:&quot;classic&quot;}\">\n\t\t\t\t\t<div class=\"e-con-inner\">\n\t\t<div class=\"elementor-element elementor-element-0d30214 e-con-full e-flex e-con e-child\" data-id=\"0d30214\" data-element_type=\"container\" data-e-type=\"container\" data-settings=\"{&quot;background_background&quot;:&quot;classic&quot;}\">\n\t\t<div class=\"elementor-element elementor-element-5041c93 e-con-full e-flex e-con e-child\" data-id=\"5041c93\" data-element_type=\"container\" data-e-type=\"container\" data-settings=\"{&quot;background_background&quot;:&quot;classic&quot;}\">\n\t\t\t\t<div class=\"elementor-element elementor-element-f2814d1 elementor-widget elementor-widget-html\" data-id=\"f2814d1\" data-element_type=\"widget\" data-e-type=\"widget\" data-widget_type=\"html.default\">\n\t\t\t\t<div class=\"elementor-widget-container\">\n\t\t\t\t\t<div id=\"hubspot-container\"><\/div>\r\n<script>\r\n\/\/ ====== CONFIG LIENS HUBSPOT ======\r\nconst HUBSPOT_FORMS = {\r\n  AGATHE_FR: \"https:\/\/meetings.hubspot.com\/agathe-nerot\/prisedecontact?embed=true\", \/\/ FR\r\n  AGATHE_EN: \"https:\/\/meetings.hubspot.com\/agathe-nerot?embed=true\",                 \/\/ EN\r\n  PAUL:      \"https:\/\/meetings.hubspot.com\/paul-baronnat?embed=true\",\r\n  SEBASTIEN: \"https:\/\/meetings.hubspot.com\/sebastien-landart?embed=true\"\r\n};\r\n\r\n\/\/ ====== LISTES PAYS (ISO 3166-1 alpha-2) ======\r\n\r\n\/\/ Europe \"large\" (UE\/EEE + voisins fr\u00e9quents) \u2014 FR sera g\u00e9r\u00e9e \u00e0 part.\r\nconst EUROPE = [\r\n  \"AL\",\"AD\",\"AT\",\"BA\",\"BE\",\"BG\",\"BY\",\"CH\",\"CY\",\"CZ\",\"DE\",\"DK\",\"EE\",\"ES\",\"FI\",\"FR\",\"GB\",\"GG\",\"GI\",\"GR\",\r\n  \"HR\",\"HU\",\"IE\",\"IM\",\"IS\",\"IT\",\"JE\",\"LI\",\"LT\",\"LU\",\"LV\",\"MC\",\"MD\",\"ME\",\"MK\",\"MT\",\"NL\",\"NO\",\"PL\",\"PT\",\r\n  \"RO\",\"RS\",\"RU\",\"SE\",\"SI\",\"SK\",\"SM\",\"UA\",\"VA\",\"XK\",\"AM\",\"AZ\",\"GE\",\"TR\"\r\n];\r\n\r\n\/\/ Pays europ\u00e9ens riverains de la M\u00e9diterran\u00e9e (\u00e0 EXCLURE du segment \"Agathe EN\")\r\nconst MEDITERRANEAN_EUROPE = [\r\n  \"ES\",\"FR\",\"MC\",\"IT\",\"MT\",\"SI\",\"HR\",\"BA\",\"ME\",\"AL\",\"GR\",\"CY\",\"TR\"\r\n];\r\n\r\n\/\/ Royaume-Uni + d\u00e9pendances courantes\r\nconst UK_AND_DEPS = [\"GB\",\"IM\",\"JE\",\"GG\",\"GI\"];\r\n\r\n\/\/ Am\u00e9riques (Nord + Centrale + Sud + Cara\u00efbes)\r\nconst AMERICAS = [\r\n  \/\/ Nord\r\n  \"US\",\"CA\",\"MX\",\r\n  \/\/ Am\u00e9rique centrale\r\n  \"BZ\",\"CR\",\"SV\",\"GT\",\"HN\",\"NI\",\"PA\",\r\n  \/\/ Cara\u00efbes\r\n  \"AG\",\"AI\",\"AW\",\"BB\",\"BS\",\"BQ\",\"CU\",\"CW\",\"DM\",\"DO\",\"GD\",\"GP\",\"HT\",\"JM\",\"KN\",\"KY\",\"LC\",\"MF\",\"MQ\",\"MS\",\r\n  \"PR\",\"SX\",\"TC\",\"TT\",\"VC\",\"VG\",\"VI\",\r\n  \/\/ Am\u00e9rique du Sud\r\n  \"AR\",\"BO\",\"BR\",\"CL\",\"CO\",\"EC\",\"GF\",\"GY\",\"PE\",\"PY\",\"SR\",\"UY\",\"VE\"\r\n];\r\n\r\n\/\/ ====== HELPERS SEGMENTS ======\r\nconst isIn = (cc, list) => list.includes(cc);\r\n\r\nfunction isEuropeNonMedPlusUK(cc) {\r\n  \/\/ Europe (hors pays m\u00e9diterran\u00e9ens + hors FR + hors CZ) + UK\/d\u00e9pendances\r\n  return (\r\n    cc !== \"FR\" &&\r\n    cc !== \"CZ\" && \/\/ <== Correction : la Tch\u00e9quie va \u00e0 S\u00e9bastien\r\n    (\r\n      (isIn(cc, EUROPE) && !isIn(cc, MEDITERRANEAN_EUROPE)) ||\r\n      isIn(cc, UK_AND_DEPS)\r\n    )\r\n  );\r\n}\r\n\r\n\/\/ ====== CHOIX DU FORMULAIRE ======\r\nfunction resolveMeetingUrl(countryCode) {\r\n  if (countryCode === \"FR\") return HUBSPOT_FORMS.AGATHE_FR;\r\n  if (isIn(countryCode, AMERICAS)) return HUBSPOT_FORMS.PAUL;\r\n  if (isEuropeNonMedPlusUK(countryCode)) return HUBSPOT_FORMS.AGATHE_EN;\r\n  return HUBSPOT_FORMS.SEBASTIEN; \/\/ reste du monde\r\n}\r\n\r\n\/\/ ====== GEOIP (ipinfo) ======\r\nfunction getVisitorCountry() {\r\n  return fetch(\"https:\/\/ipinfo.io\/json?token=eda6f9b87bf5e5\")\r\n    .then(r => r.json())\r\n    .then(d => (console.log(\"Pays d\u00e9tect\u00e9 :\", d.country), d.country || \"\"))\r\n    .catch(e => (console.error(\"Erreur ipinfo:\", e), \"\"));\r\n}\r\n\r\n\/\/ ====== RENDU DU WIDGET ======\r\nfunction loadHubSpotForm(countryCode) {\r\n  const code = (countryCode || \"\").toUpperCase();\r\n  const meetingURL = resolveMeetingUrl(code);\r\n\r\n  const container = document.getElementById(\"hubspot-container\");\r\n  if (!container) {\r\n    console.error(\"Le conteneur #hubspot-container est introuvable.\");\r\n    return;\r\n  }\r\n  container.innerHTML = \"\";\r\n\r\n  const meetingsDiv = document.createElement(\"div\");\r\n  meetingsDiv.className = \"meetings-iframe-container\";\r\n  meetingsDiv.setAttribute(\"data-src\", meetingURL);\r\n  container.appendChild(meetingsDiv);\r\n\r\n  \/\/ \u00c9vite d'injecter plusieurs fois le script\r\n  const existing = document.querySelector('script[src*=\"MeetingsEmbedCode.js\"]');\r\n  if (!existing) {\r\n    const script = document.createElement(\"script\");\r\n    script.src = \"https:\/\/static.hsappstatic.net\/MeetingsEmbed\/ex\/MeetingsEmbedCode.js\";\r\n    script.type = \"text\/javascript\";\r\n    document.body.appendChild(script);\r\n  }\r\n\r\n  console.log(`Formulaire charg\u00e9 pour ${code || \"inconnu\"} \u2192 ${meetingURL}`);\r\n}\r\n\r\n\/\/ ====== EX\u00c9CUTION ======\r\ngetVisitorCountry().then(loadHubSpotForm);\r\n<\/script>\r\n\t\t\t\t<\/div>\n\t\t\t\t<\/div>\n\t\t\t\t<\/div>\n\t\t\t\t<\/div>\n\t\t<div class=\"elementor-element elementor-element-2e5daad e-con-full e-flex e-con e-child\" data-id=\"2e5daad\" data-element_type=\"container\" data-e-type=\"container\">\n\t\t\t\t<\/div>\n\t\t\t\t\t<\/div>\n\t\t\t\t<\/div>\n\t\t\t\t<\/div>\n\t\t","protected":false},"excerpt":{"rendered":"<p>NIRYO F\u00dcR DEN BILDUNGSSEKTOR Fordern Sie ein Angebot an<\/p>\n","protected":false},"author":3,"featured_media":0,"parent":0,"menu_order":0,"comment_status":"closed","ping_status":"closed","template":"","meta":{"_acf_changed":false,"content-type":"","footnotes":""},"class_list":["post-25785","page","type-page","status-publish","hentry"],"acf":[],"yoast_head":"<!-- This site is optimized with the Yoast SEO plugin v27.2 - https:\/\/yoast.com\/product\/yoast-seo-wordpress\/ -->\n<title>Fordern Sie ein Angebot an - Bildung - Niryo<\/title>\n<meta name=\"robots\" content=\"index, follow, max-snippet:-1, max-image-preview:large, max-video-preview:-1\" \/>\n<link rel=\"canonical\" href=\"https:\/\/niryo.com\/de\/fordern-sie-ein-angebot-an-bildung\/\" \/>\n<meta property=\"og:locale\" content=\"de_DE\" \/>\n<meta property=\"og:type\" content=\"article\" \/>\n<meta property=\"og:title\" content=\"Fordern Sie ein Angebot an - Bildung - Niryo\" \/>\n<meta property=\"og:description\" content=\"NIRYO F\u00dcR DEN BILDUNGSSEKTOR Fordern Sie ein Angebot an\" \/>\n<meta property=\"og:url\" content=\"https:\/\/niryo.com\/de\/fordern-sie-ein-angebot-an-bildung\/\" \/>\n<meta property=\"og:site_name\" content=\"Niryo\" \/>\n<meta property=\"article:modified_time\" content=\"2025-08-27T14:25:55+00:00\" \/>\n<meta name=\"twitter:card\" content=\"summary_large_image\" \/>\n<meta name=\"twitter:label1\" content=\"Gesch\u00e4tzte Lesezeit\" \/>\n\t<meta name=\"twitter:data1\" content=\"1\u00a0Minute\" \/>\n<script type=\"application\/ld+json\" class=\"yoast-schema-graph\">{\"@context\":\"https:\/\/schema.org\",\"@graph\":[{\"@type\":\"WebPage\",\"@id\":\"https:\/\/niryo.com\/de\/fordern-sie-ein-angebot-an-bildung\/\",\"url\":\"https:\/\/niryo.com\/de\/fordern-sie-ein-angebot-an-bildung\/\",\"name\":\"Fordern Sie ein Angebot an - Bildung - Niryo\",\"isPartOf\":{\"@id\":\"https:\/\/niryo.com\/de\/#website\"},\"datePublished\":\"2025-04-01T15:36:12+00:00\",\"dateModified\":\"2025-08-27T14:25:55+00:00\",\"breadcrumb\":{\"@id\":\"https:\/\/niryo.com\/de\/fordern-sie-ein-angebot-an-bildung\/#breadcrumb\"},\"inLanguage\":\"de\",\"potentialAction\":[{\"@type\":\"ReadAction\",\"target\":[\"https:\/\/niryo.com\/de\/fordern-sie-ein-angebot-an-bildung\/\"]}]},{\"@type\":\"BreadcrumbList\",\"@id\":\"https:\/\/niryo.com\/de\/fordern-sie-ein-angebot-an-bildung\/#breadcrumb\",\"itemListElement\":[{\"@type\":\"ListItem\",\"position\":1,\"name\":\"Home\",\"item\":\"https:\/\/niryo.com\/de\/\"},{\"@type\":\"ListItem\",\"position\":2,\"name\":\"Fordern Sie ein Angebot an &#8211; Bildung\"}]},{\"@type\":\"WebSite\",\"@id\":\"https:\/\/niryo.com\/de\/#website\",\"url\":\"https:\/\/niryo.com\/de\/\",\"name\":\"Niryo\",\"description\":\"Robotics designed for what matters\",\"publisher\":{\"@id\":\"https:\/\/niryo.com\/de\/#organization\"},\"potentialAction\":[{\"@type\":\"SearchAction\",\"target\":{\"@type\":\"EntryPoint\",\"urlTemplate\":\"https:\/\/niryo.com\/de\/?s={search_term_string}\"},\"query-input\":{\"@type\":\"PropertyValueSpecification\",\"valueRequired\":true,\"valueName\":\"search_term_string\"}}],\"inLanguage\":\"de\"},{\"@type\":\"Organization\",\"@id\":\"https:\/\/niryo.com\/de\/#organization\",\"name\":\"Niryo\",\"url\":\"https:\/\/niryo.com\/de\/\",\"logo\":{\"@type\":\"ImageObject\",\"inLanguage\":\"de\",\"@id\":\"https:\/\/niryo.com\/de\/#\/schema\/logo\/image\/\",\"url\":\"https:\/\/niryo.com\/wp-content\/uploads\/2026\/02\/Favicon-Niryo.svg\",\"contentUrl\":\"https:\/\/niryo.com\/wp-content\/uploads\/2026\/02\/Favicon-Niryo.svg\",\"width\":512,\"height\":512,\"caption\":\"Niryo\"},\"image\":{\"@id\":\"https:\/\/niryo.com\/de\/#\/schema\/logo\/image\/\"},\"sameAs\":[\"https:\/\/www.linkedin.com\/company\/10970402\/admin\/feed\/posts\/\",\"https:\/\/www.tiktok.com\/@niryo_robotics\",\"https:\/\/www.instagram.com\/niryo_robotics\/\",\"https:\/\/discord.com\/invite\/EqpPYTf9FJ\"]}]}<\/script>\n<!-- \/ Yoast SEO plugin. -->","yoast_head_json":{"title":"Fordern Sie ein Angebot an - Bildung - Niryo","robots":{"index":"index","follow":"follow","max-snippet":"max-snippet:-1","max-image-preview":"max-image-preview:large","max-video-preview":"max-video-preview:-1"},"canonical":"https:\/\/niryo.com\/de\/fordern-sie-ein-angebot-an-bildung\/","og_locale":"de_DE","og_type":"article","og_title":"Fordern Sie ein Angebot an - Bildung - Niryo","og_description":"NIRYO F\u00dcR DEN BILDUNGSSEKTOR Fordern Sie ein Angebot an","og_url":"https:\/\/niryo.com\/de\/fordern-sie-ein-angebot-an-bildung\/","og_site_name":"Niryo","article_modified_time":"2025-08-27T14:25:55+00:00","twitter_card":"summary_large_image","twitter_misc":{"Gesch\u00e4tzte Lesezeit":"1\u00a0Minute"},"schema":{"@context":"https:\/\/schema.org","@graph":[{"@type":"WebPage","@id":"https:\/\/niryo.com\/de\/fordern-sie-ein-angebot-an-bildung\/","url":"https:\/\/niryo.com\/de\/fordern-sie-ein-angebot-an-bildung\/","name":"Fordern Sie ein Angebot an - Bildung - Niryo","isPartOf":{"@id":"https:\/\/niryo.com\/de\/#website"},"datePublished":"2025-04-01T15:36:12+00:00","dateModified":"2025-08-27T14:25:55+00:00","breadcrumb":{"@id":"https:\/\/niryo.com\/de\/fordern-sie-ein-angebot-an-bildung\/#breadcrumb"},"inLanguage":"de","potentialAction":[{"@type":"ReadAction","target":["https:\/\/niryo.com\/de\/fordern-sie-ein-angebot-an-bildung\/"]}]},{"@type":"BreadcrumbList","@id":"https:\/\/niryo.com\/de\/fordern-sie-ein-angebot-an-bildung\/#breadcrumb","itemListElement":[{"@type":"ListItem","position":1,"name":"Home","item":"https:\/\/niryo.com\/de\/"},{"@type":"ListItem","position":2,"name":"Fordern Sie ein Angebot an &#8211; Bildung"}]},{"@type":"WebSite","@id":"https:\/\/niryo.com\/de\/#website","url":"https:\/\/niryo.com\/de\/","name":"Niryo","description":"Robotics designed for what matters","publisher":{"@id":"https:\/\/niryo.com\/de\/#organization"},"potentialAction":[{"@type":"SearchAction","target":{"@type":"EntryPoint","urlTemplate":"https:\/\/niryo.com\/de\/?s={search_term_string}"},"query-input":{"@type":"PropertyValueSpecification","valueRequired":true,"valueName":"search_term_string"}}],"inLanguage":"de"},{"@type":"Organization","@id":"https:\/\/niryo.com\/de\/#organization","name":"Niryo","url":"https:\/\/niryo.com\/de\/","logo":{"@type":"ImageObject","inLanguage":"de","@id":"https:\/\/niryo.com\/de\/#\/schema\/logo\/image\/","url":"https:\/\/niryo.com\/wp-content\/uploads\/2026\/02\/Favicon-Niryo.svg","contentUrl":"https:\/\/niryo.com\/wp-content\/uploads\/2026\/02\/Favicon-Niryo.svg","width":512,"height":512,"caption":"Niryo"},"image":{"@id":"https:\/\/niryo.com\/de\/#\/schema\/logo\/image\/"},"sameAs":["https:\/\/www.linkedin.com\/company\/10970402\/admin\/feed\/posts\/","https:\/\/www.tiktok.com\/@niryo_robotics","https:\/\/www.instagram.com\/niryo_robotics\/","https:\/\/discord.com\/invite\/EqpPYTf9FJ"]}]}},"_links":{"self":[{"href":"https:\/\/niryo.com\/de\/wp-json\/wp\/v2\/pages\/25785","targetHints":{"allow":["GET"]}}],"collection":[{"href":"https:\/\/niryo.com\/de\/wp-json\/wp\/v2\/pages"}],"about":[{"href":"https:\/\/niryo.com\/de\/wp-json\/wp\/v2\/types\/page"}],"author":[{"embeddable":true,"href":"https:\/\/niryo.com\/de\/wp-json\/wp\/v2\/users\/3"}],"replies":[{"embeddable":true,"href":"https:\/\/niryo.com\/de\/wp-json\/wp\/v2\/comments?post=25785"}],"version-history":[{"count":0,"href":"https:\/\/niryo.com\/de\/wp-json\/wp\/v2\/pages\/25785\/revisions"}],"wp:attachment":[{"href":"https:\/\/niryo.com\/de\/wp-json\/wp\/v2\/media?parent=25785"}],"curies":[{"name":"wp","href":"https:\/\/api.w.org\/{rel}","templated":true}]}}