{"id":26036,"date":"2025-03-18T17:53:22","date_gmt":"2025-03-18T16:53:22","guid":{"rendered":"https:\/\/niryo.com\/niryo-fuer-den-bildungssektor\/niryo-erfolg-fuer-bildung\/"},"modified":"2025-05-07T09:32:34","modified_gmt":"2025-05-07T07:32:34","slug":"niryo-erfolg-fuer-bildung","status":"publish","type":"page","link":"https:\/\/niryo.com\/de\/niryo-fuer-den-bildungssektor\/niryo-erfolg-fuer-bildung\/","title":{"rendered":"Niryo Erfolg f\u00fcr Bildung"},"content":{"rendered":"\t\t<div data-elementor-type=\"wp-page\" data-elementor-id=\"26036\" class=\"elementor elementor-26036 elementor-20931\" data-elementor-post-type=\"page\">\n\t\t\t\t<div class=\"elementor-element elementor-element-9b0fb13 e-flex e-con-boxed e-con e-parent\" data-id=\"9b0fb13\" data-element_type=\"container\" data-e-type=\"container\">\n\t\t\t\t\t<div class=\"e-con-inner\">\n\t\t<div class=\"elementor-element elementor-element-99443f0 e-con-full e-flex e-con e-child\" data-id=\"99443f0\" data-element_type=\"container\" data-e-type=\"container\">\n\t\t\t\t<div class=\"elementor-element elementor-element-97dbaaa elementor-widget elementor-widget-button\" data-id=\"97dbaaa\" data-element_type=\"widget\" data-e-type=\"widget\" data-widget_type=\"button.default\">\n\t\t\t\t<div class=\"elementor-widget-container\">\n\t\t\t\t\t\t\t\t\t<div class=\"elementor-button-wrapper\">\n\t\t\t\t\t<a class=\"elementor-button elementor-size-sm\" role=\"button\">\n\t\t\t\t\t\t<span class=\"elementor-button-content-wrapper\">\n\t\t\t\t\t\t\t\t\t<span class=\"elementor-button-text\">NIRYO F\u00dcR DEN BILDUNGSSEKTOR<\/span>\n\t\t\t\t\t<\/span>\n\t\t\t\t\t<\/a>\n\t\t\t\t<\/div>\n\t\t\t\t\t\t\t\t<\/div>\n\t\t\t\t<\/div>\n\t\t\t\t<div class=\"elementor-element elementor-element-80a354d elementor-widget elementor-widget-heading\" data-id=\"80a354d\" data-element_type=\"widget\" data-e-type=\"widget\" data-widget_type=\"heading.default\">\n\t\t\t\t<div class=\"elementor-widget-container\">\n\t\t\t\t\t<h1 class=\"elementor-heading-title elementor-size-default\">Niryo Succes<br>f\u00fcr den Bildungssektor<\/h1>\t\t\t\t<\/div>\n\t\t\t\t<\/div>\n\t\t\t\t<div class=\"elementor-element elementor-element-982a227 elementor-widget elementor-widget-text-editor\" data-id=\"982a227\" data-element_type=\"widget\" data-e-type=\"widget\" data-widget_type=\"text-editor.default\">\n\t\t\t\t<div class=\"elementor-widget-container\">\n\t\t\t\t\t\t\t\t\tUnser Team begleitet Sie von der ersten Inbetriebnahme Ihres Roboters bis zu seinem Einsatz, damit Sie Ihre Lernziele erreichen k\u00f6nnen. \u2028Ihr Erfolg und der Erfolg Ihrer Sch\u00fcler ist unsere Priorit\u00e4t. \t\t\t\t\t\t\t\t<\/div>\n\t\t\t\t<\/div>\n\t\t\t\t<\/div>\n\t\t<div class=\"elementor-element elementor-element-6d74b92 e-con-full e-flex e-con e-child\" data-id=\"6d74b92\" data-element_type=\"container\" data-e-type=\"container\" data-settings=\"{&quot;background_background&quot;:&quot;classic&quot;}\">\n\t\t\t\t<div class=\"elementor-element elementor-element-918b2d4 elementor-widget elementor-widget-image\" data-id=\"918b2d4\" data-element_type=\"widget\" data-e-type=\"widget\" data-widget_type=\"image.default\">\n\t\t\t\t<div class=\"elementor-widget-container\">\n\t\t\t\t\t\t\t\t\t\t\t\t\t\t\t<img loading=\"lazy\" decoding=\"async\" width=\"541\" height=\"523\" src=\"https:\/\/niryo.com\/wp-content\/uploads\/2025\/03\/niryo-success-industry.png\" class=\"attachment-full size-full wp-image-25665\" alt=\"\" \/>\t\t\t\t\t\t\t\t\t\t\t\t\t\t\t<\/div>\n\t\t\t\t<\/div>\n\t\t\t\t<\/div>\n\t\t\t\t\t<\/div>\n\t\t\t\t<\/div>\n\t\t<div class=\"elementor-element elementor-element-412161f e-flex e-con-boxed e-con e-parent\" data-id=\"412161f\" data-element_type=\"container\" data-e-type=\"container\">\n\t\t\t\t\t<div class=\"e-con-inner\">\n\t\t<div class=\"elementor-element elementor-element-2ed7c3a e-con-full e-flex e-con e-child\" data-id=\"2ed7c3a\" data-element_type=\"container\" data-e-type=\"container\">\n\t\t\t\t<div class=\"elementor-element elementor-element-e857ac0 elementor-widget elementor-widget-heading\" data-id=\"e857ac0\" data-element_type=\"widget\" data-e-type=\"widget\" data-widget_type=\"heading.default\">\n\t\t\t\t<div class=\"elementor-widget-container\">\n\t\t\t\t\t<span class=\"elementor-heading-title elementor-size-default\">IM LIEFERUMFANG IHRES ROBOTERS ENTHALTEN<\/span>\t\t\t\t<\/div>\n\t\t\t\t<\/div>\n\t\t\t\t<div class=\"elementor-element elementor-element-d72e51f elementor-widget elementor-widget-heading\" data-id=\"d72e51f\" data-element_type=\"widget\" data-e-type=\"widget\" data-widget_type=\"heading.default\">\n\t\t\t\t<div class=\"elementor-widget-container\">\n\t\t\t\t\t<h2 class=\"elementor-heading-title elementor-size-default\">F\u00fcr eine effiziente Implementierung und Nutzung<\/h2>\t\t\t\t<\/div>\n\t\t\t\t<\/div>\n\t\t\t\t<div class=\"elementor-element elementor-element-dcf526f elementor-widget elementor-widget-text-editor\" data-id=\"dcf526f\" data-element_type=\"widget\" data-e-type=\"widget\" data-widget_type=\"text-editor.default\">\n\t\t\t\t<div class=\"elementor-widget-container\">\n\t\t\t\t\t\t\t\t\tUnser engagiertes Team unterst\u00fctzt bei der unkomplizierten Implementierung der Roboter, damit diese einfach und sicher von den Lernenden verwendet werden k\u00f6nnen\t\t\t\t\t\t\t\t<\/div>\n\t\t\t\t<\/div>\n\t\t\t\t<div class=\"elementor-element elementor-element-0036055 elementor-widget elementor-widget-niryo_vertical_steps_v2\" data-id=\"0036055\" data-element_type=\"widget\" data-e-type=\"widget\" data-widget_type=\"niryo_vertical_steps_v2.default\">\n\t\t\t\t<div class=\"elementor-widget-container\">\n\t\t\t\t\t\t\t<div class=\"niryo-elementor-vertical-steps\">\n\n            \n                <div class=\"step\">\n\n                    \n                        <div class=\"title\">\n                            Fernschulung                        <\/div>\n\n                    \n                    \n                        <div class=\"text\">\n                            <p>Eine Videokonferenz mit unserem CSM-Team, um Sie bei der Installation Ihres Roboters zu begleiten und Ihnen die wichtigsten Funktionen vorzustellen<\/p>                        <\/div>\n\n                    \n                    \n                <\/div>\n\n            \n                <div class=\"step\">\n\n                    \n                        <div class=\"title\">\n                            Regelm\u00e4\u00dfige Follow-ups                        <\/div>\n\n                    \n                    \n                        <div class=\"text\">\n                            <p>Unser Team steht Ihnen jederzeit zur Seite, um sicherzustellen, dass Sie und Ihre Sch\u00fcler die bestm\u00f6gliche Erfahrung mit den Niryo-L\u00f6sungen machen.<\/p>                        <\/div>\n\n                    \n                    \n                <\/div>\n\n            \n                <div class=\"step\">\n\n                    \n                        <div class=\"title\">\n                            Eine einzigartige Ressourcenplattform                        <\/div>\n\n                    \n                    \n                        <div class=\"text\">\n                            <p>Unsere Plattform NiryoAcademy bietet Ihnen Zugang zu schl\u00fcsselfertigen Inhalten, die Ihnen bei der optimalen Bedienung ihres Roboters helfen.<\/p>                        <\/div>\n\n                    \n                    \n                        <a href=\"https:\/\/academy.niryo.com\/\" target=\"_blank\" class=\"link\">\n\t\t\t\t\t\t\tNiryoAcademy entdecken\t\t\t\t\t\t\t<svg width=\"28\" height=\"28\" viewBox=\"0 0 28 28\" fill=\"none\" xmlns=\"http:\/\/www.w3.org\/2000\/svg\"><path d=\"M10.5 7L17.5 14L10.5 21\" stroke=\"#1865FF\" stroke-width=\"1.5\" stroke-linecap=\"round\" stroke-linejoin=\"round\"\/><\/svg>\n\t\t\t\t\t\t<\/a>\n\n                    \n                <\/div>\n\n            \n                <div class=\"step\">\n\n                    \n                        <div class=\"title\">\n                            Hilfe bei der Nutzung                         <\/div>\n\n                    \n                    \n                        <div class=\"text\">\n                            <p>Haben Sie eine Frage zur Nutzung Ihrer Roboter? Unsere Teams unterst\u00fctzen Sie dabei, sich mit den Niryo-Ressourcen vertraut zu machen und diese eigenst\u00e4ndig zu nutzen.<\/p>                        <\/div>\n\n                    \n                    \n                <\/div>\n\n            \n\t\t<\/div>\n\n\t\t\t\t\t\t<\/div>\n\t\t\t\t<\/div>\n\t\t\t\t<\/div>\n\t\t<div class=\"elementor-element elementor-element-a82fad0 e-con-full e-flex e-con e-child\" data-id=\"a82fad0\" data-element_type=\"container\" data-e-type=\"container\" data-settings=\"{&quot;background_background&quot;:&quot;classic&quot;}\">\n\t\t\t\t<div class=\"elementor-element elementor-element-3250223 elementor-widget elementor-widget-image\" data-id=\"3250223\" data-element_type=\"widget\" data-e-type=\"widget\" data-settings=\"{&quot;sticky&quot;:&quot;top&quot;,&quot;sticky_on&quot;:[&quot;desktop&quot;,&quot;laptop&quot;,&quot;tablet_extra&quot;,&quot;tablet&quot;,&quot;mobile_extra&quot;],&quot;sticky_offset&quot;:120,&quot;sticky_effects_offset&quot;:20,&quot;sticky_parent&quot;:&quot;yes&quot;,&quot;sticky_anchor_link_offset&quot;:0}\" data-widget_type=\"image.default\">\n\t\t\t\t<div class=\"elementor-widget-container\">\n\t\t\t\t\t\t\t\t\t\t\t\t\t\t\t<img loading=\"lazy\" decoding=\"async\" width=\"768\" height=\"1021\" src=\"https:\/\/niryo.com\/wp-content\/uploads\/2025\/03\/niryo-success-edu-illustation-3.jpg\" class=\"attachment-full size-full wp-image-26039\" alt=\"\" \/>\t\t\t\t\t\t\t\t\t\t\t\t\t\t\t<\/div>\n\t\t\t\t<\/div>\n\t\t\t\t<\/div>\n\t\t\t\t\t<\/div>\n\t\t\t\t<\/div>\n\t\t<div class=\"elementor-element elementor-element-bfa70d9 e-flex e-con-boxed e-con e-parent\" data-id=\"bfa70d9\" data-element_type=\"container\" data-e-type=\"container\">\n\t\t\t\t\t<div class=\"e-con-inner\">\n\t\t<div class=\"elementor-element elementor-element-1705c08 e-con-full e-flex e-con e-child\" data-id=\"1705c08\" data-element_type=\"container\" data-e-type=\"container\">\n\t\t\t\t<div class=\"elementor-element elementor-element-a20c01e elementor-widget elementor-widget-heading\" data-id=\"a20c01e\" data-element_type=\"widget\" data-e-type=\"widget\" data-widget_type=\"heading.default\">\n\t\t\t\t<div class=\"elementor-widget-container\">\n\t\t\t\t\t<span class=\"elementor-heading-title elementor-size-default\">GEHEN SIE EINEN SCHRITT WEITER<\/span>\t\t\t\t<\/div>\n\t\t\t\t<\/div>\n\t\t\t\t<div class=\"elementor-element elementor-element-4b4919e elementor-widget elementor-widget-heading\" data-id=\"4b4919e\" data-element_type=\"widget\" data-e-type=\"widget\" data-widget_type=\"heading.default\">\n\t\t\t\t<div class=\"elementor-widget-container\">\n\t\t\t\t\t<h2 class=\"elementor-heading-title elementor-size-default\"><span class=\"expert-gradient\">Niryo Expert+ <br><\/span>f\u00fcr das Bildungswesen<\/h2>\t\t\t\t<\/div>\n\t\t\t\t<\/div>\n\t\t\t\t<div class=\"elementor-element elementor-element-9af8e59 elementor-widget elementor-widget-heading\" data-id=\"9af8e59\" data-element_type=\"widget\" data-e-type=\"widget\" data-widget_type=\"heading.default\">\n\t\t\t\t<div class=\"elementor-widget-container\">\n\t\t\t\t\t<h3 class=\"elementor-heading-title elementor-size-default\">Ein ma\u00dfgeschneidertes Nutzererlebnis<\/h3>\t\t\t\t<\/div>\n\t\t\t\t<\/div>\n\t\t\t\t<div class=\"elementor-element elementor-element-600dc72 elementor-widget elementor-widget-text-editor\" data-id=\"600dc72\" data-element_type=\"widget\" data-e-type=\"widget\" data-widget_type=\"text-editor.default\">\n\t\t\t\t<div class=\"elementor-widget-container\">\n\t\t\t\t\t\t\t\t\tBen\u00f6tigen Sie eine besondere Unterst\u00fctzung, die genau auf Ihre Unterrichtspl\u00e4ne und Ihren Zeitplan ausgerichtet ist?\t\t\t\t\t\t\t\t<\/div>\n\t\t\t\t<\/div>\n\t\t\t\t<div class=\"elementor-element elementor-element-b875cfc elementor-widget elementor-widget-niryo_vertical_steps_v2\" data-id=\"b875cfc\" data-element_type=\"widget\" data-e-type=\"widget\" data-widget_type=\"niryo_vertical_steps_v2.default\">\n\t\t\t\t<div class=\"elementor-widget-container\">\n\t\t\t\t\t\t\t<div class=\"niryo-elementor-vertical-steps\">\n\n            \n                <div class=\"step\">\n\n                    \n                        <div class=\"title\">\n                            Ma\u00dfgeschneiderte Betreuung                        <\/div>\n\n                    \n                    \n                        <div class=\"text\">\n                            <p>Wir beschleunigen die Einf\u00fchrung Ihres Roboters durch pers\u00f6nlichen Support per E-Mail oder Videokonferenz, der Sie in jedem Schritt Ihres Projekts begleitet.<\/p>                        <\/div>\n\n                    \n                    \n                <\/div>\n\n            \n                <div class=\"step\">\n\n                    \n                        <div class=\"title\">\n                            Beratung bei der technischen Integration                        <\/div>\n\n                    \n                    \n                        <div class=\"text\">\n                            <p>Wir analysieren Ihre Umgebung und beraten Sie mit Blick auf die wichtigsten Peripherieger\u00e4te und das Zubeh\u00f6r f\u00fcr eine optimale Integration.<\/p>                        <\/div>\n\n                    \n                    \n                <\/div>\n\n            \n                <div class=\"step\">\n\n                    \n                        <div class=\"title\">\n                            Expertise in der Roboterprogrammierung                        <\/div>\n\n                    \n                    \n                        <div class=\"text\">\n                            <p>Ein erfahrener Robotik-Experte leitet Sie bei komplexen Herausforderungen an, damit Sie das volle Potenzial Ihres Roboters durch Programmierung aussch\u00f6pfen k\u00f6nnen.<\/p>                        <\/div>\n\n                    \n                    \n                <\/div>\n\n            \n\t\t<\/div>\n\n\t\t\t\t\t\t<\/div>\n\t\t\t\t<\/div>\n\t\t\t\t<div class=\"elementor-element elementor-element-e720b0a elementor-tablet-align-justify elementor-widget elementor-widget-button\" data-id=\"e720b0a\" data-element_type=\"widget\" data-e-type=\"widget\" data-widget_type=\"button.default\">\n\t\t\t\t<div class=\"elementor-widget-container\">\n\t\t\t\t\t\t\t\t\t<div class=\"elementor-button-wrapper\">\n\t\t\t\t\t<a class=\"elementor-button elementor-button-link elementor-size-sm\" href=\"https:\/\/niryo.com\/de\/niryo-fuer-den-bildungssektor\/niryo-expert-fuer-das-bildungswesen\/\">\n\t\t\t\t\t\t<span class=\"elementor-button-content-wrapper\">\n\t\t\t\t\t\t\t\t\t<span class=\"elementor-button-text\">Den Service entdecken<\/span>\n\t\t\t\t\t<\/span>\n\t\t\t\t\t<\/a>\n\t\t\t\t<\/div>\n\t\t\t\t\t\t\t\t<\/div>\n\t\t\t\t<\/div>\n\t\t\t\t<\/div>\n\t\t<div class=\"elementor-element elementor-element-186f682 e-con-full e-flex e-con e-child\" data-id=\"186f682\" data-element_type=\"container\" data-e-type=\"container\" data-settings=\"{&quot;background_background&quot;:&quot;classic&quot;}\">\n\t\t\t\t<div class=\"elementor-element elementor-element-87d8712 elementor-widget elementor-widget-image\" data-id=\"87d8712\" data-element_type=\"widget\" data-e-type=\"widget\" data-settings=\"{&quot;sticky&quot;:&quot;top&quot;,&quot;sticky_on&quot;:[&quot;desktop&quot;,&quot;laptop&quot;,&quot;tablet_extra&quot;,&quot;tablet&quot;,&quot;mobile_extra&quot;],&quot;sticky_offset&quot;:120,&quot;sticky_effects_offset&quot;:20,&quot;sticky_parent&quot;:&quot;yes&quot;,&quot;sticky_anchor_link_offset&quot;:0}\" data-widget_type=\"image.default\">\n\t\t\t\t<div class=\"elementor-widget-container\">\n\t\t\t\t\t\t\t\t\t\t\t\t\t\t\t<img loading=\"lazy\" decoding=\"async\" width=\"760\" height=\"997\" src=\"https:\/\/niryo.com\/wp-content\/uploads\/2025\/03\/niryo-success-edu-illustation-2.jpg\" class=\"attachment-full size-full wp-image-26038\" alt=\"\" \/>\t\t\t\t\t\t\t\t\t\t\t\t\t\t\t<\/div>\n\t\t\t\t<\/div>\n\t\t\t\t<\/div>\n\t\t\t\t\t<\/div>\n\t\t\t\t<\/div>\n\t\t\t\t<\/div>\n\t\t","protected":false},"excerpt":{"rendered":"<p>NIRYO F\u00dcR DEN BILDUNGSSEKTOR Niryo Succesf\u00fcr den Bildungssektor Unser Team begleitet Sie von der ersten Inbetriebnahme Ihres Roboters bis zu seinem Einsatz, damit Sie Ihre Lernziele erreichen k\u00f6nnen. \u2028Ihr Erfolg und der Erfolg Ihrer Sch\u00fcler ist unsere Priorit\u00e4t. IM LIEFERUMFANG IHRES ROBOTERS ENTHALTEN F\u00fcr eine effiziente Implementierung und Nutzung Unser engagiertes Team unterst\u00fctzt bei der [&hellip;]<\/p>\n","protected":false},"author":3,"featured_media":0,"parent":26019,"menu_order":0,"comment_status":"closed","ping_status":"closed","template":"","meta":{"_acf_changed":false,"content-type":"","footnotes":""},"class_list":["post-26036","page","type-page","status-publish","hentry"],"acf":[],"yoast_head":"<!-- This site is optimized with the Yoast SEO plugin v27.2 - https:\/\/yoast.com\/product\/yoast-seo-wordpress\/ -->\n<title>Niryo Erfolg f\u00fcr Bildung - Niryo<\/title>\n<meta name=\"robots\" content=\"index, follow, max-snippet:-1, max-image-preview:large, max-video-preview:-1\" \/>\n<link rel=\"canonical\" href=\"https:\/\/niryo.com\/de\/niryo-fuer-den-bildungssektor\/niryo-erfolg-fuer-bildung\/\" \/>\n<meta property=\"og:locale\" content=\"de_DE\" \/>\n<meta property=\"og:type\" content=\"article\" \/>\n<meta property=\"og:title\" content=\"Niryo Erfolg f\u00fcr Bildung - Niryo\" \/>\n<meta property=\"og:description\" content=\"NIRYO F\u00dcR DEN BILDUNGSSEKTOR Niryo Succesf\u00fcr den Bildungssektor Unser Team begleitet Sie von der ersten Inbetriebnahme Ihres Roboters bis zu seinem Einsatz, damit Sie Ihre Lernziele erreichen k\u00f6nnen. \u2028Ihr Erfolg und der Erfolg Ihrer Sch\u00fcler ist unsere Priorit\u00e4t. IM LIEFERUMFANG IHRES ROBOTERS ENTHALTEN F\u00fcr eine effiziente Implementierung und Nutzung Unser engagiertes Team unterst\u00fctzt bei der [&hellip;]\" \/>\n<meta property=\"og:url\" content=\"https:\/\/niryo.com\/de\/niryo-fuer-den-bildungssektor\/niryo-erfolg-fuer-bildung\/\" \/>\n<meta property=\"og:site_name\" content=\"Niryo\" \/>\n<meta property=\"article:modified_time\" content=\"2025-05-07T07:32:34+00:00\" \/>\n<meta property=\"og:image\" content=\"https:\/\/niryo.com\/wp-content\/uploads\/2025\/03\/niryo-success-industry.png\" \/>\n<meta name=\"twitter:card\" content=\"summary_large_image\" \/>\n<meta name=\"twitter:label1\" content=\"Gesch\u00e4tzte Lesezeit\" \/>\n\t<meta name=\"twitter:data1\" content=\"3\u00a0Minuten\" \/>\n<script type=\"application\/ld+json\" class=\"yoast-schema-graph\">{\"@context\":\"https:\/\/schema.org\",\"@graph\":[{\"@type\":\"WebPage\",\"@id\":\"https:\/\/niryo.com\/de\/niryo-fuer-den-bildungssektor\/niryo-erfolg-fuer-bildung\/\",\"url\":\"https:\/\/niryo.com\/de\/niryo-fuer-den-bildungssektor\/niryo-erfolg-fuer-bildung\/\",\"name\":\"Niryo Erfolg f\u00fcr Bildung - Niryo\",\"isPartOf\":{\"@id\":\"https:\/\/niryo.com\/de\/#website\"},\"primaryImageOfPage\":{\"@id\":\"https:\/\/niryo.com\/de\/niryo-fuer-den-bildungssektor\/niryo-erfolg-fuer-bildung\/#primaryimage\"},\"image\":{\"@id\":\"https:\/\/niryo.com\/de\/niryo-fuer-den-bildungssektor\/niryo-erfolg-fuer-bildung\/#primaryimage\"},\"thumbnailUrl\":\"https:\/\/niryo.com\/wp-content\/uploads\/2025\/03\/niryo-success-industry.png\",\"datePublished\":\"2025-03-18T16:53:22+00:00\",\"dateModified\":\"2025-05-07T07:32:34+00:00\",\"breadcrumb\":{\"@id\":\"https:\/\/niryo.com\/de\/niryo-fuer-den-bildungssektor\/niryo-erfolg-fuer-bildung\/#breadcrumb\"},\"inLanguage\":\"de\",\"potentialAction\":[{\"@type\":\"ReadAction\",\"target\":[\"https:\/\/niryo.com\/de\/niryo-fuer-den-bildungssektor\/niryo-erfolg-fuer-bildung\/\"]}]},{\"@type\":\"ImageObject\",\"inLanguage\":\"de\",\"@id\":\"https:\/\/niryo.com\/de\/niryo-fuer-den-bildungssektor\/niryo-erfolg-fuer-bildung\/#primaryimage\",\"url\":\"https:\/\/niryo.com\/wp-content\/uploads\/2025\/03\/niryo-success-industry.png\",\"contentUrl\":\"https:\/\/niryo.com\/wp-content\/uploads\/2025\/03\/niryo-success-industry.png\"},{\"@type\":\"BreadcrumbList\",\"@id\":\"https:\/\/niryo.com\/de\/niryo-fuer-den-bildungssektor\/niryo-erfolg-fuer-bildung\/#breadcrumb\",\"itemListElement\":[{\"@type\":\"ListItem\",\"position\":1,\"name\":\"Home\",\"item\":\"https:\/\/niryo.com\/de\/\"},{\"@type\":\"ListItem\",\"position\":2,\"name\":\"F\u00fcr den bildungssektor\",\"item\":\"https:\/\/niryo.com\/de\/niryo-fuer-den-bildungssektor\/\"},{\"@type\":\"ListItem\",\"position\":3,\"name\":\"Niryo Erfolg f\u00fcr Bildung\"}]},{\"@type\":\"WebSite\",\"@id\":\"https:\/\/niryo.com\/de\/#website\",\"url\":\"https:\/\/niryo.com\/de\/\",\"name\":\"Niryo\",\"description\":\"Robotics designed for what matters\",\"publisher\":{\"@id\":\"https:\/\/niryo.com\/de\/#organization\"},\"potentialAction\":[{\"@type\":\"SearchAction\",\"target\":{\"@type\":\"EntryPoint\",\"urlTemplate\":\"https:\/\/niryo.com\/de\/?s={search_term_string}\"},\"query-input\":{\"@type\":\"PropertyValueSpecification\",\"valueRequired\":true,\"valueName\":\"search_term_string\"}}],\"inLanguage\":\"de\"},{\"@type\":\"Organization\",\"@id\":\"https:\/\/niryo.com\/de\/#organization\",\"name\":\"Niryo\",\"url\":\"https:\/\/niryo.com\/de\/\",\"logo\":{\"@type\":\"ImageObject\",\"inLanguage\":\"de\",\"@id\":\"https:\/\/niryo.com\/de\/#\/schema\/logo\/image\/\",\"url\":\"https:\/\/niryo.com\/wp-content\/uploads\/2026\/02\/Favicon-Niryo.svg\",\"contentUrl\":\"https:\/\/niryo.com\/wp-content\/uploads\/2026\/02\/Favicon-Niryo.svg\",\"width\":512,\"height\":512,\"caption\":\"Niryo\"},\"image\":{\"@id\":\"https:\/\/niryo.com\/de\/#\/schema\/logo\/image\/\"},\"sameAs\":[\"https:\/\/www.linkedin.com\/company\/10970402\/admin\/feed\/posts\/\",\"https:\/\/www.tiktok.com\/@niryo_robotics\",\"https:\/\/www.instagram.com\/niryo_robotics\/\",\"https:\/\/discord.com\/invite\/EqpPYTf9FJ\"]}]}<\/script>\n<!-- \/ Yoast SEO plugin. -->","yoast_head_json":{"title":"Niryo Erfolg f\u00fcr Bildung - Niryo","robots":{"index":"index","follow":"follow","max-snippet":"max-snippet:-1","max-image-preview":"max-image-preview:large","max-video-preview":"max-video-preview:-1"},"canonical":"https:\/\/niryo.com\/de\/niryo-fuer-den-bildungssektor\/niryo-erfolg-fuer-bildung\/","og_locale":"de_DE","og_type":"article","og_title":"Niryo Erfolg f\u00fcr Bildung - Niryo","og_description":"NIRYO F\u00dcR DEN BILDUNGSSEKTOR Niryo Succesf\u00fcr den Bildungssektor Unser Team begleitet Sie von der ersten Inbetriebnahme Ihres Roboters bis zu seinem Einsatz, damit Sie Ihre Lernziele erreichen k\u00f6nnen. \u2028Ihr Erfolg und der Erfolg Ihrer Sch\u00fcler ist unsere Priorit\u00e4t. IM LIEFERUMFANG IHRES ROBOTERS ENTHALTEN F\u00fcr eine effiziente Implementierung und Nutzung Unser engagiertes Team unterst\u00fctzt bei der [&hellip;]","og_url":"https:\/\/niryo.com\/de\/niryo-fuer-den-bildungssektor\/niryo-erfolg-fuer-bildung\/","og_site_name":"Niryo","article_modified_time":"2025-05-07T07:32:34+00:00","og_image":[{"url":"https:\/\/niryo.com\/wp-content\/uploads\/2025\/03\/niryo-success-industry.png","type":"","width":"","height":""}],"twitter_card":"summary_large_image","twitter_misc":{"Gesch\u00e4tzte Lesezeit":"3\u00a0Minuten"},"schema":{"@context":"https:\/\/schema.org","@graph":[{"@type":"WebPage","@id":"https:\/\/niryo.com\/de\/niryo-fuer-den-bildungssektor\/niryo-erfolg-fuer-bildung\/","url":"https:\/\/niryo.com\/de\/niryo-fuer-den-bildungssektor\/niryo-erfolg-fuer-bildung\/","name":"Niryo Erfolg f\u00fcr Bildung - Niryo","isPartOf":{"@id":"https:\/\/niryo.com\/de\/#website"},"primaryImageOfPage":{"@id":"https:\/\/niryo.com\/de\/niryo-fuer-den-bildungssektor\/niryo-erfolg-fuer-bildung\/#primaryimage"},"image":{"@id":"https:\/\/niryo.com\/de\/niryo-fuer-den-bildungssektor\/niryo-erfolg-fuer-bildung\/#primaryimage"},"thumbnailUrl":"https:\/\/niryo.com\/wp-content\/uploads\/2025\/03\/niryo-success-industry.png","datePublished":"2025-03-18T16:53:22+00:00","dateModified":"2025-05-07T07:32:34+00:00","breadcrumb":{"@id":"https:\/\/niryo.com\/de\/niryo-fuer-den-bildungssektor\/niryo-erfolg-fuer-bildung\/#breadcrumb"},"inLanguage":"de","potentialAction":[{"@type":"ReadAction","target":["https:\/\/niryo.com\/de\/niryo-fuer-den-bildungssektor\/niryo-erfolg-fuer-bildung\/"]}]},{"@type":"ImageObject","inLanguage":"de","@id":"https:\/\/niryo.com\/de\/niryo-fuer-den-bildungssektor\/niryo-erfolg-fuer-bildung\/#primaryimage","url":"https:\/\/niryo.com\/wp-content\/uploads\/2025\/03\/niryo-success-industry.png","contentUrl":"https:\/\/niryo.com\/wp-content\/uploads\/2025\/03\/niryo-success-industry.png"},{"@type":"BreadcrumbList","@id":"https:\/\/niryo.com\/de\/niryo-fuer-den-bildungssektor\/niryo-erfolg-fuer-bildung\/#breadcrumb","itemListElement":[{"@type":"ListItem","position":1,"name":"Home","item":"https:\/\/niryo.com\/de\/"},{"@type":"ListItem","position":2,"name":"F\u00fcr den bildungssektor","item":"https:\/\/niryo.com\/de\/niryo-fuer-den-bildungssektor\/"},{"@type":"ListItem","position":3,"name":"Niryo Erfolg f\u00fcr Bildung"}]},{"@type":"WebSite","@id":"https:\/\/niryo.com\/de\/#website","url":"https:\/\/niryo.com\/de\/","name":"Niryo","description":"Robotics designed for what matters","publisher":{"@id":"https:\/\/niryo.com\/de\/#organization"},"potentialAction":[{"@type":"SearchAction","target":{"@type":"EntryPoint","urlTemplate":"https:\/\/niryo.com\/de\/?s={search_term_string}"},"query-input":{"@type":"PropertyValueSpecification","valueRequired":true,"valueName":"search_term_string"}}],"inLanguage":"de"},{"@type":"Organization","@id":"https:\/\/niryo.com\/de\/#organization","name":"Niryo","url":"https:\/\/niryo.com\/de\/","logo":{"@type":"ImageObject","inLanguage":"de","@id":"https:\/\/niryo.com\/de\/#\/schema\/logo\/image\/","url":"https:\/\/niryo.com\/wp-content\/uploads\/2026\/02\/Favicon-Niryo.svg","contentUrl":"https:\/\/niryo.com\/wp-content\/uploads\/2026\/02\/Favicon-Niryo.svg","width":512,"height":512,"caption":"Niryo"},"image":{"@id":"https:\/\/niryo.com\/de\/#\/schema\/logo\/image\/"},"sameAs":["https:\/\/www.linkedin.com\/company\/10970402\/admin\/feed\/posts\/","https:\/\/www.tiktok.com\/@niryo_robotics","https:\/\/www.instagram.com\/niryo_robotics\/","https:\/\/discord.com\/invite\/EqpPYTf9FJ"]}]}},"_links":{"self":[{"href":"https:\/\/niryo.com\/de\/wp-json\/wp\/v2\/pages\/26036","targetHints":{"allow":["GET"]}}],"collection":[{"href":"https:\/\/niryo.com\/de\/wp-json\/wp\/v2\/pages"}],"about":[{"href":"https:\/\/niryo.com\/de\/wp-json\/wp\/v2\/types\/page"}],"author":[{"embeddable":true,"href":"https:\/\/niryo.com\/de\/wp-json\/wp\/v2\/users\/3"}],"replies":[{"embeddable":true,"href":"https:\/\/niryo.com\/de\/wp-json\/wp\/v2\/comments?post=26036"}],"version-history":[{"count":0,"href":"https:\/\/niryo.com\/de\/wp-json\/wp\/v2\/pages\/26036\/revisions"}],"up":[{"embeddable":true,"href":"https:\/\/niryo.com\/de\/wp-json\/wp\/v2\/pages\/26019"}],"wp:attachment":[{"href":"https:\/\/niryo.com\/de\/wp-json\/wp\/v2\/media?parent=26036"}],"curies":[{"name":"wp","href":"https:\/\/api.w.org\/{rel}","templated":true}]}}