{"id":26111,"date":"2024-06-10T15:20:14","date_gmt":"2024-06-10T13:20:14","guid":{"rendered":"https:\/\/niryo.com\/niryo-team-kontaktieren\/"},"modified":"2025-05-05T10:24:17","modified_gmt":"2025-05-05T08:24:17","slug":"niryo-team-kontaktieren","status":"publish","type":"page","link":"https:\/\/niryo.com\/de\/niryo-team-kontaktieren\/","title":{"rendered":"Niryo Team kontaktieren"},"content":{"rendered":"\t\t<div data-elementor-type=\"wp-page\" data-elementor-id=\"26111\" class=\"elementor elementor-26111 elementor-1906\" data-elementor-post-type=\"page\">\n\t\t\t\t<div class=\"elementor-element elementor-element-6e673a0 e-flex e-con-boxed e-con e-parent\" data-id=\"6e673a0\" data-element_type=\"container\" data-e-type=\"container\" data-settings=\"{&quot;background_background&quot;:&quot;classic&quot;}\">\n\t\t\t\t\t<div class=\"e-con-inner\">\n\t\t\t\t<div class=\"elementor-element elementor-element-73c4bb3 elementor-widget elementor-widget-heading\" data-id=\"73c4bb3\" data-element_type=\"widget\" data-e-type=\"widget\" data-widget_type=\"heading.default\">\n\t\t\t\t<div class=\"elementor-widget-container\">\n\t\t\t\t\t<h1 class=\"elementor-heading-title elementor-size-default\">Niryo Team kontaktieren<\/h1>\t\t\t\t<\/div>\n\t\t\t\t<\/div>\n\t\t\t\t\t<\/div>\n\t\t\t\t<\/div>\n\t\t<div class=\"elementor-element elementor-element-7ec1b5a e-flex e-con-boxed e-con e-parent\" data-id=\"7ec1b5a\" data-element_type=\"container\" data-e-type=\"container\" data-settings=\"{&quot;background_background&quot;:&quot;classic&quot;}\">\n\t\t\t\t\t<div class=\"e-con-inner\">\n\t\t<div class=\"elementor-element elementor-element-43e513e e-con-full e-flex e-con e-child\" data-id=\"43e513e\" data-element_type=\"container\" data-e-type=\"container\" data-settings=\"{&quot;background_background&quot;:&quot;classic&quot;}\">\n\t\t<div class=\"elementor-element elementor-element-bda24f0 e-con-full e-flex e-con e-child\" data-id=\"bda24f0\" data-element_type=\"container\" data-e-type=\"container\" data-settings=\"{&quot;background_background&quot;:&quot;classic&quot;}\">\n\t\t\t\t<div class=\"elementor-element elementor-element-04fa074 elementor-widget elementor-widget-html\" data-id=\"04fa074\" data-element_type=\"widget\" data-e-type=\"widget\" data-widget_type=\"html.default\">\n\t\t\t\t<div class=\"elementor-widget-container\">\n\t\t\t\t\t<!-- Formulaire HubSpot en Anglais -->\n<div id=\"hubspot-form-en-old\" style=\"display: block;\">\n    <script charset=\"utf-8\" type=\"text\/javascript\" src=\"\/\/js.hsforms.net\/forms\/embed\/v2.js\"><\/script>\n<script>\n  hbspt.forms.create({\n    region: \"na1\",\n    portalId: \"9158560\",\n    formId: \"3d23b648-49e8-479e-ba05-bf27c84521af\",\n    inlineMessage: \"You are being redirected to the WebSite Niryo...\",\n    onFormSubmit: function($form){\n        var emailWeb = $form.find('input[name=\"email\"]').val();\n       \n            window.location.href = \"https:\/\/niryo.com\/contact-request-validation\/?email=\" + encodeURIComponent( emailWeb );\n        \n    }\n  });\n<\/script>\n<\/div>\n\t\t\t\t<\/div>\n\t\t\t\t<\/div>\n\t\t\t\t<div class=\"elementor-element elementor-element-895794d elementor-hidden-desktop elementor-hidden-laptop elementor-hidden-tablet elementor-hidden-mobile elementor-widget elementor-widget-html\" data-id=\"895794d\" data-element_type=\"widget\" data-e-type=\"widget\" data-widget_type=\"html.default\">\n\t\t\t\t<div class=\"elementor-widget-container\">\n\t\t\t\t\t\n<!-- Formulaire HubSpot en Fran\u00e7ais -->\n<div id=\"hubspot-form-fr-old\" style=\"display: none;\">\n    <script charset=\"utf-8\" type=\"text\/javascript\" src=\"\/\/js.hsforms.net\/forms\/embed\/v2.js\"><\/script>\n<script>\n  hbspt.forms.create({\n    region: \"na1\",\n    portalId: \"9158560\",\n    formId: \"3210465a-8a53-43d5-bae8-dfeef4bbf409\",\n    inlineMessage: \"Vous \u00eates redirig\u00e9 vers le site Web Niryo.com ...\",\n    onFormSubmit: function($form){\n        var emailWeb = $form.find('input[name=\"email\"]').val();\n       window.location.href = \"https:\/\/niryo.com\/fr\/validation-demande-contact\/?email=\" + encodeURIComponent( emailWeb );\n        \n    }\n  });\n<\/script>\n<\/div>\t\t\t\t<\/div>\n\t\t\t\t<\/div>\n\t\t\t\t<\/div>\n\t\t\t\t<\/div>\n\t\t<div class=\"elementor-element elementor-element-bca0e2b e-con-full e-flex e-con e-child\" data-id=\"bca0e2b\" data-element_type=\"container\" data-e-type=\"container\">\n\t\t<div class=\"elementor-element elementor-element-463b954 e-con-full e-flex e-con e-child\" data-id=\"463b954\" data-element_type=\"container\" data-e-type=\"container\" data-settings=\"{&quot;background_background&quot;:&quot;classic&quot;}\">\n\t\t\t\t<div class=\"elementor-element elementor-element-e4a5c83 elementor-widget elementor-widget-heading\" data-id=\"e4a5c83\" data-element_type=\"widget\" data-e-type=\"widget\" data-widget_type=\"heading.default\">\n\t\t\t\t<div class=\"elementor-widget-container\">\n\t\t\t\t\t<div class=\"elementor-heading-title elementor-size-default\">Sie haben eine Frage, eine Bitte, eine Anregung?<\/div>\t\t\t\t<\/div>\n\t\t\t\t<\/div>\n\t\t\t\t<div class=\"elementor-element elementor-element-e3b82e8 elementor-widget-divider--view-line elementor-widget elementor-widget-divider\" data-id=\"e3b82e8\" data-element_type=\"widget\" data-e-type=\"widget\" data-widget_type=\"divider.default\">\n\t\t\t\t<div class=\"elementor-widget-container\">\n\t\t\t\t\t\t\t<div class=\"elementor-divider\">\n\t\t\t<span class=\"elementor-divider-separator\">\n\t\t\t\t\t\t<\/span>\n\t\t<\/div>\n\t\t\t\t\t\t<\/div>\n\t\t\t\t<\/div>\n\t\t\t\t<div class=\"elementor-element elementor-element-6d194fd elementor-position-inline-start elementor-view-default elementor-mobile-position-block-start elementor-widget elementor-widget-icon-box\" data-id=\"6d194fd\" data-element_type=\"widget\" data-e-type=\"widget\" data-widget_type=\"icon-box.default\">\n\t\t\t\t<div class=\"elementor-widget-container\">\n\t\t\t\t\t\t\t<div class=\"elementor-icon-box-wrapper\">\n\n\t\t\t\t\t\t<div class=\"elementor-icon-box-icon\">\n\t\t\t\t<span  class=\"elementor-icon\">\n\t\t\t\t<svg xmlns=\"http:\/\/www.w3.org\/2000\/svg\" width=\"18\" height=\"18\" viewBox=\"0 0 18 18\" fill=\"none\"><g id=\"big\/email\"><path id=\"Mask\" fill-rule=\"evenodd\" clip-rule=\"evenodd\" d=\"M15 2.25H3C1.725 2.25 0.75 3.225 0.75 4.5V13.5C0.75 14.775 1.725 15.75 3 15.75H15C16.275 15.75 17.25 14.775 17.25 13.5V4.5C17.25 3.225 16.275 2.25 15 2.25ZM3 3.75H15C15.3 3.75 15.525 3.9 15.675 4.2L9 8.85L2.325 4.2C2.475 3.9 2.7 3.75 3 3.75ZM2.25 13.5C2.25 13.95 2.55 14.25 3 14.25H15C15.45 14.25 15.75 13.95 15.75 13.5V5.925L9.45 10.35C9.3 10.425 9.15 10.5 9 10.5C8.85 10.5 8.7 10.425 8.55 10.35L2.25 5.925V13.5Z\" fill=\"#1865FF\"><\/path><\/g><\/svg>\t\t\t\t<\/span>\n\t\t\t<\/div>\n\t\t\t\n\t\t\t\t\t\t<div class=\"elementor-icon-box-content\">\n\n\t\t\t\t\n\t\t\t\t\t\t\t\t\t<p class=\"elementor-icon-box-description\">\n\t\t\t\t\t\tSenden Sie uns eine Nachricht und wir werden Ihnen so schnell wie m\u00f6glich antworten.\t\t\t\t\t<\/p>\n\t\t\t\t\n\t\t\t<\/div>\n\t\t\t\n\t\t<\/div>\n\t\t\t\t\t\t<\/div>\n\t\t\t\t<\/div>\n\t\t\t\t<\/div>\n\t\t\t\t<\/div>\n\t\t\t\t\t<\/div>\n\t\t\t\t<\/div>\n\t\t\t\t<\/div>\n\t\t","protected":false},"excerpt":{"rendered":"<p>Sie haben eine Frage, eine Bitte, eine Anregung? Senden Sie uns eine Nachricht und wir werden Ihnen so schnell wie m\u00f6glich antworten.<\/p>\n","protected":false},"author":3,"featured_media":0,"parent":0,"menu_order":0,"comment_status":"closed","ping_status":"closed","template":"","meta":{"_acf_changed":false,"content-type":"","footnotes":""},"class_list":["post-26111","page","type-page","status-publish","hentry"],"acf":[],"yoast_head":"<!-- This site is optimized with the Yoast SEO plugin v27.2 - https:\/\/yoast.com\/product\/yoast-seo-wordpress\/ -->\n<title>Niryo Team kontaktieren - Niryo<\/title>\n<meta name=\"description\" content=\"W\u00fcnschen Sie weitere Informationen \u00fcber unsere Produkte und Dienstleistungen? Bitte z\u00f6gern Sie nicht, uns zu kontaktieren. Schnelle Antwort garantiert.\" \/>\n<meta name=\"robots\" content=\"index, follow, max-snippet:-1, max-image-preview:large, max-video-preview:-1\" \/>\n<link rel=\"canonical\" href=\"https:\/\/niryo.com\/de\/niryo-team-kontaktieren\/\" \/>\n<meta property=\"og:locale\" content=\"de_DE\" \/>\n<meta property=\"og:type\" content=\"article\" \/>\n<meta property=\"og:title\" content=\"Niryo Team kontaktieren - Niryo\" \/>\n<meta property=\"og:description\" content=\"W\u00fcnschen Sie weitere Informationen \u00fcber unsere Produkte und Dienstleistungen? Bitte z\u00f6gern Sie nicht, uns zu kontaktieren. Schnelle Antwort garantiert.\" \/>\n<meta property=\"og:url\" content=\"https:\/\/niryo.com\/de\/niryo-team-kontaktieren\/\" \/>\n<meta property=\"og:site_name\" content=\"Niryo\" \/>\n<meta property=\"article:modified_time\" content=\"2025-05-05T08:24:17+00:00\" \/>\n<meta name=\"twitter:card\" content=\"summary_large_image\" \/>\n<script type=\"application\/ld+json\" class=\"yoast-schema-graph\">{\"@context\":\"https:\/\/schema.org\",\"@graph\":[{\"@type\":\"WebPage\",\"@id\":\"https:\/\/niryo.com\/de\/niryo-team-kontaktieren\/\",\"url\":\"https:\/\/niryo.com\/de\/niryo-team-kontaktieren\/\",\"name\":\"Niryo Team kontaktieren - Niryo\",\"isPartOf\":{\"@id\":\"https:\/\/niryo.com\/de\/#website\"},\"datePublished\":\"2024-06-10T13:20:14+00:00\",\"dateModified\":\"2025-05-05T08:24:17+00:00\",\"description\":\"W\u00fcnschen Sie weitere Informationen \u00fcber unsere Produkte und Dienstleistungen? Bitte z\u00f6gern Sie nicht, uns zu kontaktieren. Schnelle Antwort garantiert.\",\"breadcrumb\":{\"@id\":\"https:\/\/niryo.com\/de\/niryo-team-kontaktieren\/#breadcrumb\"},\"inLanguage\":\"de\",\"potentialAction\":[{\"@type\":\"ReadAction\",\"target\":[\"https:\/\/niryo.com\/de\/niryo-team-kontaktieren\/\"]}]},{\"@type\":\"BreadcrumbList\",\"@id\":\"https:\/\/niryo.com\/de\/niryo-team-kontaktieren\/#breadcrumb\",\"itemListElement\":[{\"@type\":\"ListItem\",\"position\":1,\"name\":\"Home\",\"item\":\"https:\/\/niryo.com\/de\/\"},{\"@type\":\"ListItem\",\"position\":2,\"name\":\"Niryo Team kontaktieren\"}]},{\"@type\":\"WebSite\",\"@id\":\"https:\/\/niryo.com\/de\/#website\",\"url\":\"https:\/\/niryo.com\/de\/\",\"name\":\"Niryo\",\"description\":\"Robotics designed for what matters\",\"publisher\":{\"@id\":\"https:\/\/niryo.com\/de\/#organization\"},\"potentialAction\":[{\"@type\":\"SearchAction\",\"target\":{\"@type\":\"EntryPoint\",\"urlTemplate\":\"https:\/\/niryo.com\/de\/?s={search_term_string}\"},\"query-input\":{\"@type\":\"PropertyValueSpecification\",\"valueRequired\":true,\"valueName\":\"search_term_string\"}}],\"inLanguage\":\"de\"},{\"@type\":\"Organization\",\"@id\":\"https:\/\/niryo.com\/de\/#organization\",\"name\":\"Niryo\",\"url\":\"https:\/\/niryo.com\/de\/\",\"logo\":{\"@type\":\"ImageObject\",\"inLanguage\":\"de\",\"@id\":\"https:\/\/niryo.com\/de\/#\/schema\/logo\/image\/\",\"url\":\"https:\/\/niryo.com\/wp-content\/uploads\/2026\/02\/Favicon-Niryo.svg\",\"contentUrl\":\"https:\/\/niryo.com\/wp-content\/uploads\/2026\/02\/Favicon-Niryo.svg\",\"width\":512,\"height\":512,\"caption\":\"Niryo\"},\"image\":{\"@id\":\"https:\/\/niryo.com\/de\/#\/schema\/logo\/image\/\"},\"sameAs\":[\"https:\/\/www.linkedin.com\/company\/10970402\/admin\/feed\/posts\/\",\"https:\/\/www.tiktok.com\/@niryo_robotics\",\"https:\/\/www.instagram.com\/niryo_robotics\/\",\"https:\/\/discord.com\/invite\/EqpPYTf9FJ\"]}]}<\/script>\n<!-- \/ Yoast SEO plugin. -->","yoast_head_json":{"title":"Niryo Team kontaktieren - Niryo","description":"W\u00fcnschen Sie weitere Informationen \u00fcber unsere Produkte und Dienstleistungen? Bitte z\u00f6gern Sie nicht, uns zu kontaktieren. Schnelle Antwort garantiert.","robots":{"index":"index","follow":"follow","max-snippet":"max-snippet:-1","max-image-preview":"max-image-preview:large","max-video-preview":"max-video-preview:-1"},"canonical":"https:\/\/niryo.com\/de\/niryo-team-kontaktieren\/","og_locale":"de_DE","og_type":"article","og_title":"Niryo Team kontaktieren - Niryo","og_description":"W\u00fcnschen Sie weitere Informationen \u00fcber unsere Produkte und Dienstleistungen? Bitte z\u00f6gern Sie nicht, uns zu kontaktieren. Schnelle Antwort garantiert.","og_url":"https:\/\/niryo.com\/de\/niryo-team-kontaktieren\/","og_site_name":"Niryo","article_modified_time":"2025-05-05T08:24:17+00:00","twitter_card":"summary_large_image","schema":{"@context":"https:\/\/schema.org","@graph":[{"@type":"WebPage","@id":"https:\/\/niryo.com\/de\/niryo-team-kontaktieren\/","url":"https:\/\/niryo.com\/de\/niryo-team-kontaktieren\/","name":"Niryo Team kontaktieren - Niryo","isPartOf":{"@id":"https:\/\/niryo.com\/de\/#website"},"datePublished":"2024-06-10T13:20:14+00:00","dateModified":"2025-05-05T08:24:17+00:00","description":"W\u00fcnschen Sie weitere Informationen \u00fcber unsere Produkte und Dienstleistungen? Bitte z\u00f6gern Sie nicht, uns zu kontaktieren. Schnelle Antwort garantiert.","breadcrumb":{"@id":"https:\/\/niryo.com\/de\/niryo-team-kontaktieren\/#breadcrumb"},"inLanguage":"de","potentialAction":[{"@type":"ReadAction","target":["https:\/\/niryo.com\/de\/niryo-team-kontaktieren\/"]}]},{"@type":"BreadcrumbList","@id":"https:\/\/niryo.com\/de\/niryo-team-kontaktieren\/#breadcrumb","itemListElement":[{"@type":"ListItem","position":1,"name":"Home","item":"https:\/\/niryo.com\/de\/"},{"@type":"ListItem","position":2,"name":"Niryo Team kontaktieren"}]},{"@type":"WebSite","@id":"https:\/\/niryo.com\/de\/#website","url":"https:\/\/niryo.com\/de\/","name":"Niryo","description":"Robotics designed for what matters","publisher":{"@id":"https:\/\/niryo.com\/de\/#organization"},"potentialAction":[{"@type":"SearchAction","target":{"@type":"EntryPoint","urlTemplate":"https:\/\/niryo.com\/de\/?s={search_term_string}"},"query-input":{"@type":"PropertyValueSpecification","valueRequired":true,"valueName":"search_term_string"}}],"inLanguage":"de"},{"@type":"Organization","@id":"https:\/\/niryo.com\/de\/#organization","name":"Niryo","url":"https:\/\/niryo.com\/de\/","logo":{"@type":"ImageObject","inLanguage":"de","@id":"https:\/\/niryo.com\/de\/#\/schema\/logo\/image\/","url":"https:\/\/niryo.com\/wp-content\/uploads\/2026\/02\/Favicon-Niryo.svg","contentUrl":"https:\/\/niryo.com\/wp-content\/uploads\/2026\/02\/Favicon-Niryo.svg","width":512,"height":512,"caption":"Niryo"},"image":{"@id":"https:\/\/niryo.com\/de\/#\/schema\/logo\/image\/"},"sameAs":["https:\/\/www.linkedin.com\/company\/10970402\/admin\/feed\/posts\/","https:\/\/www.tiktok.com\/@niryo_robotics","https:\/\/www.instagram.com\/niryo_robotics\/","https:\/\/discord.com\/invite\/EqpPYTf9FJ"]}]}},"_links":{"self":[{"href":"https:\/\/niryo.com\/de\/wp-json\/wp\/v2\/pages\/26111","targetHints":{"allow":["GET"]}}],"collection":[{"href":"https:\/\/niryo.com\/de\/wp-json\/wp\/v2\/pages"}],"about":[{"href":"https:\/\/niryo.com\/de\/wp-json\/wp\/v2\/types\/page"}],"author":[{"embeddable":true,"href":"https:\/\/niryo.com\/de\/wp-json\/wp\/v2\/users\/3"}],"replies":[{"embeddable":true,"href":"https:\/\/niryo.com\/de\/wp-json\/wp\/v2\/comments?post=26111"}],"version-history":[{"count":0,"href":"https:\/\/niryo.com\/de\/wp-json\/wp\/v2\/pages\/26111\/revisions"}],"wp:attachment":[{"href":"https:\/\/niryo.com\/de\/wp-json\/wp\/v2\/media?parent=26111"}],"curies":[{"name":"wp","href":"https:\/\/api.w.org\/{rel}","templated":true}]}}