{"id":26120,"date":"2024-05-16T14:18:23","date_gmt":"2024-05-16T12:18:23","guid":{"rendered":"https:\/\/niryo.com\/unterstuetzen-sie\/"},"modified":"2025-05-05T10:35:54","modified_gmt":"2025-05-05T08:35:54","slug":"unterstuetzen-sie","status":"publish","type":"page","link":"https:\/\/niryo.com\/de\/unterstuetzen-sie\/","title":{"rendered":"Unterst\u00fctzen Sie"},"content":{"rendered":"\t\t<div data-elementor-type=\"wp-page\" data-elementor-id=\"26120\" class=\"elementor elementor-26120 elementor-978\" data-elementor-post-type=\"page\">\n\t\t\t\t<div class=\"elementor-element elementor-element-868a5ec e-flex e-con-boxed e-con e-parent\" data-id=\"868a5ec\" data-element_type=\"container\" data-e-type=\"container\" data-settings=\"{&quot;background_background&quot;:&quot;classic&quot;}\">\n\t\t\t\t\t<div class=\"e-con-inner\">\n\t\t\t\t<div class=\"elementor-element elementor-element-4af938b elementor-widget elementor-widget-heading\" data-id=\"4af938b\" data-element_type=\"widget\" data-e-type=\"widget\" data-widget_type=\"heading.default\">\n\t\t\t\t<div class=\"elementor-widget-container\">\n\t\t\t\t\t<h1 class=\"elementor-heading-title elementor-size-default\">Niryo Unterst\u00fctzung und Service<\/h1>\t\t\t\t<\/div>\n\t\t\t\t<\/div>\n\t\t\t\t\t<\/div>\n\t\t\t\t<\/div>\n\t\t<div class=\"elementor-element elementor-element-46ef6e6 e-flex e-con-boxed e-con e-parent\" data-id=\"46ef6e6\" data-element_type=\"container\" data-e-type=\"container\" data-settings=\"{&quot;background_background&quot;:&quot;classic&quot;}\">\n\t\t\t\t\t<div class=\"e-con-inner\">\n\t\t<div class=\"elementor-element elementor-element-37b9b97 e-con-full e-flex e-con e-child\" data-id=\"37b9b97\" data-element_type=\"container\" data-e-type=\"container\" data-settings=\"{&quot;background_background&quot;:&quot;classic&quot;}\">\n\t\t<div class=\"elementor-element elementor-element-362c2e7 e-con-full e-flex e-con e-child\" data-id=\"362c2e7\" data-element_type=\"container\" data-e-type=\"container\" data-settings=\"{&quot;background_background&quot;:&quot;classic&quot;}\">\n\t\t\t\t<div class=\"elementor-element elementor-element-129b881 elementor-widget elementor-widget-html\" data-id=\"129b881\" data-element_type=\"widget\" data-e-type=\"widget\" data-widget_type=\"html.default\">\n\t\t\t\t<div class=\"elementor-widget-container\">\n\t\t\t\t\t<!-- Formulaire HubSpot en Anglais -->\n<div id=\"hubspot-form-en-old\" style=\"display: block;\">\n    <script charset=\"utf-8\" type=\"text\/javascript\" src=\"\/\/js.hsforms.net\/forms\/embed\/v2.js\"><\/script>\n<script>\n  hbspt.forms.create({\n    region: \"na1\",\n    portalId: \"9158560\",\n    formId: \"c5e965f7-07a8-49a8-987d-0c14cb7155d1\"\n  });\n<\/script>\n<\/div>\t\t\t\t<\/div>\n\t\t\t\t<\/div>\n\t\t\t\t<div class=\"elementor-element elementor-element-1a3fe8c elementor-widget elementor-widget-html\" data-id=\"1a3fe8c\" data-element_type=\"widget\" data-e-type=\"widget\" data-widget_type=\"html.default\">\n\t\t\t\t<div class=\"elementor-widget-container\">\n\t\t\t\t\t<!-- Formulaire HubSpot en Fran\u00e7ais -->\n<div id=\"hubspot-form-fr-old\" style=\"display: none;\">\n    <script charset=\"utf-8\" type=\"text\/javascript\" src=\"\/\/js.hsforms.net\/forms\/embed\/v2.js\"><\/script>\n<script>\n  hbspt.forms.create({\n    region: \"na1\",\n    portalId: \"9158560\",\n    formId: \"f18ca012-6850-4549-84ed-d5c778115d5c\"\n  });\n<\/script>\n<\/div>\t\t\t\t<\/div>\n\t\t\t\t<\/div>\n\t\t\t\t<\/div>\n\t\t\t\t<\/div>\n\t\t<div class=\"elementor-element elementor-element-8a8724a e-con-full e-flex e-con e-child\" data-id=\"8a8724a\" data-element_type=\"container\" data-e-type=\"container\">\n\t\t<div class=\"elementor-element elementor-element-ad8353d e-con-full e-flex e-con e-child\" data-id=\"ad8353d\" data-element_type=\"container\" data-e-type=\"container\" data-settings=\"{&quot;background_background&quot;:&quot;classic&quot;}\">\n\t\t\t\t<div class=\"elementor-element elementor-element-75e7eca elementor-widget elementor-widget-heading\" data-id=\"75e7eca\" data-element_type=\"widget\" data-e-type=\"widget\" data-widget_type=\"heading.default\">\n\t\t\t\t<div class=\"elementor-widget-container\">\n\t\t\t\t\t<div class=\"elementor-heading-title elementor-size-default\"><div>Wenn Sie Probleme mit einem unserer Produkte haben, ist unser Team f\u00fcr Sie da.  <\/div><div><br><\/div><div>Bitte f\u00fcllen Sie das Formular aus, und wir werden uns so schnell wie m\u00f6glich bei Ihnen melden.<span style=\"font-size: 1.125rem\"><\/span><\/div><\/div>\t\t\t\t<\/div>\n\t\t\t\t<\/div>\n\t\t<div class=\"elementor-element elementor-element-7479528 elementor-hidden-desktop elementor-hidden-laptop elementor-hidden-tablet_extra elementor-hidden-tablet elementor-hidden-mobile_extra elementor-hidden-mobile e-flex e-con-boxed e-con e-child\" data-id=\"7479528\" data-element_type=\"container\" data-e-type=\"container\">\n\t\t\t\t\t<div class=\"e-con-inner\">\n\t\t\t\t<div class=\"elementor-element elementor-element-f9c6c24 elementor-widget elementor-widget-text-editor\" data-id=\"f9c6c24\" data-element_type=\"widget\" data-e-type=\"widget\" data-widget_type=\"text-editor.default\">\n\t\t\t\t<div class=\"elementor-widget-container\">\n\t\t\t\t\t\t\t\t\t<p>Dazu ben\u00f6tigen wir nur ein paar Angaben von Ihnen. Vielen Dank f\u00fcr Ihre Zeit. <\/p>\t\t\t\t\t\t\t\t<\/div>\n\t\t\t\t<\/div>\n\t\t\t\t\t<\/div>\n\t\t\t\t<\/div>\n\t\t\t\t<\/div>\n\t\t\t\t<\/div>\n\t\t\t\t\t<\/div>\n\t\t\t\t<\/div>\n\t\t\t\t<\/div>\n\t\t","protected":false},"excerpt":{"rendered":"<p>Niryo Unterst\u00fctzung und Service Wenn Sie Probleme mit einem unserer Produkte haben, ist unser Team f\u00fcr Sie da. Bitte f\u00fcllen Sie das Formular aus, und wir werden uns so schnell wie m\u00f6glich bei Ihnen melden. Dazu ben\u00f6tigen wir nur ein paar Angaben von Ihnen. Vielen Dank f\u00fcr Ihre Zeit.<\/p>\n","protected":false},"author":3,"featured_media":0,"parent":0,"menu_order":0,"comment_status":"closed","ping_status":"closed","template":"","meta":{"_acf_changed":false,"content-type":"","footnotes":""},"class_list":["post-26120","page","type-page","status-publish","hentry"],"acf":[],"yoast_head":"<!-- This site is optimized with the Yoast SEO plugin v27.2 - https:\/\/yoast.com\/product\/yoast-seo-wordpress\/ -->\n<title>Unterst\u00fctzen Sie - Niryo<\/title>\n<meta name=\"description\" content=\"Haben Sie ein Problem oder eine Frage in Bezug auf Ihr Niryo-Ger\u00e4t? N&#039;h\u00e9sitez pas \u00e0 contacter notre support. Schnelle Antwort garantiert.\" \/>\n<meta name=\"robots\" content=\"index, follow, max-snippet:-1, max-image-preview:large, max-video-preview:-1\" \/>\n<link rel=\"canonical\" href=\"https:\/\/niryo.com\/de\/unterstuetzen-sie\/\" \/>\n<meta property=\"og:locale\" content=\"de_DE\" \/>\n<meta property=\"og:type\" content=\"article\" \/>\n<meta property=\"og:title\" content=\"Unterst\u00fctzen Sie - Niryo\" \/>\n<meta property=\"og:description\" content=\"Haben Sie ein Problem oder eine Frage in Bezug auf Ihr Niryo-Ger\u00e4t? N&#039;h\u00e9sitez pas \u00e0 contacter notre support. Schnelle Antwort garantiert.\" \/>\n<meta property=\"og:url\" content=\"https:\/\/niryo.com\/de\/unterstuetzen-sie\/\" \/>\n<meta property=\"og:site_name\" content=\"Niryo\" \/>\n<meta property=\"article:modified_time\" content=\"2025-05-05T08:35:54+00:00\" \/>\n<meta name=\"twitter:card\" content=\"summary_large_image\" \/>\n<script type=\"application\/ld+json\" class=\"yoast-schema-graph\">{\"@context\":\"https:\/\/schema.org\",\"@graph\":[{\"@type\":\"WebPage\",\"@id\":\"https:\/\/niryo.com\/de\/unterstuetzen-sie\/\",\"url\":\"https:\/\/niryo.com\/de\/unterstuetzen-sie\/\",\"name\":\"Unterst\u00fctzen Sie - Niryo\",\"isPartOf\":{\"@id\":\"https:\/\/niryo.com\/de\/#website\"},\"datePublished\":\"2024-05-16T12:18:23+00:00\",\"dateModified\":\"2025-05-05T08:35:54+00:00\",\"description\":\"Haben Sie ein Problem oder eine Frage in Bezug auf Ihr Niryo-Ger\u00e4t? N'h\u00e9sitez pas \u00e0 contacter notre support. Schnelle Antwort garantiert.\",\"breadcrumb\":{\"@id\":\"https:\/\/niryo.com\/de\/unterstuetzen-sie\/#breadcrumb\"},\"inLanguage\":\"de\",\"potentialAction\":[{\"@type\":\"ReadAction\",\"target\":[\"https:\/\/niryo.com\/de\/unterstuetzen-sie\/\"]}]},{\"@type\":\"BreadcrumbList\",\"@id\":\"https:\/\/niryo.com\/de\/unterstuetzen-sie\/#breadcrumb\",\"itemListElement\":[{\"@type\":\"ListItem\",\"position\":1,\"name\":\"Home\",\"item\":\"https:\/\/niryo.com\/de\/\"},{\"@type\":\"ListItem\",\"position\":2,\"name\":\"Unterst\u00fctzen Sie\"}]},{\"@type\":\"WebSite\",\"@id\":\"https:\/\/niryo.com\/de\/#website\",\"url\":\"https:\/\/niryo.com\/de\/\",\"name\":\"Niryo\",\"description\":\"Robotics designed for what matters\",\"publisher\":{\"@id\":\"https:\/\/niryo.com\/de\/#organization\"},\"potentialAction\":[{\"@type\":\"SearchAction\",\"target\":{\"@type\":\"EntryPoint\",\"urlTemplate\":\"https:\/\/niryo.com\/de\/?s={search_term_string}\"},\"query-input\":{\"@type\":\"PropertyValueSpecification\",\"valueRequired\":true,\"valueName\":\"search_term_string\"}}],\"inLanguage\":\"de\"},{\"@type\":\"Organization\",\"@id\":\"https:\/\/niryo.com\/de\/#organization\",\"name\":\"Niryo\",\"url\":\"https:\/\/niryo.com\/de\/\",\"logo\":{\"@type\":\"ImageObject\",\"inLanguage\":\"de\",\"@id\":\"https:\/\/niryo.com\/de\/#\/schema\/logo\/image\/\",\"url\":\"https:\/\/niryo.com\/wp-content\/uploads\/2026\/02\/Favicon-Niryo.svg\",\"contentUrl\":\"https:\/\/niryo.com\/wp-content\/uploads\/2026\/02\/Favicon-Niryo.svg\",\"width\":512,\"height\":512,\"caption\":\"Niryo\"},\"image\":{\"@id\":\"https:\/\/niryo.com\/de\/#\/schema\/logo\/image\/\"},\"sameAs\":[\"https:\/\/www.linkedin.com\/company\/10970402\/admin\/feed\/posts\/\",\"https:\/\/www.tiktok.com\/@niryo_robotics\",\"https:\/\/www.instagram.com\/niryo_robotics\/\",\"https:\/\/discord.com\/invite\/EqpPYTf9FJ\"]}]}<\/script>\n<!-- \/ Yoast SEO plugin. -->","yoast_head_json":{"title":"Unterst\u00fctzen Sie - Niryo","description":"Haben Sie ein Problem oder eine Frage in Bezug auf Ihr Niryo-Ger\u00e4t? N'h\u00e9sitez pas \u00e0 contacter notre support. Schnelle Antwort garantiert.","robots":{"index":"index","follow":"follow","max-snippet":"max-snippet:-1","max-image-preview":"max-image-preview:large","max-video-preview":"max-video-preview:-1"},"canonical":"https:\/\/niryo.com\/de\/unterstuetzen-sie\/","og_locale":"de_DE","og_type":"article","og_title":"Unterst\u00fctzen Sie - Niryo","og_description":"Haben Sie ein Problem oder eine Frage in Bezug auf Ihr Niryo-Ger\u00e4t? N'h\u00e9sitez pas \u00e0 contacter notre support. Schnelle Antwort garantiert.","og_url":"https:\/\/niryo.com\/de\/unterstuetzen-sie\/","og_site_name":"Niryo","article_modified_time":"2025-05-05T08:35:54+00:00","twitter_card":"summary_large_image","schema":{"@context":"https:\/\/schema.org","@graph":[{"@type":"WebPage","@id":"https:\/\/niryo.com\/de\/unterstuetzen-sie\/","url":"https:\/\/niryo.com\/de\/unterstuetzen-sie\/","name":"Unterst\u00fctzen Sie - Niryo","isPartOf":{"@id":"https:\/\/niryo.com\/de\/#website"},"datePublished":"2024-05-16T12:18:23+00:00","dateModified":"2025-05-05T08:35:54+00:00","description":"Haben Sie ein Problem oder eine Frage in Bezug auf Ihr Niryo-Ger\u00e4t? N'h\u00e9sitez pas \u00e0 contacter notre support. Schnelle Antwort garantiert.","breadcrumb":{"@id":"https:\/\/niryo.com\/de\/unterstuetzen-sie\/#breadcrumb"},"inLanguage":"de","potentialAction":[{"@type":"ReadAction","target":["https:\/\/niryo.com\/de\/unterstuetzen-sie\/"]}]},{"@type":"BreadcrumbList","@id":"https:\/\/niryo.com\/de\/unterstuetzen-sie\/#breadcrumb","itemListElement":[{"@type":"ListItem","position":1,"name":"Home","item":"https:\/\/niryo.com\/de\/"},{"@type":"ListItem","position":2,"name":"Unterst\u00fctzen Sie"}]},{"@type":"WebSite","@id":"https:\/\/niryo.com\/de\/#website","url":"https:\/\/niryo.com\/de\/","name":"Niryo","description":"Robotics designed for what matters","publisher":{"@id":"https:\/\/niryo.com\/de\/#organization"},"potentialAction":[{"@type":"SearchAction","target":{"@type":"EntryPoint","urlTemplate":"https:\/\/niryo.com\/de\/?s={search_term_string}"},"query-input":{"@type":"PropertyValueSpecification","valueRequired":true,"valueName":"search_term_string"}}],"inLanguage":"de"},{"@type":"Organization","@id":"https:\/\/niryo.com\/de\/#organization","name":"Niryo","url":"https:\/\/niryo.com\/de\/","logo":{"@type":"ImageObject","inLanguage":"de","@id":"https:\/\/niryo.com\/de\/#\/schema\/logo\/image\/","url":"https:\/\/niryo.com\/wp-content\/uploads\/2026\/02\/Favicon-Niryo.svg","contentUrl":"https:\/\/niryo.com\/wp-content\/uploads\/2026\/02\/Favicon-Niryo.svg","width":512,"height":512,"caption":"Niryo"},"image":{"@id":"https:\/\/niryo.com\/de\/#\/schema\/logo\/image\/"},"sameAs":["https:\/\/www.linkedin.com\/company\/10970402\/admin\/feed\/posts\/","https:\/\/www.tiktok.com\/@niryo_robotics","https:\/\/www.instagram.com\/niryo_robotics\/","https:\/\/discord.com\/invite\/EqpPYTf9FJ"]}]}},"_links":{"self":[{"href":"https:\/\/niryo.com\/de\/wp-json\/wp\/v2\/pages\/26120","targetHints":{"allow":["GET"]}}],"collection":[{"href":"https:\/\/niryo.com\/de\/wp-json\/wp\/v2\/pages"}],"about":[{"href":"https:\/\/niryo.com\/de\/wp-json\/wp\/v2\/types\/page"}],"author":[{"embeddable":true,"href":"https:\/\/niryo.com\/de\/wp-json\/wp\/v2\/users\/3"}],"replies":[{"embeddable":true,"href":"https:\/\/niryo.com\/de\/wp-json\/wp\/v2\/comments?post=26120"}],"version-history":[{"count":0,"href":"https:\/\/niryo.com\/de\/wp-json\/wp\/v2\/pages\/26120\/revisions"}],"wp:attachment":[{"href":"https:\/\/niryo.com\/de\/wp-json\/wp\/v2\/media?parent=26120"}],"curies":[{"name":"wp","href":"https:\/\/api.w.org\/{rel}","templated":true}]}}