{"id":26124,"date":"2024-06-10T15:16:50","date_gmt":"2024-06-10T13:16:50","guid":{"rendered":"https:\/\/niryo.com\/vertriebspartner-werden\/"},"modified":"2025-05-05T11:05:18","modified_gmt":"2025-05-05T09:05:18","slug":"vertriebspartner-werden","status":"publish","type":"page","link":"https:\/\/niryo.com\/de\/vertriebspartner-werden\/","title":{"rendered":"Vertriebspartner werden"},"content":{"rendered":"\t\t<div data-elementor-type=\"wp-page\" data-elementor-id=\"26124\" class=\"elementor elementor-26124 elementor-1899\" data-elementor-post-type=\"page\">\n\t\t\t\t<div class=\"elementor-element elementor-element-5a754b9 e-flex e-con-boxed e-con e-parent\" data-id=\"5a754b9\" data-element_type=\"container\" data-e-type=\"container\" data-settings=\"{&quot;background_background&quot;:&quot;classic&quot;}\">\n\t\t\t\t\t<div class=\"e-con-inner\">\n\t\t\t\t<div class=\"elementor-element elementor-element-e365352 elementor-widget elementor-widget-heading\" data-id=\"e365352\" data-element_type=\"widget\" data-e-type=\"widget\" data-widget_type=\"heading.default\">\n\t\t\t\t<div class=\"elementor-widget-container\">\n\t\t\t\t\t<h1 class=\"elementor-heading-title elementor-size-default\">Vertriebspartner werden<\/h1>\t\t\t\t<\/div>\n\t\t\t\t<\/div>\n\t\t\t\t\t<\/div>\n\t\t\t\t<\/div>\n\t\t<div class=\"elementor-element elementor-element-c56df27 e-flex e-con-boxed e-con e-parent\" data-id=\"c56df27\" data-element_type=\"container\" data-e-type=\"container\" data-settings=\"{&quot;background_background&quot;:&quot;classic&quot;}\">\n\t\t\t\t\t<div class=\"e-con-inner\">\n\t\t<div class=\"elementor-element elementor-element-0d30214 e-con-full e-flex e-con e-child\" data-id=\"0d30214\" data-element_type=\"container\" data-e-type=\"container\" data-settings=\"{&quot;background_background&quot;:&quot;classic&quot;}\">\n\t\t<div class=\"elementor-element elementor-element-5041c93 e-con-full e-flex e-con e-child\" data-id=\"5041c93\" data-element_type=\"container\" data-e-type=\"container\" data-settings=\"{&quot;background_background&quot;:&quot;classic&quot;}\">\n\t\t\t\t<div class=\"elementor-element elementor-element-c05eba0 elementor-widget elementor-widget-html\" data-id=\"c05eba0\" data-element_type=\"widget\" data-e-type=\"widget\" data-widget_type=\"html.default\">\n\t\t\t\t<div class=\"elementor-widget-container\">\n\t\t\t\t\t<!-- Formulaire HubSpot en Anglais -->\n<div id=\"hubspot-form-en-old\" style=\"display: block;\">\n<script charset=\"utf-8\" type=\"text\/javascript\" src=\"\/\/js.hsforms.net\/forms\/embed\/v2.js\"><\/script>\n<script>\n  hbspt.forms.create({\n    region: \"na1\",\n    portalId: \"9158560\",\n    formId: \"679b3496-56e8-41fe-befc-387abfd5fe81\"\n  });\n<\/script>\n\n<\/div>\n\t\t\t\t<\/div>\n\t\t\t\t<\/div>\n\t\t\t\t<div class=\"elementor-element elementor-element-506828f elementor-hidden-desktop elementor-hidden-laptop elementor-hidden-tablet elementor-hidden-mobile elementor-widget elementor-widget-html\" data-id=\"506828f\" data-element_type=\"widget\" data-e-type=\"widget\" data-widget_type=\"html.default\">\n\t\t\t\t<div class=\"elementor-widget-container\">\n\t\t\t\t\t<!-- Formulaire HubSpot en Fran\u00e7ais -->\n<div id=\"hubspot-form-fr-old\" style=\"display: none;\">\n    <script charset=\"utf-8\" type=\"text\/javascript\" src=\"\/\/js.hsforms.net\/forms\/embed\/v2.js\"><\/script>\n<script>\n  hbspt.forms.create({\n    region: \"na1\",\n    portalId: \"9158560\",\n    formId: \"055a7da6-c8ee-4a14-b019-d0539b6ef808\"\n  });\n<\/script>\n<\/div>\t\t\t\t<\/div>\n\t\t\t\t<\/div>\n\t\t\t\t<\/div>\n\t\t\t\t<\/div>\n\t\t<div class=\"elementor-element elementor-element-2e5daad e-con-full e-flex e-con e-child\" data-id=\"2e5daad\" data-element_type=\"container\" data-e-type=\"container\">\n\t\t<div class=\"elementor-element elementor-element-849a2d7 e-con-full e-flex e-con e-child\" data-id=\"849a2d7\" data-element_type=\"container\" data-e-type=\"container\" data-settings=\"{&quot;background_background&quot;:&quot;classic&quot;}\">\n\t\t\t\t<div class=\"elementor-element elementor-element-c038b6d elementor-widget elementor-widget-heading\" data-id=\"c038b6d\" data-element_type=\"widget\" data-e-type=\"widget\" data-widget_type=\"heading.default\">\n\t\t\t\t<div class=\"elementor-widget-container\">\n\t\t\t\t\t<div class=\"elementor-heading-title elementor-size-default\">M\u00f6chten Sie die vielversprechendsten Roboter und ihr Zubeh\u00f6r vertreiben?<\/div>\t\t\t\t<\/div>\n\t\t\t\t<\/div>\n\t\t\t\t<div class=\"elementor-element elementor-element-f945717 elementor-widget-divider--view-line elementor-widget elementor-widget-divider\" data-id=\"f945717\" data-element_type=\"widget\" data-e-type=\"widget\" data-widget_type=\"divider.default\">\n\t\t\t\t<div class=\"elementor-widget-container\">\n\t\t\t\t\t\t\t<div class=\"elementor-divider\">\n\t\t\t<span class=\"elementor-divider-separator\">\n\t\t\t\t\t\t<\/span>\n\t\t<\/div>\n\t\t\t\t\t\t<\/div>\n\t\t\t\t<\/div>\n\t\t<div class=\"elementor-element elementor-element-2f15522 e-flex e-con-boxed e-con e-child\" data-id=\"2f15522\" data-element_type=\"container\" data-e-type=\"container\">\n\t\t\t\t\t<div class=\"e-con-inner\">\n\t\t\t\t<div class=\"elementor-element elementor-element-f23c92f elementor-widget elementor-widget-text-editor\" data-id=\"f23c92f\" data-element_type=\"widget\" data-e-type=\"widget\" data-widget_type=\"text-editor.default\">\n\t\t\t\t<div class=\"elementor-widget-container\">\n\t\t\t\t\t\t\t\t\t<p>Schlie\u00dfen Sie sich den vielen H\u00e4ndlern an, die unseren Produkten vertraut haben und uns immer noch vertrauen.<\/p><p>Wir sehen langfristig. Und Sie? Lassen Sie uns reden.  <\/p>\t\t\t\t\t\t\t\t<\/div>\n\t\t\t\t<\/div>\n\t\t\t\t\t<\/div>\n\t\t\t\t<\/div>\n\t\t\t\t<\/div>\n\t\t\t\t<\/div>\n\t\t\t\t\t<\/div>\n\t\t\t\t<\/div>\n\t\t\t\t<\/div>\n\t\t","protected":false},"excerpt":{"rendered":"<p>M\u00f6chten Sie die vielversprechendsten Roboter und ihr Zubeh\u00f6r vertreiben? Schlie\u00dfen Sie sich den vielen H\u00e4ndlern an, die unseren Produkten vertraut haben und uns immer noch vertrauen. Wir sehen langfristig. Und Sie? Lassen Sie uns reden.<\/p>\n","protected":false},"author":3,"featured_media":0,"parent":0,"menu_order":0,"comment_status":"closed","ping_status":"closed","template":"","meta":{"_acf_changed":false,"content-type":"","footnotes":""},"class_list":["post-26124","page","type-page","status-publish","hentry"],"acf":[],"yoast_head":"<!-- This site is optimized with the Yoast SEO plugin v27.2 - https:\/\/yoast.com\/product\/yoast-seo-wordpress\/ -->\n<title>Werden Sie Vertriebspartner von Niryo und seinen Produkten<\/title>\n<meta name=\"description\" content=\"Werden Sie privilegierter Niryo-Vertriebspartner und beteiligen Sie sich an der Demokratisierung der Robotik im Bildungsbereich. Kontaktieren Sie uns und erfahren Sie mehr.\" \/>\n<meta name=\"robots\" content=\"index, follow, max-snippet:-1, max-image-preview:large, max-video-preview:-1\" \/>\n<link rel=\"canonical\" href=\"https:\/\/niryo.com\/de\/vertriebspartner-werden\/\" \/>\n<meta property=\"og:locale\" content=\"de_DE\" \/>\n<meta property=\"og:type\" content=\"article\" \/>\n<meta property=\"og:title\" content=\"Werden Sie Vertriebspartner von Niryo und seinen Produkten\" \/>\n<meta property=\"og:description\" content=\"Werden Sie privilegierter Niryo-Vertriebspartner und beteiligen Sie sich an der Demokratisierung der Robotik im Bildungsbereich. Kontaktieren Sie uns und erfahren Sie mehr.\" \/>\n<meta property=\"og:url\" content=\"https:\/\/niryo.com\/de\/vertriebspartner-werden\/\" \/>\n<meta property=\"og:site_name\" content=\"Niryo\" \/>\n<meta property=\"article:modified_time\" content=\"2025-05-05T09:05:18+00:00\" \/>\n<meta name=\"twitter:card\" content=\"summary_large_image\" \/>\n<script type=\"application\/ld+json\" class=\"yoast-schema-graph\">{\"@context\":\"https:\/\/schema.org\",\"@graph\":[{\"@type\":\"WebPage\",\"@id\":\"https:\/\/niryo.com\/de\/vertriebspartner-werden\/\",\"url\":\"https:\/\/niryo.com\/de\/vertriebspartner-werden\/\",\"name\":\"Werden Sie Vertriebspartner von Niryo und seinen Produkten\",\"isPartOf\":{\"@id\":\"https:\/\/niryo.com\/de\/#website\"},\"datePublished\":\"2024-06-10T13:16:50+00:00\",\"dateModified\":\"2025-05-05T09:05:18+00:00\",\"description\":\"Werden Sie privilegierter Niryo-Vertriebspartner und beteiligen Sie sich an der Demokratisierung der Robotik im Bildungsbereich. Kontaktieren Sie uns und erfahren Sie mehr.\",\"breadcrumb\":{\"@id\":\"https:\/\/niryo.com\/de\/vertriebspartner-werden\/#breadcrumb\"},\"inLanguage\":\"de\",\"potentialAction\":[{\"@type\":\"ReadAction\",\"target\":[\"https:\/\/niryo.com\/de\/vertriebspartner-werden\/\"]}]},{\"@type\":\"BreadcrumbList\",\"@id\":\"https:\/\/niryo.com\/de\/vertriebspartner-werden\/#breadcrumb\",\"itemListElement\":[{\"@type\":\"ListItem\",\"position\":1,\"name\":\"Home\",\"item\":\"https:\/\/niryo.com\/de\/\"},{\"@type\":\"ListItem\",\"position\":2,\"name\":\"Vertriebspartner werden\"}]},{\"@type\":\"WebSite\",\"@id\":\"https:\/\/niryo.com\/de\/#website\",\"url\":\"https:\/\/niryo.com\/de\/\",\"name\":\"Niryo\",\"description\":\"Robotics designed for what matters\",\"publisher\":{\"@id\":\"https:\/\/niryo.com\/de\/#organization\"},\"potentialAction\":[{\"@type\":\"SearchAction\",\"target\":{\"@type\":\"EntryPoint\",\"urlTemplate\":\"https:\/\/niryo.com\/de\/?s={search_term_string}\"},\"query-input\":{\"@type\":\"PropertyValueSpecification\",\"valueRequired\":true,\"valueName\":\"search_term_string\"}}],\"inLanguage\":\"de\"},{\"@type\":\"Organization\",\"@id\":\"https:\/\/niryo.com\/de\/#organization\",\"name\":\"Niryo\",\"url\":\"https:\/\/niryo.com\/de\/\",\"logo\":{\"@type\":\"ImageObject\",\"inLanguage\":\"de\",\"@id\":\"https:\/\/niryo.com\/de\/#\/schema\/logo\/image\/\",\"url\":\"https:\/\/niryo.com\/wp-content\/uploads\/2026\/02\/Favicon-Niryo.svg\",\"contentUrl\":\"https:\/\/niryo.com\/wp-content\/uploads\/2026\/02\/Favicon-Niryo.svg\",\"width\":512,\"height\":512,\"caption\":\"Niryo\"},\"image\":{\"@id\":\"https:\/\/niryo.com\/de\/#\/schema\/logo\/image\/\"},\"sameAs\":[\"https:\/\/www.linkedin.com\/company\/10970402\/admin\/feed\/posts\/\",\"https:\/\/www.tiktok.com\/@niryo_robotics\",\"https:\/\/www.instagram.com\/niryo_robotics\/\",\"https:\/\/discord.com\/invite\/EqpPYTf9FJ\"]}]}<\/script>\n<!-- \/ Yoast SEO plugin. -->","yoast_head_json":{"title":"Werden Sie Vertriebspartner von Niryo und seinen Produkten","description":"Werden Sie privilegierter Niryo-Vertriebspartner und beteiligen Sie sich an der Demokratisierung der Robotik im Bildungsbereich. Kontaktieren Sie uns und erfahren Sie mehr.","robots":{"index":"index","follow":"follow","max-snippet":"max-snippet:-1","max-image-preview":"max-image-preview:large","max-video-preview":"max-video-preview:-1"},"canonical":"https:\/\/niryo.com\/de\/vertriebspartner-werden\/","og_locale":"de_DE","og_type":"article","og_title":"Werden Sie Vertriebspartner von Niryo und seinen Produkten","og_description":"Werden Sie privilegierter Niryo-Vertriebspartner und beteiligen Sie sich an der Demokratisierung der Robotik im Bildungsbereich. Kontaktieren Sie uns und erfahren Sie mehr.","og_url":"https:\/\/niryo.com\/de\/vertriebspartner-werden\/","og_site_name":"Niryo","article_modified_time":"2025-05-05T09:05:18+00:00","twitter_card":"summary_large_image","schema":{"@context":"https:\/\/schema.org","@graph":[{"@type":"WebPage","@id":"https:\/\/niryo.com\/de\/vertriebspartner-werden\/","url":"https:\/\/niryo.com\/de\/vertriebspartner-werden\/","name":"Werden Sie Vertriebspartner von Niryo und seinen Produkten","isPartOf":{"@id":"https:\/\/niryo.com\/de\/#website"},"datePublished":"2024-06-10T13:16:50+00:00","dateModified":"2025-05-05T09:05:18+00:00","description":"Werden Sie privilegierter Niryo-Vertriebspartner und beteiligen Sie sich an der Demokratisierung der Robotik im Bildungsbereich. Kontaktieren Sie uns und erfahren Sie mehr.","breadcrumb":{"@id":"https:\/\/niryo.com\/de\/vertriebspartner-werden\/#breadcrumb"},"inLanguage":"de","potentialAction":[{"@type":"ReadAction","target":["https:\/\/niryo.com\/de\/vertriebspartner-werden\/"]}]},{"@type":"BreadcrumbList","@id":"https:\/\/niryo.com\/de\/vertriebspartner-werden\/#breadcrumb","itemListElement":[{"@type":"ListItem","position":1,"name":"Home","item":"https:\/\/niryo.com\/de\/"},{"@type":"ListItem","position":2,"name":"Vertriebspartner werden"}]},{"@type":"WebSite","@id":"https:\/\/niryo.com\/de\/#website","url":"https:\/\/niryo.com\/de\/","name":"Niryo","description":"Robotics designed for what matters","publisher":{"@id":"https:\/\/niryo.com\/de\/#organization"},"potentialAction":[{"@type":"SearchAction","target":{"@type":"EntryPoint","urlTemplate":"https:\/\/niryo.com\/de\/?s={search_term_string}"},"query-input":{"@type":"PropertyValueSpecification","valueRequired":true,"valueName":"search_term_string"}}],"inLanguage":"de"},{"@type":"Organization","@id":"https:\/\/niryo.com\/de\/#organization","name":"Niryo","url":"https:\/\/niryo.com\/de\/","logo":{"@type":"ImageObject","inLanguage":"de","@id":"https:\/\/niryo.com\/de\/#\/schema\/logo\/image\/","url":"https:\/\/niryo.com\/wp-content\/uploads\/2026\/02\/Favicon-Niryo.svg","contentUrl":"https:\/\/niryo.com\/wp-content\/uploads\/2026\/02\/Favicon-Niryo.svg","width":512,"height":512,"caption":"Niryo"},"image":{"@id":"https:\/\/niryo.com\/de\/#\/schema\/logo\/image\/"},"sameAs":["https:\/\/www.linkedin.com\/company\/10970402\/admin\/feed\/posts\/","https:\/\/www.tiktok.com\/@niryo_robotics","https:\/\/www.instagram.com\/niryo_robotics\/","https:\/\/discord.com\/invite\/EqpPYTf9FJ"]}]}},"_links":{"self":[{"href":"https:\/\/niryo.com\/de\/wp-json\/wp\/v2\/pages\/26124","targetHints":{"allow":["GET"]}}],"collection":[{"href":"https:\/\/niryo.com\/de\/wp-json\/wp\/v2\/pages"}],"about":[{"href":"https:\/\/niryo.com\/de\/wp-json\/wp\/v2\/types\/page"}],"author":[{"embeddable":true,"href":"https:\/\/niryo.com\/de\/wp-json\/wp\/v2\/users\/3"}],"replies":[{"embeddable":true,"href":"https:\/\/niryo.com\/de\/wp-json\/wp\/v2\/comments?post=26124"}],"version-history":[{"count":0,"href":"https:\/\/niryo.com\/de\/wp-json\/wp\/v2\/pages\/26124\/revisions"}],"wp:attachment":[{"href":"https:\/\/niryo.com\/de\/wp-json\/wp\/v2\/media?parent=26124"}],"curies":[{"name":"wp","href":"https:\/\/api.w.org\/{rel}","templated":true}]}}