{"id":31790,"date":"2025-07-01T11:19:37","date_gmt":"2025-07-01T09:19:37","guid":{"rendered":"https:\/\/niryo.com\/product\/tragetasche\/"},"modified":"2025-10-22T10:47:06","modified_gmt":"2025-10-22T08:47:06","slug":"schutzkoffer","status":"publish","type":"product","link":"https:\/\/niryo.com\/de\/produkt\/schutzkoffer\/","title":{"rendered":"Schutzkoffer"},"content":{"rendered":"\t\t<div data-elementor-type=\"product-post\" data-elementor-id=\"31790\" class=\"elementor elementor-31790 elementor-31736\" data-elementor-post-type=\"product\">\n\t\t\t\t<div class=\"elementor-element elementor-element-f7d101c elementor-hidden-mobile e-con-full e-flex e-con e-parent\" data-id=\"f7d101c\" data-element_type=\"container\" data-e-type=\"container\">\n\t\t<div class=\"elementor-element elementor-element-5f81f73 e-flex e-con-boxed e-con e-child\" data-id=\"5f81f73\" data-element_type=\"container\" data-e-type=\"container\">\n\t\t\t\t\t<div class=\"e-con-inner\">\n\t\t<div class=\"elementor-element elementor-element-6ecf38c e-con-full e-flex e-con e-child\" data-id=\"6ecf38c\" data-element_type=\"container\" data-e-type=\"container\" data-settings=\"{&quot;background_background&quot;:&quot;video&quot;,&quot;background_video_link&quot;:&quot;https:\\\/\\\/niryo.com\\\/wp-content\\\/uploads\\\/2025\\\/10\\\/Release%20Carrying%20Case%20Niryo_V1.webm&quot;,&quot;background_video_start&quot;:0,&quot;background_video_end&quot;:100,&quot;background_play_on_mobile&quot;:&quot;yes&quot;}\">\n\t\t<div class=\"elementor-background-video-container\">\n\t\t\t\t\t\t\t<video class=\"elementor-background-video-hosted\" role=\"presentation\" autoplay muted playsinline loop><\/video>\n\t\t\t\t\t<\/div>\t\t<\/div>\n\t\t\t\t\t<\/div>\n\t\t\t\t<\/div>\n\t\t\t\t<div class=\"elementor-element elementor-element-8721f37 elementor-widget-divider--view-line elementor-widget elementor-widget-divider\" data-id=\"8721f37\" data-element_type=\"widget\" data-e-type=\"widget\" data-widget_type=\"divider.default\">\n\t\t\t\t<div class=\"elementor-widget-container\">\n\t\t\t\t\t\t\t<div class=\"elementor-divider\">\n\t\t\t<span class=\"elementor-divider-separator\">\n\t\t\t\t\t\t<\/span>\n\t\t<\/div>\n\t\t\t\t\t\t<\/div>\n\t\t\t\t<\/div>\n\t\t\t\t<\/div>\n\t\t<div class=\"elementor-element elementor-element-20c2291 e-flex e-con-boxed e-con e-parent\" data-id=\"20c2291\" data-element_type=\"container\" data-e-type=\"container\">\n\t\t\t\t\t<div class=\"e-con-inner\">\n\t\t\t\t<div class=\"elementor-element elementor-element-321bb42 elementor-widget__width-initial elementor-widget-laptop__width-initial elementor-widget elementor-widget-heading\" data-id=\"321bb42\" data-element_type=\"widget\" data-e-type=\"widget\" data-widget_type=\"heading.default\">\n\t\t\t\t<div class=\"elementor-widget-container\">\n\t\t\t\t\t<h2 class=\"elementor-heading-title elementor-size-default\">Was sind die Vorteile der Tragetasche?<\/h2>\t\t\t\t<\/div>\n\t\t\t\t<\/div>\n\t\t<div class=\"elementor-element elementor-element-82e9ed8 e-con-full e-flex e-con e-child\" data-id=\"82e9ed8\" data-element_type=\"container\" data-e-type=\"container\">\n\t\t<div class=\"elementor-element elementor-element-d071ec4 e-con-full e-flex e-con e-child\" data-id=\"d071ec4\" data-element_type=\"container\" data-e-type=\"container\" data-settings=\"{&quot;background_background&quot;:&quot;classic&quot;}\">\n\t\t\t\t<div class=\"elementor-element elementor-element-45e77a2 elementor-widget elementor-widget-image\" data-id=\"45e77a2\" data-element_type=\"widget\" data-e-type=\"widget\" data-widget_type=\"image.default\">\n\t\t\t\t<div class=\"elementor-widget-container\">\n\t\t\t\t\t\t\t\t\t\t\t\t\t\t\t<img loading=\"lazy\" decoding=\"async\" width=\"300\" height=\"300\" src=\"https:\/\/niryo.com\/wp-content\/uploads\/2025\/10\/Case-hero1-1000px-1-300x300.jpg\" class=\"attachment-medium size-medium wp-image-34351\" alt=\"\" srcset=\"https:\/\/niryo.com\/wp-content\/uploads\/2025\/10\/Case-hero1-1000px-1-300x300.jpg 300w, https:\/\/niryo.com\/wp-content\/uploads\/2025\/10\/Case-hero1-1000px-1-150x150.jpg 150w, https:\/\/niryo.com\/wp-content\/uploads\/2025\/10\/Case-hero1-1000px-1-768x768.jpg 768w, https:\/\/niryo.com\/wp-content\/uploads\/2025\/10\/Case-hero1-1000px-1-100x100.jpg 100w, https:\/\/niryo.com\/wp-content\/uploads\/2025\/10\/Case-hero1-1000px-1.jpg 1000w\" sizes=\"auto, (max-width: 300px) 100vw, 300px\" \/>\t\t\t\t\t\t\t\t\t\t\t\t\t\t\t<\/div>\n\t\t\t\t<\/div>\n\t\t\t\t<div class=\"elementor-element elementor-element-5ca9959 elementor-widget elementor-widget-heading\" data-id=\"5ca9959\" data-element_type=\"widget\" data-e-type=\"widget\" data-widget_type=\"heading.default\">\n\t\t\t\t<div class=\"elementor-widget-container\">\n\t\t\t\t\t<h3 class=\"elementor-heading-title elementor-size-default\">Einfacher Transport au\u00dferhalb des Campus<\/h3>\t\t\t\t<\/div>\n\t\t\t\t<\/div>\n\t\t\t\t<div class=\"elementor-element elementor-element-863a893 elementor-widget elementor-widget-text-editor\" data-id=\"863a893\" data-element_type=\"widget\" data-e-type=\"widget\" data-widget_type=\"text-editor.default\">\n\t\t\t\t<div class=\"elementor-widget-container\">\n\t\t\t\t\t\t\t\t\t<p><span style=\"font-weight: 400;\">Bringen Sie Ihr Discovery Bundle oder STEM Pack problemlos zu au\u00dferschulischen Aktivit\u00e4ten.<\/span><\/p>\t\t\t\t\t\t\t\t<\/div>\n\t\t\t\t<\/div>\n\t\t\t\t<\/div>\n\t\t<div class=\"elementor-element elementor-element-b46132d e-con-full e-flex e-con e-child\" data-id=\"b46132d\" data-element_type=\"container\" data-e-type=\"container\" data-settings=\"{&quot;background_background&quot;:&quot;classic&quot;}\">\n\t\t\t\t<div class=\"elementor-element elementor-element-8371556 elementor-widget elementor-widget-image\" data-id=\"8371556\" data-element_type=\"widget\" data-e-type=\"widget\" data-widget_type=\"image.default\">\n\t\t\t\t<div class=\"elementor-widget-container\">\n\t\t\t\t\t\t\t\t\t\t\t\t\t\t\t<img loading=\"lazy\" decoding=\"async\" width=\"300\" height=\"300\" src=\"https:\/\/niryo.com\/wp-content\/uploads\/2025\/10\/Case-hero3-1000px-1-300x300.jpg\" class=\"attachment-woocommerce_thumbnail size-woocommerce_thumbnail wp-image-34366\" alt=\"\" srcset=\"https:\/\/niryo.com\/wp-content\/uploads\/2025\/10\/Case-hero3-1000px-1-300x300.jpg 300w, https:\/\/niryo.com\/wp-content\/uploads\/2025\/10\/Case-hero3-1000px-1-150x150.jpg 150w, https:\/\/niryo.com\/wp-content\/uploads\/2025\/10\/Case-hero3-1000px-1-768x768.jpg 768w, https:\/\/niryo.com\/wp-content\/uploads\/2025\/10\/Case-hero3-1000px-1-100x100.jpg 100w, https:\/\/niryo.com\/wp-content\/uploads\/2025\/10\/Case-hero3-1000px-1.jpg 1000w\" sizes=\"auto, (max-width: 300px) 100vw, 300px\" \/>\t\t\t\t\t\t\t\t\t\t\t\t\t\t\t<\/div>\n\t\t\t\t<\/div>\n\t\t\t\t<div class=\"elementor-element elementor-element-cc9067f elementor-widget elementor-widget-heading\" data-id=\"cc9067f\" data-element_type=\"widget\" data-e-type=\"widget\" data-widget_type=\"heading.default\">\n\t\t\t\t<div class=\"elementor-widget-container\">\n\t\t\t\t\t<h3 class=\"elementor-heading-title elementor-size-default\">Sicherer Schutz<\/h3>\t\t\t\t<\/div>\n\t\t\t\t<\/div>\n\t\t\t\t<div class=\"elementor-element elementor-element-7460207 elementor-widget elementor-widget-text-editor\" data-id=\"7460207\" data-element_type=\"widget\" data-e-type=\"widget\" data-widget_type=\"text-editor.default\">\n\t\t\t\t<div class=\"elementor-widget-container\">\n\t\t\t\t\t\t\t\t\t<p><span style=\"font-weight: 400;\">Rangez votre \u00e9quipement en toute s\u00e9curit\u00e9 et gagnez de la place m\u00eame en rotation de mat\u00e9riel.<\/span><\/p>\t\t\t\t\t\t\t\t<\/div>\n\t\t\t\t<\/div>\n\t\t\t\t<\/div>\n\t\t<div class=\"elementor-element elementor-element-8f2a086 e-con-full e-flex e-con e-child\" data-id=\"8f2a086\" data-element_type=\"container\" data-e-type=\"container\" data-settings=\"{&quot;background_background&quot;:&quot;classic&quot;}\">\n\t\t\t\t<div class=\"elementor-element elementor-element-2df755a elementor-widget elementor-widget-heading\" data-id=\"2df755a\" data-element_type=\"widget\" data-e-type=\"widget\" data-widget_type=\"heading.default\">\n\t\t\t\t<div class=\"elementor-widget-container\">\n\t\t\t\t\t<h3 class=\"elementor-heading-title elementor-size-default\">Gr\u00f6\u00dfen<\/h3>\t\t\t\t<\/div>\n\t\t\t\t<\/div>\n\t\t\t\t<div class=\"elementor-element elementor-element-91e39c6 elementor-widget elementor-widget-text-editor\" data-id=\"91e39c6\" data-element_type=\"widget\" data-e-type=\"widget\" data-widget_type=\"text-editor.default\">\n\t\t\t\t<div class=\"elementor-widget-container\">\n\t\t\t\t\t\t\t\t\t<p><b>Gewicht:<\/b><span style=\"font-weight: 400;\"> 12,6 kg <\/span><\/p><p><span style=\"font-weight: 400;\">(leer, inkl. Schutzschaum)<\/span><\/p><p><b>Gewicht:<\/b><span style=\"font-weight: 400;\"> 31,5 kg <\/span><\/p><p><span style=\"font-weight: 400;\">(mit vollst\u00e4ndigem Discovery Bundle)<\/span><\/p><p><b>Abmessungen:<\/b><span style=\"font-weight: 400;\"> 800 \u00d7 600 \u00d7 450 mm<\/span><\/p><p><b>Verschluss:<\/b><span style=\"font-weight: 400;\"> 4-Punkt-Verschluss<\/span><\/p><p><b>Sicherheit:<\/b><span style=\"font-weight: 400;\"> 2 Schl\u00f6sser, 4 Schl\u00fcssel<\/span><\/p><p><b>Farbe:<\/b><span style=\"font-weight: 400;\"> Grau<\/span><\/p><p><b>Mobilit\u00e4t:<\/b><span style=\"font-weight: 400;\"> 2 Rollen und ausziehbarer Griff<\/span><\/p>\t\t\t\t\t\t\t\t<\/div>\n\t\t\t\t<\/div>\n\t\t\t\t<\/div>\n\t\t\t\t<\/div>\n\t\t\t\t\t<\/div>\n\t\t\t\t<\/div>\n\t\t<div class=\"elementor-element elementor-element-ce6943d e-flex e-con-boxed e-con e-parent\" data-id=\"ce6943d\" data-element_type=\"container\" data-e-type=\"container\">\n\t\t\t\t\t<div class=\"e-con-inner\">\n\t\t\t\t<div class=\"elementor-element elementor-element-64009bc elementor-widget elementor-widget-template\" data-id=\"64009bc\" data-element_type=\"widget\" data-e-type=\"widget\" data-widget_type=\"template.default\">\n\t\t\t\t<div class=\"elementor-widget-container\">\n\t\t\t\t\t\t\t<div class=\"elementor-template\">\n\t\t\t\t\t<div data-elementor-type=\"container\" data-elementor-id=\"25775\" class=\"elementor elementor-25775 elementor-22474 elementor-22474\" data-elementor-post-type=\"elementor_library\">\n\t\t\t\t<div class=\"elementor-element elementor-element-1fadf8d e-con-full e-flex e-con e-parent\" data-id=\"1fadf8d\" data-element_type=\"container\" data-e-type=\"container\">\n\t\t\t\t<div class=\"elementor-element elementor-element-807a4ac elementor-widget elementor-widget-heading\" data-id=\"807a4ac\" data-element_type=\"widget\" data-e-type=\"widget\" data-widget_type=\"heading.default\">\n\t\t\t\t<div class=\"elementor-widget-container\">\n\t\t\t\t\t<span class=\"elementor-heading-title elementor-size-default\">L\u00f6sungen f\u00fcr alle<\/span>\t\t\t\t<\/div>\n\t\t\t\t<\/div>\n\t\t\t\t<div class=\"elementor-element elementor-element-172d275 elementor-widget__width-initial elementor-widget elementor-widget-heading\" data-id=\"172d275\" data-element_type=\"widget\" data-e-type=\"widget\" data-widget_type=\"heading.default\">\n\t\t\t\t<div class=\"elementor-widget-container\">\n\t\t\t\t\t<h2 class=\"elementor-heading-title elementor-size-default\">Unsere p\u00e4dagogischen L\u00f6sungen<\/h2>\t\t\t\t<\/div>\n\t\t\t\t<\/div>\n\t\t\t\t<\/div>\n\t\t\t\t<\/div>\n\t\t\t\t<\/div>\n\t\t\t\t\t\t<\/div>\n\t\t\t\t<\/div>\n\t\t\t\t\t<\/div>\n\t\t\t\t<\/div>\n\t\t\t\t<\/div>\n\t\t","protected":false},"excerpt":{"rendered":"<p><span style=\"font-weight: 400;\">Einfacher Transport und sichere Aufbewahrung f\u00fcr Ihren Niryo-Roboter.<\/span><\/p>\n<p><span style=\"font-weight: 400;\">Der Niryo Schutzkoffer erleichtert das Bewegen und Lagern Ihres Discovery Bundles oder STEM Packs erheblich.<\/span><\/p>\n<p><span style=\"font-weight: 400;\">Ob Sie ein Sommercamp, einen Wissenschafts-Workshop, eine Science-Fair organisieren oder das Material einfach von einem Labor oder Klassenzimmer zum anderen transportieren<\/span><span style=\"font-weight: 400;\">\u00a0dieser Koffer ist darauf ausgelegt, Ihre Logistik zu vereinfachen und Ihre Ausr\u00fcstung zu sch\u00fctzen.<\/span><\/p>\n<p><span style=\"font-weight: 400;\">Einzeln erh\u00e4ltlich oder im Discovery Kit enthalten, ist der Niryo Schutzkoffer der ideale Begleiter f\u00fcr Lehrkr\u00e4fte und Betreuer, die Flexibilit\u00e4t, Sicherheit und Praktikabilit\u00e4t ohne Kompromisse suchen.<\/span><\/p>\n","protected":false},"featured_media":31756,"template":"","meta":{"_acf_changed":false,"content-type":""},"area":[],"platform":[],"sector":[],"product_brand":[],"product_cat":[163],"class_list":{"0":"post-31790","1":"product","2":"type-product","3":"status-publish","4":"has-post-thumbnail","6":"product_cat-default-de","8":"first","9":"instock","10":"taxable","11":"shipping-taxable","12":"purchasable","13":"product-type-variable","14":"has-default-attributes"},"acf":[],"yoast_head":"<!-- This site is optimized with the Yoast SEO plugin v27.2 - https:\/\/yoast.com\/product\/yoast-seo-wordpress\/ -->\n<title>Schutzkoffer f\u00fcr Discovery Bundle<\/title>\n<meta name=\"description\" content=\"Machen Sie den Transport und die Aufbewahrung Ihres Discovery Bundles, Ihres NED3Prod oder eines beliebigen benutzerdefinierten Bundles mit unserer ma\u00dfgefertigten Niryo Schutzkoffer einfacher denn je.\" \/>\n<meta name=\"robots\" content=\"index, follow, max-snippet:-1, max-image-preview:large, max-video-preview:-1\" \/>\n<link rel=\"canonical\" href=\"https:\/\/niryo.com\/de\/produkt\/schutzkoffer\/\" \/>\n<meta property=\"og:locale\" content=\"de_DE\" \/>\n<meta property=\"og:type\" content=\"article\" \/>\n<meta property=\"og:title\" content=\"Schutzkoffer f\u00fcr Discovery Bundle\" \/>\n<meta property=\"og:description\" content=\"Machen Sie den Transport und die Aufbewahrung Ihres Discovery Bundles, Ihres NED3Prod oder eines beliebigen benutzerdefinierten Bundles mit unserer ma\u00dfgefertigten Niryo Schutzkoffer einfacher denn je.\" \/>\n<meta property=\"og:url\" content=\"https:\/\/niryo.com\/de\/produkt\/schutzkoffer\/\" \/>\n<meta property=\"og:site_name\" content=\"Niryo\" \/>\n<meta property=\"article:modified_time\" content=\"2025-10-22T08:47:06+00:00\" \/>\n<meta property=\"og:image\" content=\"https:\/\/niryo.com\/wp-content\/uploads\/2025\/07\/Case-hero1-1000px.jpg\" \/>\n\t<meta property=\"og:image:width\" content=\"1000\" \/>\n\t<meta property=\"og:image:height\" content=\"1000\" \/>\n\t<meta property=\"og:image:type\" content=\"image\/jpeg\" \/>\n<meta name=\"twitter:card\" content=\"summary_large_image\" \/>\n<script type=\"application\/ld+json\" class=\"yoast-schema-graph\">{\"@context\":\"https:\/\/schema.org\",\"@graph\":[{\"@type\":\"WebPage\",\"@id\":\"https:\/\/niryo.com\/de\/produkt\/schutzkoffer\/\",\"url\":\"https:\/\/niryo.com\/de\/produkt\/schutzkoffer\/\",\"name\":\"Schutzkoffer f\u00fcr Discovery Bundle\",\"isPartOf\":{\"@id\":\"https:\/\/niryo.com\/de\/#website\"},\"primaryImageOfPage\":{\"@id\":\"https:\/\/niryo.com\/de\/produkt\/schutzkoffer\/#primaryimage\"},\"image\":{\"@id\":\"https:\/\/niryo.com\/de\/produkt\/schutzkoffer\/#primaryimage\"},\"thumbnailUrl\":\"https:\/\/niryo.com\/wp-content\/uploads\/2025\/07\/Case-hero1-1000px.jpg\",\"datePublished\":\"2025-07-01T09:19:37+00:00\",\"dateModified\":\"2025-10-22T08:47:06+00:00\",\"description\":\"Machen Sie den Transport und die Aufbewahrung Ihres Discovery Bundles, Ihres NED3Prod oder eines beliebigen benutzerdefinierten Bundles mit unserer ma\u00dfgefertigten Niryo Schutzkoffer einfacher denn je.\",\"breadcrumb\":{\"@id\":\"https:\/\/niryo.com\/de\/produkt\/schutzkoffer\/#breadcrumb\"},\"inLanguage\":\"de\",\"potentialAction\":[{\"@type\":\"ReadAction\",\"target\":[\"https:\/\/niryo.com\/de\/produkt\/schutzkoffer\/\"]}]},{\"@type\":\"ImageObject\",\"inLanguage\":\"de\",\"@id\":\"https:\/\/niryo.com\/de\/produkt\/schutzkoffer\/#primaryimage\",\"url\":\"https:\/\/niryo.com\/wp-content\/uploads\/2025\/07\/Case-hero1-1000px.jpg\",\"contentUrl\":\"https:\/\/niryo.com\/wp-content\/uploads\/2025\/07\/Case-hero1-1000px.jpg\",\"width\":1000,\"height\":1000},{\"@type\":\"BreadcrumbList\",\"@id\":\"https:\/\/niryo.com\/de\/produkt\/schutzkoffer\/#breadcrumb\",\"itemListElement\":[{\"@type\":\"ListItem\",\"position\":1,\"name\":\"Home\",\"item\":\"https:\/\/niryo.com\/de\/\"},{\"@type\":\"ListItem\",\"position\":2,\"name\":\"Produkte\",\"item\":\"https:\/\/niryo.com\/de\/shop\/\"},{\"@type\":\"ListItem\",\"position\":3,\"name\":\"Schutzkoffer\"}]},{\"@type\":\"WebSite\",\"@id\":\"https:\/\/niryo.com\/de\/#website\",\"url\":\"https:\/\/niryo.com\/de\/\",\"name\":\"Niryo\",\"description\":\"Robotics designed for what matters\",\"publisher\":{\"@id\":\"https:\/\/niryo.com\/de\/#organization\"},\"potentialAction\":[{\"@type\":\"SearchAction\",\"target\":{\"@type\":\"EntryPoint\",\"urlTemplate\":\"https:\/\/niryo.com\/de\/?s={search_term_string}\"},\"query-input\":{\"@type\":\"PropertyValueSpecification\",\"valueRequired\":true,\"valueName\":\"search_term_string\"}}],\"inLanguage\":\"de\"},{\"@type\":\"Organization\",\"@id\":\"https:\/\/niryo.com\/de\/#organization\",\"name\":\"Niryo\",\"url\":\"https:\/\/niryo.com\/de\/\",\"logo\":{\"@type\":\"ImageObject\",\"inLanguage\":\"de\",\"@id\":\"https:\/\/niryo.com\/de\/#\/schema\/logo\/image\/\",\"url\":\"https:\/\/niryo.com\/wp-content\/uploads\/2026\/02\/Favicon-Niryo.svg\",\"contentUrl\":\"https:\/\/niryo.com\/wp-content\/uploads\/2026\/02\/Favicon-Niryo.svg\",\"width\":512,\"height\":512,\"caption\":\"Niryo\"},\"image\":{\"@id\":\"https:\/\/niryo.com\/de\/#\/schema\/logo\/image\/\"},\"sameAs\":[\"https:\/\/www.linkedin.com\/company\/10970402\/admin\/feed\/posts\/\",\"https:\/\/www.tiktok.com\/@niryo_robotics\",\"https:\/\/www.instagram.com\/niryo_robotics\/\",\"https:\/\/discord.com\/invite\/EqpPYTf9FJ\"]}]}<\/script>\n<!-- \/ Yoast SEO plugin. -->","yoast_head_json":{"title":"Schutzkoffer f\u00fcr Discovery Bundle","description":"Machen Sie den Transport und die Aufbewahrung Ihres Discovery Bundles, Ihres NED3Prod oder eines beliebigen benutzerdefinierten Bundles mit unserer ma\u00dfgefertigten Niryo Schutzkoffer einfacher denn je.","robots":{"index":"index","follow":"follow","max-snippet":"max-snippet:-1","max-image-preview":"max-image-preview:large","max-video-preview":"max-video-preview:-1"},"canonical":"https:\/\/niryo.com\/de\/produkt\/schutzkoffer\/","og_locale":"de_DE","og_type":"article","og_title":"Schutzkoffer f\u00fcr Discovery Bundle","og_description":"Machen Sie den Transport und die Aufbewahrung Ihres Discovery Bundles, Ihres NED3Prod oder eines beliebigen benutzerdefinierten Bundles mit unserer ma\u00dfgefertigten Niryo Schutzkoffer einfacher denn je.","og_url":"https:\/\/niryo.com\/de\/produkt\/schutzkoffer\/","og_site_name":"Niryo","article_modified_time":"2025-10-22T08:47:06+00:00","og_image":[{"width":1000,"height":1000,"url":"https:\/\/niryo.com\/wp-content\/uploads\/2025\/07\/Case-hero1-1000px.jpg","type":"image\/jpeg"}],"twitter_card":"summary_large_image","schema":{"@context":"https:\/\/schema.org","@graph":[{"@type":"WebPage","@id":"https:\/\/niryo.com\/de\/produkt\/schutzkoffer\/","url":"https:\/\/niryo.com\/de\/produkt\/schutzkoffer\/","name":"Schutzkoffer f\u00fcr Discovery Bundle","isPartOf":{"@id":"https:\/\/niryo.com\/de\/#website"},"primaryImageOfPage":{"@id":"https:\/\/niryo.com\/de\/produkt\/schutzkoffer\/#primaryimage"},"image":{"@id":"https:\/\/niryo.com\/de\/produkt\/schutzkoffer\/#primaryimage"},"thumbnailUrl":"https:\/\/niryo.com\/wp-content\/uploads\/2025\/07\/Case-hero1-1000px.jpg","datePublished":"2025-07-01T09:19:37+00:00","dateModified":"2025-10-22T08:47:06+00:00","description":"Machen Sie den Transport und die Aufbewahrung Ihres Discovery Bundles, Ihres NED3Prod oder eines beliebigen benutzerdefinierten Bundles mit unserer ma\u00dfgefertigten Niryo Schutzkoffer einfacher denn je.","breadcrumb":{"@id":"https:\/\/niryo.com\/de\/produkt\/schutzkoffer\/#breadcrumb"},"inLanguage":"de","potentialAction":[{"@type":"ReadAction","target":["https:\/\/niryo.com\/de\/produkt\/schutzkoffer\/"]}]},{"@type":"ImageObject","inLanguage":"de","@id":"https:\/\/niryo.com\/de\/produkt\/schutzkoffer\/#primaryimage","url":"https:\/\/niryo.com\/wp-content\/uploads\/2025\/07\/Case-hero1-1000px.jpg","contentUrl":"https:\/\/niryo.com\/wp-content\/uploads\/2025\/07\/Case-hero1-1000px.jpg","width":1000,"height":1000},{"@type":"BreadcrumbList","@id":"https:\/\/niryo.com\/de\/produkt\/schutzkoffer\/#breadcrumb","itemListElement":[{"@type":"ListItem","position":1,"name":"Home","item":"https:\/\/niryo.com\/de\/"},{"@type":"ListItem","position":2,"name":"Produkte","item":"https:\/\/niryo.com\/de\/shop\/"},{"@type":"ListItem","position":3,"name":"Schutzkoffer"}]},{"@type":"WebSite","@id":"https:\/\/niryo.com\/de\/#website","url":"https:\/\/niryo.com\/de\/","name":"Niryo","description":"Robotics designed for what matters","publisher":{"@id":"https:\/\/niryo.com\/de\/#organization"},"potentialAction":[{"@type":"SearchAction","target":{"@type":"EntryPoint","urlTemplate":"https:\/\/niryo.com\/de\/?s={search_term_string}"},"query-input":{"@type":"PropertyValueSpecification","valueRequired":true,"valueName":"search_term_string"}}],"inLanguage":"de"},{"@type":"Organization","@id":"https:\/\/niryo.com\/de\/#organization","name":"Niryo","url":"https:\/\/niryo.com\/de\/","logo":{"@type":"ImageObject","inLanguage":"de","@id":"https:\/\/niryo.com\/de\/#\/schema\/logo\/image\/","url":"https:\/\/niryo.com\/wp-content\/uploads\/2026\/02\/Favicon-Niryo.svg","contentUrl":"https:\/\/niryo.com\/wp-content\/uploads\/2026\/02\/Favicon-Niryo.svg","width":512,"height":512,"caption":"Niryo"},"image":{"@id":"https:\/\/niryo.com\/de\/#\/schema\/logo\/image\/"},"sameAs":["https:\/\/www.linkedin.com\/company\/10970402\/admin\/feed\/posts\/","https:\/\/www.tiktok.com\/@niryo_robotics","https:\/\/www.instagram.com\/niryo_robotics\/","https:\/\/discord.com\/invite\/EqpPYTf9FJ"]}]}},"_links":{"self":[{"href":"https:\/\/niryo.com\/de\/wp-json\/wp\/v2\/product\/31790","targetHints":{"allow":["GET"]}}],"collection":[{"href":"https:\/\/niryo.com\/de\/wp-json\/wp\/v2\/product"}],"about":[{"href":"https:\/\/niryo.com\/de\/wp-json\/wp\/v2\/types\/product"}],"version-history":[{"count":0,"href":"https:\/\/niryo.com\/de\/wp-json\/wp\/v2\/product\/31790\/revisions"}],"wp:featuredmedia":[{"embeddable":true,"href":"https:\/\/niryo.com\/de\/wp-json\/wp\/v2\/media\/31756"}],"wp:attachment":[{"href":"https:\/\/niryo.com\/de\/wp-json\/wp\/v2\/media?parent=31790"}],"wp:term":[{"taxonomy":"area","embeddable":true,"href":"https:\/\/niryo.com\/de\/wp-json\/wp\/v2\/area?post=31790"},{"taxonomy":"platform","embeddable":true,"href":"https:\/\/niryo.com\/de\/wp-json\/wp\/v2\/platform?post=31790"},{"taxonomy":"sector","embeddable":true,"href":"https:\/\/niryo.com\/de\/wp-json\/wp\/v2\/sector?post=31790"},{"taxonomy":"product_brand","embeddable":true,"href":"https:\/\/niryo.com\/de\/wp-json\/wp\/v2\/product_brand?post=31790"},{"taxonomy":"product_cat","embeddable":true,"href":"https:\/\/niryo.com\/de\/wp-json\/wp\/v2\/product_cat?post=31790"}],"curies":[{"name":"wp","href":"https:\/\/api.w.org\/{rel}","templated":true}]}}