{"id":23598,"date":"2025-03-18T17:53:22","date_gmt":"2025-03-18T16:53:22","guid":{"rendered":"https:\/\/niryo.com\/?page_id=23598"},"modified":"2025-04-07T18:28:05","modified_gmt":"2025-04-07T16:28:05","slug":"niryo-success-pour-l-education","status":"publish","type":"page","link":"https:\/\/niryo.com\/fr\/niryo-pour-l-education\/niryo-success-pour-l-education\/","title":{"rendered":"Niryo Success pour l&rsquo;\u00e9ducation"},"content":{"rendered":"\t\t<div data-elementor-type=\"wp-page\" data-elementor-id=\"23598\" class=\"elementor elementor-23598 elementor-20931\" data-elementor-post-type=\"page\">\n\t\t\t\t<div class=\"elementor-element elementor-element-9b0fb13 e-flex e-con-boxed e-con e-parent\" data-id=\"9b0fb13\" data-element_type=\"container\" data-e-type=\"container\">\n\t\t\t\t\t<div class=\"e-con-inner\">\n\t\t<div class=\"elementor-element elementor-element-99443f0 e-con-full e-flex e-con e-child\" data-id=\"99443f0\" data-element_type=\"container\" data-e-type=\"container\">\n\t\t\t\t<div class=\"elementor-element elementor-element-97dbaaa elementor-widget elementor-widget-button\" data-id=\"97dbaaa\" data-element_type=\"widget\" data-e-type=\"widget\" data-widget_type=\"button.default\">\n\t\t\t\t<div class=\"elementor-widget-container\">\n\t\t\t\t\t\t\t\t\t<div class=\"elementor-button-wrapper\">\n\t\t\t\t\t<a class=\"elementor-button elementor-size-sm\" role=\"button\">\n\t\t\t\t\t\t<span class=\"elementor-button-content-wrapper\">\n\t\t\t\t\t\t\t\t\t<span class=\"elementor-button-text\">Niryo pour l'\u00e9ducation<\/span>\n\t\t\t\t\t<\/span>\n\t\t\t\t\t<\/a>\n\t\t\t\t<\/div>\n\t\t\t\t\t\t\t\t<\/div>\n\t\t\t\t<\/div>\n\t\t\t\t<div class=\"elementor-element elementor-element-80a354d elementor-widget elementor-widget-heading\" data-id=\"80a354d\" data-element_type=\"widget\" data-e-type=\"widget\" data-widget_type=\"heading.default\">\n\t\t\t\t<div class=\"elementor-widget-container\">\n\t\t\t\t\t<h1 class=\"elementor-heading-title elementor-size-default\">Niryo Success<br>pour l'\u00e9ducation<\/h1>\t\t\t\t<\/div>\n\t\t\t\t<\/div>\n\t\t\t\t<div class=\"elementor-element elementor-element-982a227 elementor-widget elementor-widget-text-editor\" data-id=\"982a227\" data-element_type=\"widget\" data-e-type=\"widget\" data-widget_type=\"text-editor.default\">\n\t\t\t\t<div class=\"elementor-widget-container\">\n\t\t\t\t\t\t\t\t\t<p>Notre \u00e9quipe vous accompagne depuis la prise en main de votre robot et tout au long de votre utilisation afin de vous permettre d\u2019atteindre vos objectifs p\u00e9dagogiques. \u2028Votre r\u00e9ussite et celle de vos \u00e9tudiants sont notre priorit\u00e9.<\/p>\t\t\t\t\t\t\t\t<\/div>\n\t\t\t\t<\/div>\n\t\t\t\t<\/div>\n\t\t<div class=\"elementor-element elementor-element-6d74b92 e-con-full e-flex e-con e-child\" data-id=\"6d74b92\" data-element_type=\"container\" data-e-type=\"container\" data-settings=\"{&quot;background_background&quot;:&quot;classic&quot;}\">\n\t\t\t\t<div class=\"elementor-element elementor-element-918b2d4 elementor-widget elementor-widget-image\" data-id=\"918b2d4\" data-element_type=\"widget\" data-e-type=\"widget\" data-widget_type=\"image.default\">\n\t\t\t\t<div class=\"elementor-widget-container\">\n\t\t\t\t\t\t\t\t\t\t\t\t\t\t\t<img loading=\"lazy\" decoding=\"async\" width=\"541\" height=\"523\" src=\"https:\/\/niryo.com\/wp-content\/uploads\/2025\/03\/niryo-success-industry.png\" class=\"attachment-full size-full wp-image-20776\" alt=\"\" \/>\t\t\t\t\t\t\t\t\t\t\t\t\t\t\t<\/div>\n\t\t\t\t<\/div>\n\t\t\t\t<\/div>\n\t\t\t\t\t<\/div>\n\t\t\t\t<\/div>\n\t\t<div class=\"elementor-element elementor-element-412161f e-flex e-con-boxed e-con e-parent\" data-id=\"412161f\" data-element_type=\"container\" data-e-type=\"container\">\n\t\t\t\t\t<div class=\"e-con-inner\">\n\t\t<div class=\"elementor-element elementor-element-2ed7c3a e-con-full e-flex e-con e-child\" data-id=\"2ed7c3a\" data-element_type=\"container\" data-e-type=\"container\">\n\t\t\t\t<div class=\"elementor-element elementor-element-e857ac0 elementor-widget elementor-widget-heading\" data-id=\"e857ac0\" data-element_type=\"widget\" data-e-type=\"widget\" data-widget_type=\"heading.default\">\n\t\t\t\t<div class=\"elementor-widget-container\">\n\t\t\t\t\t<span class=\"elementor-heading-title elementor-size-default\">Inclus avec votre robot<\/span>\t\t\t\t<\/div>\n\t\t\t\t<\/div>\n\t\t\t\t<div class=\"elementor-element elementor-element-d72e51f elementor-widget elementor-widget-heading\" data-id=\"d72e51f\" data-element_type=\"widget\" data-e-type=\"widget\" data-widget_type=\"heading.default\">\n\t\t\t\t<div class=\"elementor-widget-container\">\n\t\t\t\t\t<h2 class=\"elementor-heading-title elementor-size-default\">Pour une prise en main \u2028et une utilisation efficace<\/h2>\t\t\t\t<\/div>\n\t\t\t\t<\/div>\n\t\t\t\t<div class=\"elementor-element elementor-element-dcf526f elementor-widget elementor-widget-text-editor\" data-id=\"dcf526f\" data-element_type=\"widget\" data-e-type=\"widget\" data-widget_type=\"text-editor.default\">\n\t\t\t\t<div class=\"elementor-widget-container\">\n\t\t\t\t\t\t\t\t\t<p>Soyez accompagn\u00e9 par notre \u00e9quipe d\u00e9di\u00e9e pour d\u00e9marrer avec vos robots et les utiliser en toute s\u00e9r\u00e9nit\u00e9 avec vos apprenants<\/p>\t\t\t\t\t\t\t\t<\/div>\n\t\t\t\t<\/div>\n\t\t\t\t<div class=\"elementor-element elementor-element-0036055 elementor-widget elementor-widget-niryo_vertical_steps_v2\" data-id=\"0036055\" data-element_type=\"widget\" data-e-type=\"widget\" data-widget_type=\"niryo_vertical_steps_v2.default\">\n\t\t\t\t<div class=\"elementor-widget-container\">\n\t\t\t\t\t\t\t<div class=\"niryo-elementor-vertical-steps\">\n\n            \n                <div class=\"step\">\n\n                    \n                        <div class=\"title\">\n                            Session de formation \u00e0 distance                        <\/div>\n\n                    \n                    \n                        <div class=\"text\">\n                            <p>Une visioconf\u00e9rence avec l\u2019\u00e9quipe CSM pour vous guider dans l\u2019installation de votre robot et vous pr\u00e9senter ses fonctionnalit\u00e9s essentielles<\/p>                        <\/div>\n\n                    \n                    \n                <\/div>\n\n            \n                <div class=\"step\">\n\n                    \n                        <div class=\"title\">\n                            Points de suivi r\u00e9guliers                        <\/div>\n\n                    \n                    \n                        <div class=\"text\">\n                            <p>Tout au long de votre utilisation des solutions Niryo, nous restons \u00e0 votre \u00e9coute pour nous assurer que vous et vos \u00e9tudiants ayez une exp\u00e9rience optimale<\/p>                        <\/div>\n\n                    \n                    \n                <\/div>\n\n            \n                <div class=\"step\">\n\n                    \n                        <div class=\"title\">\n                            Une plateforme de ressources \u00e9ducatives unique                        <\/div>\n\n                    \n                    \n                        <div class=\"text\">\n                            <p>Notre plateforme NiryoAcademy vous donne acc\u00e8s \u00e0 des contenus p\u00e9dagogiques adapt\u00e9s \u00e0 diff\u00e9rents niveaux d\u2019enseignement: initiation \u00e0 la programmation, automatisations, IA... D\u00e9couvrez nos contenus cl\u00e9s en main, facilement d\u00e9ployables en salle de classe pour garantir la r\u00e9ussite de vos \u00e9l\u00e8ves.<\/p>                        <\/div>\n\n                    \n                    \n                        <a href=\"https:\/\/academy.niryo.com\/\" target=\"_blank\" class=\"link\">\n\t\t\t\t\t\t\tExplorer NiryoAcademy\t\t\t\t\t\t\t<svg width=\"28\" height=\"28\" viewBox=\"0 0 28 28\" fill=\"none\" xmlns=\"http:\/\/www.w3.org\/2000\/svg\"><path d=\"M10.5 7L17.5 14L10.5 21\" stroke=\"#1865FF\" stroke-width=\"1.5\" stroke-linecap=\"round\" stroke-linejoin=\"round\"\/><\/svg>\n\t\t\t\t\t\t<\/a>\n\n                    \n                <\/div>\n\n            \n                <div class=\"step\">\n\n                    \n                        <div class=\"title\">\n                            Assistance \u00e0 l\u2019utilisation                         <\/div>\n\n                    \n                    \n                        <div class=\"text\">\n                            <p>Une question sur l\u2019utilisation de vos robots? Nos \u00e9quipes sont l\u00e0 pour vous guider et acc\u00e9der aux ressources Niryo pour une utilisation en toute autonomie<\/p>                        <\/div>\n\n                    \n                    \n                <\/div>\n\n            \n\t\t<\/div>\n\n\t\t\t\t\t\t<\/div>\n\t\t\t\t<\/div>\n\t\t\t\t<\/div>\n\t\t<div class=\"elementor-element elementor-element-a82fad0 e-con-full e-flex e-con e-child\" data-id=\"a82fad0\" data-element_type=\"container\" data-e-type=\"container\" data-settings=\"{&quot;background_background&quot;:&quot;classic&quot;}\">\n\t\t\t\t<div class=\"elementor-element elementor-element-3250223 elementor-widget elementor-widget-image\" data-id=\"3250223\" data-element_type=\"widget\" data-e-type=\"widget\" data-settings=\"{&quot;sticky&quot;:&quot;top&quot;,&quot;sticky_on&quot;:[&quot;desktop&quot;,&quot;laptop&quot;,&quot;tablet_extra&quot;,&quot;tablet&quot;,&quot;mobile_extra&quot;],&quot;sticky_offset&quot;:120,&quot;sticky_effects_offset&quot;:20,&quot;sticky_parent&quot;:&quot;yes&quot;,&quot;sticky_anchor_link_offset&quot;:0}\" data-widget_type=\"image.default\">\n\t\t\t\t<div class=\"elementor-widget-container\">\n\t\t\t\t\t\t\t\t\t\t\t\t\t\t\t<img loading=\"lazy\" decoding=\"async\" width=\"768\" height=\"1021\" src=\"https:\/\/niryo.com\/wp-content\/uploads\/2025\/03\/niryo-success-edu-illustation-3.jpg\" class=\"attachment-full size-full wp-image-22239\" alt=\"\" \/>\t\t\t\t\t\t\t\t\t\t\t\t\t\t\t<\/div>\n\t\t\t\t<\/div>\n\t\t\t\t<\/div>\n\t\t\t\t\t<\/div>\n\t\t\t\t<\/div>\n\t\t<div class=\"elementor-element elementor-element-bfa70d9 e-flex e-con-boxed e-con e-parent\" data-id=\"bfa70d9\" data-element_type=\"container\" data-e-type=\"container\">\n\t\t\t\t\t<div class=\"e-con-inner\">\n\t\t<div class=\"elementor-element elementor-element-1705c08 e-con-full e-flex e-con e-child\" data-id=\"1705c08\" data-element_type=\"container\" data-e-type=\"container\">\n\t\t\t\t<div class=\"elementor-element elementor-element-a20c01e elementor-widget elementor-widget-heading\" data-id=\"a20c01e\" data-element_type=\"widget\" data-e-type=\"widget\" data-widget_type=\"heading.default\">\n\t\t\t\t<div class=\"elementor-widget-container\">\n\t\t\t\t\t<span class=\"elementor-heading-title elementor-size-default\">Pour aller plus loin<\/span>\t\t\t\t<\/div>\n\t\t\t\t<\/div>\n\t\t\t\t<div class=\"elementor-element elementor-element-4b4919e elementor-widget elementor-widget-heading\" data-id=\"4b4919e\" data-element_type=\"widget\" data-e-type=\"widget\" data-widget_type=\"heading.default\">\n\t\t\t\t<div class=\"elementor-widget-container\">\n\t\t\t\t\t<h2 class=\"elementor-heading-title elementor-size-default\"><span class=\"expert-gradient\">Niryo Expert+<\/span><br>pour l'\u00e9ducation<\/h2>\t\t\t\t<\/div>\n\t\t\t\t<\/div>\n\t\t\t\t<div class=\"elementor-element elementor-element-9af8e59 elementor-widget elementor-widget-heading\" data-id=\"9af8e59\" data-element_type=\"widget\" data-e-type=\"widget\" data-widget_type=\"heading.default\">\n\t\t\t\t<div class=\"elementor-widget-container\">\n\t\t\t\t\t<h3 class=\"elementor-heading-title elementor-size-default\">Une exp\u00e9rience personnalis\u00e9e<\/h3>\t\t\t\t<\/div>\n\t\t\t\t<\/div>\n\t\t\t\t<div class=\"elementor-element elementor-element-600dc72 elementor-widget elementor-widget-text-editor\" data-id=\"600dc72\" data-element_type=\"widget\" data-e-type=\"widget\" data-widget_type=\"text-editor.default\">\n\t\t\t\t<div class=\"elementor-widget-container\">\n\t\t\t\t\t\t\t\t\t<p>Vous avez besoin d\u2019une assistance d\u00e9di\u00e9e, qui r\u00e9pond pr\u00e9cis\u00e9ment \u00e0 votre projet d\u2019enseignement et qui s\u2019adapte \u00e0 votre rythme?<\/p>\t\t\t\t\t\t\t\t<\/div>\n\t\t\t\t<\/div>\n\t\t\t\t<div class=\"elementor-element elementor-element-b875cfc elementor-widget elementor-widget-niryo_vertical_steps_v2\" data-id=\"b875cfc\" data-element_type=\"widget\" data-e-type=\"widget\" data-widget_type=\"niryo_vertical_steps_v2.default\">\n\t\t\t\t<div class=\"elementor-widget-container\">\n\t\t\t\t\t\t\t<div class=\"niryo-elementor-vertical-steps\">\n\n            \n                <div class=\"step\">\n\n                    \n                        <div class=\"title\">\n                            Support d\u00e9di\u00e9 et accompagnement                        <\/div>\n\n                    \n                    \n                        <div class=\"text\">\n                            <p>Un expert d\u00e9di\u00e9 vous accompagne par e-mail et visioconf\u00e9rence tout au long du programme de 16h.<\/p>                        <\/div>\n\n                    \n                    \n                <\/div>\n\n            \n                <div class=\"step\">\n\n                    \n                        <div class=\"title\">\n                            Conseils personnalis\u00e9s                         <\/div>\n\n                    \n                    \n                        <div class=\"text\">\n                            <p>Nous sommes \u00e0 votre \u00e9coute et concevrons un programme d\u2019accompagnement qui r\u00e9pond \u00e0 votre projet d\u2019enseignement pour nous assurer que vos robots r\u00e9pondent \u00e0 vos besoins pr\u00e9cis et sur-mesure.<\/p>                        <\/div>\n\n                    \n                    \n                <\/div>\n\n            \n                <div class=\"step\">\n\n                    \n                        <div class=\"title\">\n                            Expertise en programmation robotique                        <\/div>\n\n                    \n                    \n                        <div class=\"text\">\n                            <p>Un expert en robotique vous guide dans l\u2019utilisation du robot: quel que soit votre besoin ou votre environnement de programmation.<\/p>                        <\/div>\n\n                    \n                    \n                <\/div>\n\n            \n\t\t<\/div>\n\n\t\t\t\t\t\t<\/div>\n\t\t\t\t<\/div>\n\t\t\t\t<div class=\"elementor-element elementor-element-e720b0a elementor-tablet-align-justify elementor-widget elementor-widget-button\" data-id=\"e720b0a\" data-element_type=\"widget\" data-e-type=\"widget\" data-widget_type=\"button.default\">\n\t\t\t\t<div class=\"elementor-widget-container\">\n\t\t\t\t\t\t\t\t\t<div class=\"elementor-button-wrapper\">\n\t\t\t\t\t<a class=\"elementor-button elementor-button-link elementor-size-sm\" href=\"https:\/\/niryo.com\/fr\/niryo-pour-l-education\/niryo-expert-pour-l-education\/\">\n\t\t\t\t\t\t<span class=\"elementor-button-content-wrapper\">\n\t\t\t\t\t\t\t\t\t<span class=\"elementor-button-text\">D\u00e9couvrir le service<\/span>\n\t\t\t\t\t<\/span>\n\t\t\t\t\t<\/a>\n\t\t\t\t<\/div>\n\t\t\t\t\t\t\t\t<\/div>\n\t\t\t\t<\/div>\n\t\t\t\t<\/div>\n\t\t<div class=\"elementor-element elementor-element-186f682 e-con-full e-flex e-con e-child\" data-id=\"186f682\" data-element_type=\"container\" data-e-type=\"container\" data-settings=\"{&quot;background_background&quot;:&quot;classic&quot;}\">\n\t\t\t\t<div class=\"elementor-element elementor-element-87d8712 elementor-widget elementor-widget-image\" data-id=\"87d8712\" data-element_type=\"widget\" data-e-type=\"widget\" data-settings=\"{&quot;sticky&quot;:&quot;top&quot;,&quot;sticky_on&quot;:[&quot;desktop&quot;,&quot;laptop&quot;,&quot;tablet_extra&quot;,&quot;tablet&quot;,&quot;mobile_extra&quot;],&quot;sticky_offset&quot;:120,&quot;sticky_effects_offset&quot;:20,&quot;sticky_parent&quot;:&quot;yes&quot;,&quot;sticky_anchor_link_offset&quot;:0}\" data-widget_type=\"image.default\">\n\t\t\t\t<div class=\"elementor-widget-container\">\n\t\t\t\t\t\t\t\t\t\t\t\t\t\t\t<img loading=\"lazy\" decoding=\"async\" width=\"760\" height=\"997\" src=\"https:\/\/niryo.com\/wp-content\/uploads\/2025\/03\/niryo-success-edu-illustation-2.jpg\" class=\"attachment-full size-full wp-image-20965\" alt=\"\" \/>\t\t\t\t\t\t\t\t\t\t\t\t\t\t\t<\/div>\n\t\t\t\t<\/div>\n\t\t\t\t<\/div>\n\t\t\t\t\t<\/div>\n\t\t\t\t<\/div>\n\t\t\t\t<\/div>\n\t\t","protected":false},"excerpt":{"rendered":"<p>Niryo pour l&rsquo;\u00e9ducation Niryo Successpour l&rsquo;\u00e9ducation Notre \u00e9quipe vous accompagne depuis la prise en main de votre robot et tout au long de votre utilisation afin de vous permettre d\u2019atteindre vos objectifs p\u00e9dagogiques. \u2028Votre r\u00e9ussite et celle de vos \u00e9tudiants sont notre priorit\u00e9. Inclus avec votre robot Pour une prise en main \u2028et une utilisation [&hellip;]<\/p>\n","protected":false},"author":3,"featured_media":0,"parent":23580,"menu_order":0,"comment_status":"closed","ping_status":"closed","template":"","meta":{"_acf_changed":false,"content-type":"","footnotes":""},"class_list":["post-23598","page","type-page","status-publish","hentry"],"acf":[],"yoast_head":"<!-- This site is optimized with the Yoast SEO plugin v27.2 - https:\/\/yoast.com\/product\/yoast-seo-wordpress\/ -->\n<title>Niryo Success pour l&#039;\u00e9ducation - Niryo<\/title>\n<meta name=\"robots\" content=\"index, follow, max-snippet:-1, max-image-preview:large, max-video-preview:-1\" \/>\n<link rel=\"canonical\" href=\"https:\/\/niryo.com\/fr\/niryo-pour-l-education\/niryo-success-pour-l-education\/\" \/>\n<meta property=\"og:locale\" content=\"fr_FR\" \/>\n<meta property=\"og:type\" content=\"article\" \/>\n<meta property=\"og:title\" content=\"Niryo Success pour l&#039;\u00e9ducation - Niryo\" \/>\n<meta property=\"og:description\" content=\"Niryo pour l&rsquo;\u00e9ducation Niryo Successpour l&rsquo;\u00e9ducation Notre \u00e9quipe vous accompagne depuis la prise en main de votre robot et tout au long de votre utilisation afin de vous permettre d\u2019atteindre vos objectifs p\u00e9dagogiques. \u2028Votre r\u00e9ussite et celle de vos \u00e9tudiants sont notre priorit\u00e9. Inclus avec votre robot Pour une prise en main \u2028et une utilisation [&hellip;]\" \/>\n<meta property=\"og:url\" content=\"https:\/\/niryo.com\/fr\/niryo-pour-l-education\/niryo-success-pour-l-education\/\" \/>\n<meta property=\"og:site_name\" content=\"Niryo\" \/>\n<meta property=\"article:modified_time\" content=\"2025-04-07T16:28:05+00:00\" \/>\n<meta property=\"og:image\" content=\"https:\/\/niryo.com\/wp-content\/uploads\/2025\/03\/niryo-success-industry.png\" \/>\n<meta name=\"twitter:card\" content=\"summary_large_image\" \/>\n<meta name=\"twitter:label1\" content=\"Dur\u00e9e de lecture estim\u00e9e\" \/>\n\t<meta name=\"twitter:data1\" content=\"3 minutes\" \/>\n<script type=\"application\/ld+json\" class=\"yoast-schema-graph\">{\"@context\":\"https:\/\/schema.org\",\"@graph\":[{\"@type\":\"WebPage\",\"@id\":\"https:\/\/niryo.com\/fr\/niryo-pour-l-education\/niryo-success-pour-l-education\/\",\"url\":\"https:\/\/niryo.com\/fr\/niryo-pour-l-education\/niryo-success-pour-l-education\/\",\"name\":\"Niryo Success pour l'\u00e9ducation - Niryo\",\"isPartOf\":{\"@id\":\"https:\/\/niryo.com\/fr\/#website\"},\"primaryImageOfPage\":{\"@id\":\"https:\/\/niryo.com\/fr\/niryo-pour-l-education\/niryo-success-pour-l-education\/#primaryimage\"},\"image\":{\"@id\":\"https:\/\/niryo.com\/fr\/niryo-pour-l-education\/niryo-success-pour-l-education\/#primaryimage\"},\"thumbnailUrl\":\"https:\/\/niryo.com\/wp-content\/uploads\/2025\/03\/niryo-success-industry.png\",\"datePublished\":\"2025-03-18T16:53:22+00:00\",\"dateModified\":\"2025-04-07T16:28:05+00:00\",\"breadcrumb\":{\"@id\":\"https:\/\/niryo.com\/fr\/niryo-pour-l-education\/niryo-success-pour-l-education\/#breadcrumb\"},\"inLanguage\":\"fr-FR\",\"potentialAction\":[{\"@type\":\"ReadAction\",\"target\":[\"https:\/\/niryo.com\/fr\/niryo-pour-l-education\/niryo-success-pour-l-education\/\"]}]},{\"@type\":\"ImageObject\",\"inLanguage\":\"fr-FR\",\"@id\":\"https:\/\/niryo.com\/fr\/niryo-pour-l-education\/niryo-success-pour-l-education\/#primaryimage\",\"url\":\"https:\/\/niryo.com\/wp-content\/uploads\/2025\/03\/niryo-success-industry.png\",\"contentUrl\":\"https:\/\/niryo.com\/wp-content\/uploads\/2025\/03\/niryo-success-industry.png\"},{\"@type\":\"BreadcrumbList\",\"@id\":\"https:\/\/niryo.com\/fr\/niryo-pour-l-education\/niryo-success-pour-l-education\/#breadcrumb\",\"itemListElement\":[{\"@type\":\"ListItem\",\"position\":1,\"name\":\"Home\",\"item\":\"https:\/\/niryo.com\/fr\/\"},{\"@type\":\"ListItem\",\"position\":2,\"name\":\"Niryo pour l&#8217;\u00e9ducation\",\"item\":\"https:\/\/niryo.com\/fr\/niryo-pour-l-education\/\"},{\"@type\":\"ListItem\",\"position\":3,\"name\":\"Niryo Success pour l&#8217;\u00e9ducation\"}]},{\"@type\":\"WebSite\",\"@id\":\"https:\/\/niryo.com\/fr\/#website\",\"url\":\"https:\/\/niryo.com\/fr\/\",\"name\":\"Niryo\",\"description\":\"Empower your robotics potential - Collaborative robots\",\"publisher\":{\"@id\":\"https:\/\/niryo.com\/fr\/#organization\"},\"potentialAction\":[{\"@type\":\"SearchAction\",\"target\":{\"@type\":\"EntryPoint\",\"urlTemplate\":\"https:\/\/niryo.com\/fr\/?s={search_term_string}\"},\"query-input\":{\"@type\":\"PropertyValueSpecification\",\"valueRequired\":true,\"valueName\":\"search_term_string\"}}],\"inLanguage\":\"fr-FR\"},{\"@type\":\"Organization\",\"@id\":\"https:\/\/niryo.com\/fr\/#organization\",\"name\":\"Niryo\",\"url\":\"https:\/\/niryo.com\/fr\/\",\"logo\":{\"@type\":\"ImageObject\",\"inLanguage\":\"fr-FR\",\"@id\":\"https:\/\/niryo.com\/fr\/#\/schema\/logo\/image\/\",\"url\":\"https:\/\/niryo.com\/wp-content\/uploads\/2026\/02\/Favicon-Niryo.svg\",\"contentUrl\":\"https:\/\/niryo.com\/wp-content\/uploads\/2026\/02\/Favicon-Niryo.svg\",\"width\":512,\"height\":512,\"caption\":\"Niryo\"},\"image\":{\"@id\":\"https:\/\/niryo.com\/fr\/#\/schema\/logo\/image\/\"},\"sameAs\":[\"https:\/\/www.linkedin.com\/company\/10970402\/admin\/feed\/posts\/\",\"https:\/\/www.tiktok.com\/@niryo_robotics\",\"https:\/\/www.instagram.com\/niryo_robotics\/\",\"https:\/\/discord.com\/invite\/EqpPYTf9FJ\"]}]}<\/script>\n<!-- \/ Yoast SEO plugin. -->","yoast_head_json":{"title":"Niryo Success pour l'\u00e9ducation - Niryo","robots":{"index":"index","follow":"follow","max-snippet":"max-snippet:-1","max-image-preview":"max-image-preview:large","max-video-preview":"max-video-preview:-1"},"canonical":"https:\/\/niryo.com\/fr\/niryo-pour-l-education\/niryo-success-pour-l-education\/","og_locale":"fr_FR","og_type":"article","og_title":"Niryo Success pour l'\u00e9ducation - Niryo","og_description":"Niryo pour l&rsquo;\u00e9ducation Niryo Successpour l&rsquo;\u00e9ducation Notre \u00e9quipe vous accompagne depuis la prise en main de votre robot et tout au long de votre utilisation afin de vous permettre d\u2019atteindre vos objectifs p\u00e9dagogiques. \u2028Votre r\u00e9ussite et celle de vos \u00e9tudiants sont notre priorit\u00e9. Inclus avec votre robot Pour une prise en main \u2028et une utilisation [&hellip;]","og_url":"https:\/\/niryo.com\/fr\/niryo-pour-l-education\/niryo-success-pour-l-education\/","og_site_name":"Niryo","article_modified_time":"2025-04-07T16:28:05+00:00","og_image":[{"url":"https:\/\/niryo.com\/wp-content\/uploads\/2025\/03\/niryo-success-industry.png","type":"","width":"","height":""}],"twitter_card":"summary_large_image","twitter_misc":{"Dur\u00e9e de lecture estim\u00e9e":"3 minutes"},"schema":{"@context":"https:\/\/schema.org","@graph":[{"@type":"WebPage","@id":"https:\/\/niryo.com\/fr\/niryo-pour-l-education\/niryo-success-pour-l-education\/","url":"https:\/\/niryo.com\/fr\/niryo-pour-l-education\/niryo-success-pour-l-education\/","name":"Niryo Success pour l'\u00e9ducation - Niryo","isPartOf":{"@id":"https:\/\/niryo.com\/fr\/#website"},"primaryImageOfPage":{"@id":"https:\/\/niryo.com\/fr\/niryo-pour-l-education\/niryo-success-pour-l-education\/#primaryimage"},"image":{"@id":"https:\/\/niryo.com\/fr\/niryo-pour-l-education\/niryo-success-pour-l-education\/#primaryimage"},"thumbnailUrl":"https:\/\/niryo.com\/wp-content\/uploads\/2025\/03\/niryo-success-industry.png","datePublished":"2025-03-18T16:53:22+00:00","dateModified":"2025-04-07T16:28:05+00:00","breadcrumb":{"@id":"https:\/\/niryo.com\/fr\/niryo-pour-l-education\/niryo-success-pour-l-education\/#breadcrumb"},"inLanguage":"fr-FR","potentialAction":[{"@type":"ReadAction","target":["https:\/\/niryo.com\/fr\/niryo-pour-l-education\/niryo-success-pour-l-education\/"]}]},{"@type":"ImageObject","inLanguage":"fr-FR","@id":"https:\/\/niryo.com\/fr\/niryo-pour-l-education\/niryo-success-pour-l-education\/#primaryimage","url":"https:\/\/niryo.com\/wp-content\/uploads\/2025\/03\/niryo-success-industry.png","contentUrl":"https:\/\/niryo.com\/wp-content\/uploads\/2025\/03\/niryo-success-industry.png"},{"@type":"BreadcrumbList","@id":"https:\/\/niryo.com\/fr\/niryo-pour-l-education\/niryo-success-pour-l-education\/#breadcrumb","itemListElement":[{"@type":"ListItem","position":1,"name":"Home","item":"https:\/\/niryo.com\/fr\/"},{"@type":"ListItem","position":2,"name":"Niryo pour l&#8217;\u00e9ducation","item":"https:\/\/niryo.com\/fr\/niryo-pour-l-education\/"},{"@type":"ListItem","position":3,"name":"Niryo Success pour l&#8217;\u00e9ducation"}]},{"@type":"WebSite","@id":"https:\/\/niryo.com\/fr\/#website","url":"https:\/\/niryo.com\/fr\/","name":"Niryo","description":"Empower your robotics potential - Collaborative robots","publisher":{"@id":"https:\/\/niryo.com\/fr\/#organization"},"potentialAction":[{"@type":"SearchAction","target":{"@type":"EntryPoint","urlTemplate":"https:\/\/niryo.com\/fr\/?s={search_term_string}"},"query-input":{"@type":"PropertyValueSpecification","valueRequired":true,"valueName":"search_term_string"}}],"inLanguage":"fr-FR"},{"@type":"Organization","@id":"https:\/\/niryo.com\/fr\/#organization","name":"Niryo","url":"https:\/\/niryo.com\/fr\/","logo":{"@type":"ImageObject","inLanguage":"fr-FR","@id":"https:\/\/niryo.com\/fr\/#\/schema\/logo\/image\/","url":"https:\/\/niryo.com\/wp-content\/uploads\/2026\/02\/Favicon-Niryo.svg","contentUrl":"https:\/\/niryo.com\/wp-content\/uploads\/2026\/02\/Favicon-Niryo.svg","width":512,"height":512,"caption":"Niryo"},"image":{"@id":"https:\/\/niryo.com\/fr\/#\/schema\/logo\/image\/"},"sameAs":["https:\/\/www.linkedin.com\/company\/10970402\/admin\/feed\/posts\/","https:\/\/www.tiktok.com\/@niryo_robotics","https:\/\/www.instagram.com\/niryo_robotics\/","https:\/\/discord.com\/invite\/EqpPYTf9FJ"]}]}},"_links":{"self":[{"href":"https:\/\/niryo.com\/fr\/wp-json\/wp\/v2\/pages\/23598","targetHints":{"allow":["GET"]}}],"collection":[{"href":"https:\/\/niryo.com\/fr\/wp-json\/wp\/v2\/pages"}],"about":[{"href":"https:\/\/niryo.com\/fr\/wp-json\/wp\/v2\/types\/page"}],"author":[{"embeddable":true,"href":"https:\/\/niryo.com\/fr\/wp-json\/wp\/v2\/users\/3"}],"replies":[{"embeddable":true,"href":"https:\/\/niryo.com\/fr\/wp-json\/wp\/v2\/comments?post=23598"}],"version-history":[{"count":0,"href":"https:\/\/niryo.com\/fr\/wp-json\/wp\/v2\/pages\/23598\/revisions"}],"up":[{"embeddable":true,"href":"https:\/\/niryo.com\/fr\/wp-json\/wp\/v2\/pages\/23580"}],"wp:attachment":[{"href":"https:\/\/niryo.com\/fr\/wp-json\/wp\/v2\/media?parent=23598"}],"curies":[{"name":"wp","href":"https:\/\/api.w.org\/{rel}","templated":true}]}}