{"id":4250,"date":"2024-06-10T15:26:07","date_gmt":"2024-06-10T13:26:07","guid":{"rendered":"https:\/\/niryo.com\/schedule-a-demo\/"},"modified":"2024-11-05T23:15:36","modified_gmt":"2024-11-05T22:15:36","slug":"planifier-une-demo","status":"publish","type":"page","link":"https:\/\/niryo.com\/fr\/planifier-une-demo\/","title":{"rendered":"Planifier une d\u00e9mo"},"content":{"rendered":"\t\t<div data-elementor-type=\"wp-page\" data-elementor-id=\"4250\" class=\"elementor elementor-4250 elementor-1915\" data-elementor-post-type=\"page\">\n\t\t\t\t<div class=\"elementor-element elementor-element-90eb80a e-flex e-con-boxed e-con e-parent\" data-id=\"90eb80a\" data-element_type=\"container\" data-e-type=\"container\" data-settings=\"{&quot;background_background&quot;:&quot;classic&quot;}\">\n\t\t\t\t\t<div class=\"e-con-inner\">\n\t\t\t\t<div class=\"elementor-element elementor-element-0b6d872 elementor-widget elementor-widget-back_niryo\" data-id=\"0b6d872\" data-element_type=\"widget\" data-e-type=\"widget\" data-widget_type=\"back_niryo.default\">\n\t\t\t\t<div class=\"elementor-widget-container\">\n\t\t\t\t\t\n\t\t<div class=\"back\">\n\t\t\t\t\t<\/div>\n\n\t\t\t\t\t\t<\/div>\n\t\t\t\t<\/div>\n\t\t\t\t<div class=\"elementor-element elementor-element-5dfcd38 elementor-widget elementor-widget-heading\" data-id=\"5dfcd38\" data-element_type=\"widget\" data-e-type=\"widget\" data-widget_type=\"heading.default\">\n\t\t\t\t<div class=\"elementor-widget-container\">\n\t\t\t\t\t<h1 class=\"elementor-heading-title elementor-size-default\"><span style=\"color:#5391FF\">\/<\/span> Planifier une d\u00e9mo<\/h1>\t\t\t\t<\/div>\n\t\t\t\t<\/div>\n\t\t\t\t\t<\/div>\n\t\t\t\t<\/div>\n\t\t<div class=\"elementor-element elementor-element-4323474 e-flex e-con-boxed e-con e-parent\" data-id=\"4323474\" data-element_type=\"container\" data-e-type=\"container\" data-settings=\"{&quot;background_background&quot;:&quot;classic&quot;}\">\n\t\t\t\t\t<div class=\"e-con-inner\">\n\t\t\t\t<div class=\"elementor-element elementor-element-2593ddb elementor-widget elementor-widget-html\" data-id=\"2593ddb\" data-element_type=\"widget\" data-e-type=\"widget\" data-widget_type=\"html.default\">\n\t\t\t\t<div class=\"elementor-widget-container\">\n\t\t\t\t\t<!-- Calendly inline widget begin -->\n<div class=\"calendly-inline-widget calendly-custom-widget\" \n     id=\"calendly-widget\" \n     style=\"position: relative; min-width: 320px; height: 700px;\">\n    <div id=\"loading-indicator\" style=\"text-align:center;\">\n        <div class=\"spinner is-active\"><\/div> <!-- Spinner natif de WordPress -->\n    <\/div>\n<\/div>\n\n<script type=\"text\/javascript\" src=\"https:\/\/assets.calendly.com\/assets\/external\/widget.js\" async><\/script>\n\n<script>\n    \/\/ Fonction pour charger le bon formulaire Calendly\n    function loadCalendlyForm(countryCode) {\n        var calendlyUrl;\n\n        \/\/ D\u00e9finir l'URL du formulaire en fonction du code pays\n        if (countryCode === 'FR') {\n            calendlyUrl = 'https:\/\/calendly.com\/anerot\/rdv-avec-agathe-nerot';\n        } else if (countryCode === 'US') {\n            calendlyUrl = 'https:\/\/calendly.com\/p-baronnat\/30min';\n        } \n        else if (countryCode === 'DE'\n            || countryCode === 'BE'\n            || countryCode === 'NL') \n            {\n            calendlyUrl = 'https:\/\/calendly.com\/anerot\/discovery-of-niryo';\n        }\n        else if (['GB', 'EE', 'LT', 'LV', 'BR', 'AR', 'JP', 'PH', 'ZA', 'CN', 'KR', 'DK', 'NO', 'FI', 'SE', \n            'CZ', 'AL', 'RS', 'HR', 'UY', 'CL', 'EC', 'CO', 'VE', 'JM', 'BG', 'HU', 'RO', 'SI', 'SK', \n            'BD', 'AM', 'AZ', 'LB', 'FI', 'CH', 'CY', 'BA', 'NZ'].includes(countryCode)) {\n            calendlyUrl = 'https:\/\/calendly.com\/r-miller-niryo\/30min';\n        } \n        else {\n            calendlyUrl = 'https:\/\/calendly.com\/s-landart\/30min';\n        }\n\n        \/\/ V\u00e9rifier si un iframe existe d\u00e9j\u00e0\n        const existingIframe = document.querySelector('#calendly-widget iframe');\n        if (existingIframe) {\n            \/\/ Si l'iframe existe, on ne charge pas le widget une deuxi\u00e8me fois\n            return;\n        }\n\n        \/\/ Ajouter l'indicateur de chargement\n        document.getElementById('loading-indicator').style.display = 'block';\n\n        \/\/ Charger le widget Calendly\n        Calendly.initInlineWidget({\n            url: calendlyUrl,\n            parentElement: document.getElementById('calendly-widget')\n        });\n\n        \/\/ Supprimer l'indicateur de chargement lorsque le widget est pr\u00eat\n        setTimeout(function() {\n            document.getElementById('loading-indicator').style.display = 'none';\n        }, 3000); \/\/ Par exemple, apr\u00e8s 3 secondes\n    }\n\n    \/\/ R\u00e9cup\u00e9rer le pays de l'utilisateur via une API de g\u00e9olocalisation IP\n    fetch('https:\/\/ipapi.co\/json?token=5ce1cb4aba8637')\n        .then(response => response.json())\n        .then(data => {\n            var countryCode = data.country_code; \/\/ R\u00e9cup\u00e8re le code pays\n            loadCalendlyForm(countryCode); \/\/ Charge le bon formulaire Calendly\n        })\n        .catch(error => {\n            console.error('Erreur lors de la r\u00e9cup\u00e9ration du pays :', error);\n            loadCalendlyForm('default'); \/\/ Charge le formulaire par d\u00e9faut en cas d'erreur\n        });\n<\/script>\n<!-- Calendly inline widget end -->\n\n<style>\n.calendly-custom-widget {\n    width: 100%;\n    max-width: 100%;\n    position: relative;\n}\n\n@media (min-width: 768px) {\n    .calendly-custom-widget {\n        width: 1000px; \/* Ajustez cette valeur selon vos besoins *\/\n    }\n}\n\n\/* Spinner natif de WordPress *\/\n.spinner {\n    display: inline-block;\n    width: 40px;\n    height: 40px;\n    border: 3px solid rgba(255, 255, 255, .3);\n    border-radius: 50%;\n    border-top-color: #007cba;\n    animation: spin 1s ease-in-out infinite;\n}\n\n@keyframes spin {\n    to { transform: rotate(360deg); }\n}\n<\/style>\n\t\t\t\t<\/div>\n\t\t\t\t<\/div>\n\t\t\t\t\t<\/div>\n\t\t\t\t<\/div>\n\t\t\t\t<\/div>\n\t\t","protected":false},"excerpt":{"rendered":"<p>Back<\/p>\n","protected":false},"author":3,"featured_media":0,"parent":0,"menu_order":0,"comment_status":"closed","ping_status":"closed","template":"","meta":{"_acf_changed":false,"content-type":"","footnotes":""},"class_list":["post-4250","page","type-page","status-publish","hentry"],"acf":[],"yoast_head":"<!-- This site is optimized with the Yoast SEO plugin v27.2 - https:\/\/yoast.com\/product\/yoast-seo-wordpress\/ -->\n<title>Planifier une d\u00e9mo - Niryo<\/title>\n<meta name=\"description\" content=\"Si vous souhaitez en savoir plus sur les robots collaboratifs et leur fonctionnement, prenez rendez-vous avec nous pour une d\u00e9monstration.\" \/>\n<meta name=\"robots\" content=\"index, follow, max-snippet:-1, max-image-preview:large, max-video-preview:-1\" \/>\n<link rel=\"canonical\" href=\"https:\/\/niryo.com\/fr\/planifier-une-demo\/\" \/>\n<meta property=\"og:locale\" content=\"fr_FR\" \/>\n<meta property=\"og:type\" content=\"article\" \/>\n<meta property=\"og:title\" content=\"Planifier une d\u00e9mo - Niryo\" \/>\n<meta property=\"og:description\" content=\"Si vous souhaitez en savoir plus sur les robots collaboratifs et leur fonctionnement, prenez rendez-vous avec nous pour une d\u00e9monstration.\" \/>\n<meta property=\"og:url\" content=\"https:\/\/niryo.com\/fr\/planifier-une-demo\/\" \/>\n<meta property=\"og:site_name\" content=\"Niryo\" \/>\n<meta property=\"article:modified_time\" content=\"2024-11-05T22:15:36+00:00\" \/>\n<meta property=\"og:image\" content=\"https:\/\/niryo.com\/wp-content\/plugins\/niryo\/assets\/icons\/left.svg\" \/>\n<meta name=\"twitter:card\" content=\"summary_large_image\" \/>\n<meta name=\"twitter:label1\" content=\"Dur\u00e9e de lecture estim\u00e9e\" \/>\n\t<meta name=\"twitter:data1\" content=\"1 minute\" \/>\n<script type=\"application\/ld+json\" class=\"yoast-schema-graph\">{\"@context\":\"https:\/\/schema.org\",\"@graph\":[{\"@type\":\"WebPage\",\"@id\":\"https:\/\/niryo.com\/fr\/planifier-une-demo\/\",\"url\":\"https:\/\/niryo.com\/fr\/planifier-une-demo\/\",\"name\":\"Planifier une d\u00e9mo - Niryo\",\"isPartOf\":{\"@id\":\"https:\/\/niryo.com\/fr\/#website\"},\"primaryImageOfPage\":{\"@id\":\"https:\/\/niryo.com\/fr\/planifier-une-demo\/#primaryimage\"},\"image\":{\"@id\":\"https:\/\/niryo.com\/fr\/planifier-une-demo\/#primaryimage\"},\"thumbnailUrl\":\"https:\/\/niryo.com\/wp-content\/plugins\/niryo\/assets\/icons\/left.svg\",\"datePublished\":\"2024-06-10T13:26:07+00:00\",\"dateModified\":\"2024-11-05T22:15:36+00:00\",\"description\":\"Si vous souhaitez en savoir plus sur les robots collaboratifs et leur fonctionnement, prenez rendez-vous avec nous pour une d\u00e9monstration.\",\"breadcrumb\":{\"@id\":\"https:\/\/niryo.com\/fr\/planifier-une-demo\/#breadcrumb\"},\"inLanguage\":\"fr-FR\",\"potentialAction\":[{\"@type\":\"ReadAction\",\"target\":[\"https:\/\/niryo.com\/fr\/planifier-une-demo\/\"]}]},{\"@type\":\"ImageObject\",\"inLanguage\":\"fr-FR\",\"@id\":\"https:\/\/niryo.com\/fr\/planifier-une-demo\/#primaryimage\",\"url\":\"https:\/\/niryo.com\/wp-content\/plugins\/niryo\/assets\/icons\/left.svg\",\"contentUrl\":\"https:\/\/niryo.com\/wp-content\/plugins\/niryo\/assets\/icons\/left.svg\"},{\"@type\":\"BreadcrumbList\",\"@id\":\"https:\/\/niryo.com\/fr\/planifier-une-demo\/#breadcrumb\",\"itemListElement\":[{\"@type\":\"ListItem\",\"position\":1,\"name\":\"Home\",\"item\":\"https:\/\/niryo.com\/fr\/\"},{\"@type\":\"ListItem\",\"position\":2,\"name\":\"Planifier une d\u00e9mo\"}]},{\"@type\":\"WebSite\",\"@id\":\"https:\/\/niryo.com\/fr\/#website\",\"url\":\"https:\/\/niryo.com\/fr\/\",\"name\":\"Niryo\",\"description\":\"Empower your robotics potential - Collaborative robots\",\"publisher\":{\"@id\":\"https:\/\/niryo.com\/fr\/#organization\"},\"potentialAction\":[{\"@type\":\"SearchAction\",\"target\":{\"@type\":\"EntryPoint\",\"urlTemplate\":\"https:\/\/niryo.com\/fr\/?s={search_term_string}\"},\"query-input\":{\"@type\":\"PropertyValueSpecification\",\"valueRequired\":true,\"valueName\":\"search_term_string\"}}],\"inLanguage\":\"fr-FR\"},{\"@type\":\"Organization\",\"@id\":\"https:\/\/niryo.com\/fr\/#organization\",\"name\":\"Niryo\",\"url\":\"https:\/\/niryo.com\/fr\/\",\"logo\":{\"@type\":\"ImageObject\",\"inLanguage\":\"fr-FR\",\"@id\":\"https:\/\/niryo.com\/fr\/#\/schema\/logo\/image\/\",\"url\":\"https:\/\/niryo.com\/wp-content\/uploads\/2026\/02\/Favicon-Niryo.svg\",\"contentUrl\":\"https:\/\/niryo.com\/wp-content\/uploads\/2026\/02\/Favicon-Niryo.svg\",\"width\":512,\"height\":512,\"caption\":\"Niryo\"},\"image\":{\"@id\":\"https:\/\/niryo.com\/fr\/#\/schema\/logo\/image\/\"},\"sameAs\":[\"https:\/\/www.linkedin.com\/company\/10970402\/admin\/feed\/posts\/\",\"https:\/\/www.tiktok.com\/@niryo_robotics\",\"https:\/\/www.instagram.com\/niryo_robotics\/\",\"https:\/\/discord.com\/invite\/EqpPYTf9FJ\"]}]}<\/script>\n<!-- \/ Yoast SEO plugin. -->","yoast_head_json":{"title":"Planifier une d\u00e9mo - Niryo","description":"Si vous souhaitez en savoir plus sur les robots collaboratifs et leur fonctionnement, prenez rendez-vous avec nous pour une d\u00e9monstration.","robots":{"index":"index","follow":"follow","max-snippet":"max-snippet:-1","max-image-preview":"max-image-preview:large","max-video-preview":"max-video-preview:-1"},"canonical":"https:\/\/niryo.com\/fr\/planifier-une-demo\/","og_locale":"fr_FR","og_type":"article","og_title":"Planifier une d\u00e9mo - Niryo","og_description":"Si vous souhaitez en savoir plus sur les robots collaboratifs et leur fonctionnement, prenez rendez-vous avec nous pour une d\u00e9monstration.","og_url":"https:\/\/niryo.com\/fr\/planifier-une-demo\/","og_site_name":"Niryo","article_modified_time":"2024-11-05T22:15:36+00:00","og_image":[{"url":"https:\/\/niryo.com\/wp-content\/plugins\/niryo\/assets\/icons\/left.svg","type":"","width":"","height":""}],"twitter_card":"summary_large_image","twitter_misc":{"Dur\u00e9e de lecture estim\u00e9e":"1 minute"},"schema":{"@context":"https:\/\/schema.org","@graph":[{"@type":"WebPage","@id":"https:\/\/niryo.com\/fr\/planifier-une-demo\/","url":"https:\/\/niryo.com\/fr\/planifier-une-demo\/","name":"Planifier une d\u00e9mo - Niryo","isPartOf":{"@id":"https:\/\/niryo.com\/fr\/#website"},"primaryImageOfPage":{"@id":"https:\/\/niryo.com\/fr\/planifier-une-demo\/#primaryimage"},"image":{"@id":"https:\/\/niryo.com\/fr\/planifier-une-demo\/#primaryimage"},"thumbnailUrl":"https:\/\/niryo.com\/wp-content\/plugins\/niryo\/assets\/icons\/left.svg","datePublished":"2024-06-10T13:26:07+00:00","dateModified":"2024-11-05T22:15:36+00:00","description":"Si vous souhaitez en savoir plus sur les robots collaboratifs et leur fonctionnement, prenez rendez-vous avec nous pour une d\u00e9monstration.","breadcrumb":{"@id":"https:\/\/niryo.com\/fr\/planifier-une-demo\/#breadcrumb"},"inLanguage":"fr-FR","potentialAction":[{"@type":"ReadAction","target":["https:\/\/niryo.com\/fr\/planifier-une-demo\/"]}]},{"@type":"ImageObject","inLanguage":"fr-FR","@id":"https:\/\/niryo.com\/fr\/planifier-une-demo\/#primaryimage","url":"https:\/\/niryo.com\/wp-content\/plugins\/niryo\/assets\/icons\/left.svg","contentUrl":"https:\/\/niryo.com\/wp-content\/plugins\/niryo\/assets\/icons\/left.svg"},{"@type":"BreadcrumbList","@id":"https:\/\/niryo.com\/fr\/planifier-une-demo\/#breadcrumb","itemListElement":[{"@type":"ListItem","position":1,"name":"Home","item":"https:\/\/niryo.com\/fr\/"},{"@type":"ListItem","position":2,"name":"Planifier une d\u00e9mo"}]},{"@type":"WebSite","@id":"https:\/\/niryo.com\/fr\/#website","url":"https:\/\/niryo.com\/fr\/","name":"Niryo","description":"Empower your robotics potential - Collaborative robots","publisher":{"@id":"https:\/\/niryo.com\/fr\/#organization"},"potentialAction":[{"@type":"SearchAction","target":{"@type":"EntryPoint","urlTemplate":"https:\/\/niryo.com\/fr\/?s={search_term_string}"},"query-input":{"@type":"PropertyValueSpecification","valueRequired":true,"valueName":"search_term_string"}}],"inLanguage":"fr-FR"},{"@type":"Organization","@id":"https:\/\/niryo.com\/fr\/#organization","name":"Niryo","url":"https:\/\/niryo.com\/fr\/","logo":{"@type":"ImageObject","inLanguage":"fr-FR","@id":"https:\/\/niryo.com\/fr\/#\/schema\/logo\/image\/","url":"https:\/\/niryo.com\/wp-content\/uploads\/2026\/02\/Favicon-Niryo.svg","contentUrl":"https:\/\/niryo.com\/wp-content\/uploads\/2026\/02\/Favicon-Niryo.svg","width":512,"height":512,"caption":"Niryo"},"image":{"@id":"https:\/\/niryo.com\/fr\/#\/schema\/logo\/image\/"},"sameAs":["https:\/\/www.linkedin.com\/company\/10970402\/admin\/feed\/posts\/","https:\/\/www.tiktok.com\/@niryo_robotics","https:\/\/www.instagram.com\/niryo_robotics\/","https:\/\/discord.com\/invite\/EqpPYTf9FJ"]}]}},"_links":{"self":[{"href":"https:\/\/niryo.com\/fr\/wp-json\/wp\/v2\/pages\/4250","targetHints":{"allow":["GET"]}}],"collection":[{"href":"https:\/\/niryo.com\/fr\/wp-json\/wp\/v2\/pages"}],"about":[{"href":"https:\/\/niryo.com\/fr\/wp-json\/wp\/v2\/types\/page"}],"author":[{"embeddable":true,"href":"https:\/\/niryo.com\/fr\/wp-json\/wp\/v2\/users\/3"}],"replies":[{"embeddable":true,"href":"https:\/\/niryo.com\/fr\/wp-json\/wp\/v2\/comments?post=4250"}],"version-history":[{"count":0,"href":"https:\/\/niryo.com\/fr\/wp-json\/wp\/v2\/pages\/4250\/revisions"}],"wp:attachment":[{"href":"https:\/\/niryo.com\/fr\/wp-json\/wp\/v2\/media?parent=4250"}],"curies":[{"name":"wp","href":"https:\/\/api.w.org\/{rel}","templated":true}]}}