{"id":5249,"date":"2024-05-16T14:18:23","date_gmt":"2024-05-16T12:18:23","guid":{"rendered":"https:\/\/niryo.com\/?page_id=5249"},"modified":"2025-04-23T14:50:36","modified_gmt":"2025-04-23T12:50:36","slug":"support","status":"publish","type":"page","link":"https:\/\/niryo.com\/fr\/support\/","title":{"rendered":"Support"},"content":{"rendered":"\t\t<div data-elementor-type=\"wp-page\" data-elementor-id=\"5249\" class=\"elementor elementor-5249 elementor-978\" data-elementor-post-type=\"page\">\n\t\t\t\t<div class=\"elementor-element elementor-element-58a95922 e-flex e-con-boxed e-con e-parent\" data-id=\"58a95922\" data-element_type=\"container\" data-e-type=\"container\" data-settings=\"{&quot;background_background&quot;:&quot;classic&quot;}\">\n\t\t\t\t\t<div class=\"e-con-inner\">\n\t\t\t\t<div class=\"elementor-element elementor-element-39433912 elementor-widget elementor-widget-heading\" data-id=\"39433912\" data-element_type=\"widget\" data-e-type=\"widget\" data-widget_type=\"heading.default\">\n\t\t\t\t<div class=\"elementor-widget-container\">\n\t\t\t\t\t<h1 class=\"elementor-heading-title elementor-size-default\">Niryo Support and Service<\/h1>\t\t\t\t<\/div>\n\t\t\t\t<\/div>\n\t\t\t\t\t<\/div>\n\t\t\t\t<\/div>\n\t\t<div class=\"elementor-element elementor-element-5fd8da86 e-flex e-con-boxed e-con e-parent\" data-id=\"5fd8da86\" data-element_type=\"container\" data-e-type=\"container\" data-settings=\"{&quot;background_background&quot;:&quot;classic&quot;}\">\n\t\t\t\t\t<div class=\"e-con-inner\">\n\t\t<div class=\"elementor-element elementor-element-ef7a08d e-con-full e-flex e-con e-child\" data-id=\"ef7a08d\" data-element_type=\"container\" data-e-type=\"container\" data-settings=\"{&quot;background_background&quot;:&quot;classic&quot;}\">\n\t\t<div class=\"elementor-element elementor-element-3a43688b e-con-full e-flex e-con e-child\" data-id=\"3a43688b\" data-element_type=\"container\" data-e-type=\"container\" data-settings=\"{&quot;background_background&quot;:&quot;classic&quot;}\">\n\t\t\t\t<div class=\"elementor-element elementor-element-553a525 elementor-widget elementor-widget-html\" data-id=\"553a525\" data-element_type=\"widget\" data-e-type=\"widget\" data-widget_type=\"html.default\">\n\t\t\t\t<div class=\"elementor-widget-container\">\n\t\t\t\t\t<!-- Formulaire HubSpot en Anglais -->\n<div id=\"hubspot-form-en-old\" style=\"display: block;\">\n    <script charset=\"utf-8\" type=\"text\/javascript\" src=\"\/\/js.hsforms.net\/forms\/embed\/v2.js\"><\/script>\n<script>\n\u00a0 hbspt.forms.create({\n\u00a0 \u00a0 region: \"na1\",\n\u00a0 \u00a0 portalId: \"9158560\",\n\u00a0 \u00a0 formId: \"c5e965f7-07a8-49a8-987d-0c14cb7155d1\"\n\u00a0 });\n<\/script>\n<\/div>\t\t\t\t<\/div>\n\t\t\t\t<\/div>\n\t\t\t\t<div class=\"elementor-element elementor-element-a1cfdd0 elementor-widget elementor-widget-html\" data-id=\"a1cfdd0\" data-element_type=\"widget\" data-e-type=\"widget\" data-widget_type=\"html.default\">\n\t\t\t\t<div class=\"elementor-widget-container\">\n\t\t\t\t\t<!-- Formulaire HubSpot en Fran\u00e7ais -->\n<div id=\"hubspot-form-fr-old\" style=\"display: none;\">\n    <script charset=\"utf-8\" type=\"text\/javascript\" src=\"\/\/js.hsforms.net\/forms\/embed\/v2.js\"><\/script>\n<script>\n\u00a0 hbspt.forms.create({\n\u00a0 \u00a0 region: \"na1\",\n\u00a0 \u00a0 portalId: \"9158560\",\n\u00a0 \u00a0 formId: \"f18ca012-6850-4549-84ed-d5c778115d5c\"\n\u00a0 });\n<\/script>\n<\/div>\t\t\t\t<\/div>\n\t\t\t\t<\/div>\n\t\t\t\t<\/div>\n\t\t\t\t<\/div>\n\t\t<div class=\"elementor-element elementor-element-57a4a9b2 e-con-full e-flex e-con e-child\" data-id=\"57a4a9b2\" data-element_type=\"container\" data-e-type=\"container\">\n\t\t<div class=\"elementor-element elementor-element-197a56e8 e-con-full e-flex e-con e-child\" data-id=\"197a56e8\" data-element_type=\"container\" data-e-type=\"container\" data-settings=\"{&quot;background_background&quot;:&quot;classic&quot;}\">\n\t\t\t\t<div class=\"elementor-element elementor-element-47366827 elementor-widget elementor-widget-heading\" data-id=\"47366827\" data-element_type=\"widget\" data-e-type=\"widget\" data-widget_type=\"heading.default\">\n\t\t\t\t<div class=\"elementor-widget-container\">\n\t\t\t\t\t<div class=\"elementor-heading-title elementor-size-default\"><p>Si vous rencontrez des probl\u00e8mes avec l'un de nos produits, notre \u00e9quipe est l\u00e0 pour vous aider. <\/p><br><p>Remplissez le formulaire et nous vous r\u00e9pondrons dans les plus brefs d\u00e9lais.<\/p><\/div>\t\t\t\t<\/div>\n\t\t\t\t<\/div>\n\t\t<div class=\"elementor-element elementor-element-22deec09 e-flex e-con-boxed e-con e-child\" data-id=\"22deec09\" data-element_type=\"container\" data-e-type=\"container\">\n\t\t\t\t\t<div class=\"e-con-inner\">\n\t\t\t\t<div class=\"elementor-element elementor-element-3fbf009b elementor-hidden-desktop elementor-hidden-laptop elementor-hidden-tablet_extra elementor-hidden-tablet elementor-hidden-mobile_extra elementor-hidden-mobile elementor-widget elementor-widget-text-editor\" data-id=\"3fbf009b\" data-element_type=\"widget\" data-e-type=\"widget\" data-widget_type=\"text-editor.default\">\n\t\t\t\t<div class=\"elementor-widget-container\">\n\t\t\t\t\t\t\t\t\t<p>Pour ce faire, nous avons juste besoin de quelques pr\u00e9cisions de votre part. Merci pour votre temps.<\/p>\t\t\t\t\t\t\t\t<\/div>\n\t\t\t\t<\/div>\n\t\t\t\t\t<\/div>\n\t\t\t\t<\/div>\n\t\t\t\t<\/div>\n\t\t\t\t<\/div>\n\t\t\t\t\t<\/div>\n\t\t\t\t<\/div>\n\t\t\t\t<\/div>\n\t\t","protected":false},"excerpt":{"rendered":"<p>Niryo Support and Service Si vous rencontrez des probl\u00e8mes avec l&rsquo;un de nos produits, notre \u00e9quipe est l\u00e0 pour vous aider. Remplissez le formulaire et nous vous r\u00e9pondrons dans les plus brefs d\u00e9lais. Pour ce faire, nous avons juste besoin de quelques pr\u00e9cisions de votre part. Merci pour votre temps.<\/p>\n","protected":false},"author":146,"featured_media":0,"parent":0,"menu_order":0,"comment_status":"closed","ping_status":"closed","template":"","meta":{"_acf_changed":false,"content-type":"","footnotes":""},"class_list":["post-5249","page","type-page","status-publish","hentry"],"acf":[],"yoast_head":"<!-- This site is optimized with the Yoast SEO plugin v27.2 - https:\/\/yoast.com\/product\/yoast-seo-wordpress\/ -->\n<title>Support et centre d&#039;aide - Niryo<\/title>\n<meta name=\"description\" content=\"Vous avez un besoin ou une question concernant vos produits Niryo ? Contactez notre \u00e9quipe de support. R\u00e9ponse rapide garantie.\" \/>\n<meta name=\"robots\" content=\"index, follow, max-snippet:-1, max-image-preview:large, max-video-preview:-1\" \/>\n<link rel=\"canonical\" href=\"https:\/\/niryo.com\/fr\/support\/\" \/>\n<meta property=\"og:locale\" content=\"fr_FR\" \/>\n<meta property=\"og:type\" content=\"article\" \/>\n<meta property=\"og:title\" content=\"Support et centre d&#039;aide - Niryo\" \/>\n<meta property=\"og:description\" content=\"Vous avez un besoin ou une question concernant vos produits Niryo ? Contactez notre \u00e9quipe de support. R\u00e9ponse rapide garantie.\" \/>\n<meta property=\"og:url\" content=\"https:\/\/niryo.com\/fr\/support\/\" \/>\n<meta property=\"og:site_name\" content=\"Niryo\" \/>\n<meta property=\"article:modified_time\" content=\"2025-04-23T12:50:36+00:00\" \/>\n<meta name=\"twitter:card\" content=\"summary_large_image\" \/>\n<meta name=\"twitter:label1\" content=\"Dur\u00e9e de lecture estim\u00e9e\" \/>\n\t<meta name=\"twitter:data1\" content=\"1 minute\" \/>\n<script type=\"application\/ld+json\" class=\"yoast-schema-graph\">{\"@context\":\"https:\/\/schema.org\",\"@graph\":[{\"@type\":\"WebPage\",\"@id\":\"https:\/\/niryo.com\/fr\/support\/\",\"url\":\"https:\/\/niryo.com\/fr\/support\/\",\"name\":\"Support et centre d'aide - Niryo\",\"isPartOf\":{\"@id\":\"https:\/\/niryo.com\/fr\/#website\"},\"datePublished\":\"2024-05-16T12:18:23+00:00\",\"dateModified\":\"2025-04-23T12:50:36+00:00\",\"description\":\"Vous avez un besoin ou une question concernant vos produits Niryo ? Contactez notre \u00e9quipe de support. R\u00e9ponse rapide garantie.\",\"breadcrumb\":{\"@id\":\"https:\/\/niryo.com\/fr\/support\/#breadcrumb\"},\"inLanguage\":\"fr-FR\",\"potentialAction\":[{\"@type\":\"ReadAction\",\"target\":[\"https:\/\/niryo.com\/fr\/support\/\"]}]},{\"@type\":\"BreadcrumbList\",\"@id\":\"https:\/\/niryo.com\/fr\/support\/#breadcrumb\",\"itemListElement\":[{\"@type\":\"ListItem\",\"position\":1,\"name\":\"Home\",\"item\":\"https:\/\/niryo.com\/fr\/\"},{\"@type\":\"ListItem\",\"position\":2,\"name\":\"Support\"}]},{\"@type\":\"WebSite\",\"@id\":\"https:\/\/niryo.com\/fr\/#website\",\"url\":\"https:\/\/niryo.com\/fr\/\",\"name\":\"Niryo\",\"description\":\"Empower your robotics potential - Collaborative robots\",\"publisher\":{\"@id\":\"https:\/\/niryo.com\/fr\/#organization\"},\"potentialAction\":[{\"@type\":\"SearchAction\",\"target\":{\"@type\":\"EntryPoint\",\"urlTemplate\":\"https:\/\/niryo.com\/fr\/?s={search_term_string}\"},\"query-input\":{\"@type\":\"PropertyValueSpecification\",\"valueRequired\":true,\"valueName\":\"search_term_string\"}}],\"inLanguage\":\"fr-FR\"},{\"@type\":\"Organization\",\"@id\":\"https:\/\/niryo.com\/fr\/#organization\",\"name\":\"Niryo\",\"url\":\"https:\/\/niryo.com\/fr\/\",\"logo\":{\"@type\":\"ImageObject\",\"inLanguage\":\"fr-FR\",\"@id\":\"https:\/\/niryo.com\/fr\/#\/schema\/logo\/image\/\",\"url\":\"https:\/\/niryo.com\/wp-content\/uploads\/2026\/02\/Favicon-Niryo.svg\",\"contentUrl\":\"https:\/\/niryo.com\/wp-content\/uploads\/2026\/02\/Favicon-Niryo.svg\",\"width\":512,\"height\":512,\"caption\":\"Niryo\"},\"image\":{\"@id\":\"https:\/\/niryo.com\/fr\/#\/schema\/logo\/image\/\"},\"sameAs\":[\"https:\/\/www.linkedin.com\/company\/10970402\/admin\/feed\/posts\/\",\"https:\/\/www.tiktok.com\/@niryo_robotics\",\"https:\/\/www.instagram.com\/niryo_robotics\/\",\"https:\/\/discord.com\/invite\/EqpPYTf9FJ\"]}]}<\/script>\n<!-- \/ Yoast SEO plugin. -->","yoast_head_json":{"title":"Support et centre d'aide - Niryo","description":"Vous avez un besoin ou une question concernant vos produits Niryo ? Contactez notre \u00e9quipe de support. R\u00e9ponse rapide garantie.","robots":{"index":"index","follow":"follow","max-snippet":"max-snippet:-1","max-image-preview":"max-image-preview:large","max-video-preview":"max-video-preview:-1"},"canonical":"https:\/\/niryo.com\/fr\/support\/","og_locale":"fr_FR","og_type":"article","og_title":"Support et centre d'aide - Niryo","og_description":"Vous avez un besoin ou une question concernant vos produits Niryo ? Contactez notre \u00e9quipe de support. R\u00e9ponse rapide garantie.","og_url":"https:\/\/niryo.com\/fr\/support\/","og_site_name":"Niryo","article_modified_time":"2025-04-23T12:50:36+00:00","twitter_card":"summary_large_image","twitter_misc":{"Dur\u00e9e de lecture estim\u00e9e":"1 minute"},"schema":{"@context":"https:\/\/schema.org","@graph":[{"@type":"WebPage","@id":"https:\/\/niryo.com\/fr\/support\/","url":"https:\/\/niryo.com\/fr\/support\/","name":"Support et centre d'aide - Niryo","isPartOf":{"@id":"https:\/\/niryo.com\/fr\/#website"},"datePublished":"2024-05-16T12:18:23+00:00","dateModified":"2025-04-23T12:50:36+00:00","description":"Vous avez un besoin ou une question concernant vos produits Niryo ? Contactez notre \u00e9quipe de support. R\u00e9ponse rapide garantie.","breadcrumb":{"@id":"https:\/\/niryo.com\/fr\/support\/#breadcrumb"},"inLanguage":"fr-FR","potentialAction":[{"@type":"ReadAction","target":["https:\/\/niryo.com\/fr\/support\/"]}]},{"@type":"BreadcrumbList","@id":"https:\/\/niryo.com\/fr\/support\/#breadcrumb","itemListElement":[{"@type":"ListItem","position":1,"name":"Home","item":"https:\/\/niryo.com\/fr\/"},{"@type":"ListItem","position":2,"name":"Support"}]},{"@type":"WebSite","@id":"https:\/\/niryo.com\/fr\/#website","url":"https:\/\/niryo.com\/fr\/","name":"Niryo","description":"Empower your robotics potential - Collaborative robots","publisher":{"@id":"https:\/\/niryo.com\/fr\/#organization"},"potentialAction":[{"@type":"SearchAction","target":{"@type":"EntryPoint","urlTemplate":"https:\/\/niryo.com\/fr\/?s={search_term_string}"},"query-input":{"@type":"PropertyValueSpecification","valueRequired":true,"valueName":"search_term_string"}}],"inLanguage":"fr-FR"},{"@type":"Organization","@id":"https:\/\/niryo.com\/fr\/#organization","name":"Niryo","url":"https:\/\/niryo.com\/fr\/","logo":{"@type":"ImageObject","inLanguage":"fr-FR","@id":"https:\/\/niryo.com\/fr\/#\/schema\/logo\/image\/","url":"https:\/\/niryo.com\/wp-content\/uploads\/2026\/02\/Favicon-Niryo.svg","contentUrl":"https:\/\/niryo.com\/wp-content\/uploads\/2026\/02\/Favicon-Niryo.svg","width":512,"height":512,"caption":"Niryo"},"image":{"@id":"https:\/\/niryo.com\/fr\/#\/schema\/logo\/image\/"},"sameAs":["https:\/\/www.linkedin.com\/company\/10970402\/admin\/feed\/posts\/","https:\/\/www.tiktok.com\/@niryo_robotics","https:\/\/www.instagram.com\/niryo_robotics\/","https:\/\/discord.com\/invite\/EqpPYTf9FJ"]}]}},"_links":{"self":[{"href":"https:\/\/niryo.com\/fr\/wp-json\/wp\/v2\/pages\/5249","targetHints":{"allow":["GET"]}}],"collection":[{"href":"https:\/\/niryo.com\/fr\/wp-json\/wp\/v2\/pages"}],"about":[{"href":"https:\/\/niryo.com\/fr\/wp-json\/wp\/v2\/types\/page"}],"author":[{"embeddable":true,"href":"https:\/\/niryo.com\/fr\/wp-json\/wp\/v2\/users\/146"}],"replies":[{"embeddable":true,"href":"https:\/\/niryo.com\/fr\/wp-json\/wp\/v2\/comments?post=5249"}],"version-history":[{"count":0,"href":"https:\/\/niryo.com\/fr\/wp-json\/wp\/v2\/pages\/5249\/revisions"}],"wp:attachment":[{"href":"https:\/\/niryo.com\/fr\/wp-json\/wp\/v2\/media?parent=5249"}],"curies":[{"name":"wp","href":"https:\/\/api.w.org\/{rel}","templated":true}]}}