{"id":5256,"date":"2024-06-10T15:16:50","date_gmt":"2024-06-10T13:16:50","guid":{"rendered":"https:\/\/niryo.com\/?page_id=5256"},"modified":"2025-04-01T09:22:23","modified_gmt":"2025-04-01T07:22:23","slug":"devenir-distributeur","status":"publish","type":"page","link":"https:\/\/niryo.com\/fr\/devenir-distributeur\/","title":{"rendered":"Devenir distributeur"},"content":{"rendered":"\t\t<div data-elementor-type=\"wp-page\" data-elementor-id=\"5256\" class=\"elementor elementor-5256 elementor-1899\" data-elementor-post-type=\"page\">\n\t\t\t\t<div class=\"elementor-element elementor-element-1f21d1b5 e-flex e-con-boxed e-con e-parent\" data-id=\"1f21d1b5\" data-element_type=\"container\" data-e-type=\"container\" data-settings=\"{&quot;background_background&quot;:&quot;classic&quot;}\">\n\t\t\t\t\t<div class=\"e-con-inner\">\n\t\t\t\t<div class=\"elementor-element elementor-element-26ca9fb0 elementor-widget elementor-widget-heading\" data-id=\"26ca9fb0\" data-element_type=\"widget\" data-e-type=\"widget\" data-widget_type=\"heading.default\">\n\t\t\t\t<div class=\"elementor-widget-container\">\n\t\t\t\t\t<h1 class=\"elementor-heading-title elementor-size-default\">Devenir distributeur<\/h1>\t\t\t\t<\/div>\n\t\t\t\t<\/div>\n\t\t\t\t\t<\/div>\n\t\t\t\t<\/div>\n\t\t<div class=\"elementor-element elementor-element-3dbf63e5 e-flex e-con-boxed e-con e-parent\" data-id=\"3dbf63e5\" data-element_type=\"container\" data-e-type=\"container\" data-settings=\"{&quot;background_background&quot;:&quot;classic&quot;}\">\n\t\t\t\t\t<div class=\"e-con-inner\">\n\t\t<div class=\"elementor-element elementor-element-4159748d e-con-full e-flex e-con e-child\" data-id=\"4159748d\" data-element_type=\"container\" data-e-type=\"container\" data-settings=\"{&quot;background_background&quot;:&quot;classic&quot;}\">\n\t\t<div class=\"elementor-element elementor-element-6d68de00 e-con-full e-flex e-con e-child\" data-id=\"6d68de00\" data-element_type=\"container\" data-e-type=\"container\" data-settings=\"{&quot;background_background&quot;:&quot;classic&quot;}\">\n\t\t\t\t<div class=\"elementor-element elementor-element-75ed77a elementor-widget elementor-widget-html\" data-id=\"75ed77a\" data-element_type=\"widget\" data-e-type=\"widget\" data-widget_type=\"html.default\">\n\t\t\t\t<div class=\"elementor-widget-container\">\n\t\t\t\t\t<!-- Formulaire HubSpot en Anglais -->\n<div id=\"hubspot-form-en-old\" style=\"display: block;\">\n<script charset=\"utf-8\" type=\"text\/javascript\" src=\"\/\/js.hsforms.net\/forms\/embed\/v2.js\"><\/script>\n<script>\n\u00a0 hbspt.forms.create({\n\u00a0 \u00a0 region: \"na1\",\n\u00a0 \u00a0 portalId: \"9158560\",\n\u00a0 \u00a0 formId: \"679b3496-56e8-41fe-befc-387abfd5fe81\"\n\u00a0 });\n<\/script>\n\n<\/div>\n\t\t\t\t<\/div>\n\t\t\t\t<\/div>\n\t\t\t\t<div class=\"elementor-element elementor-element-58a8bba elementor-hidden-desktop elementor-hidden-laptop elementor-hidden-tablet elementor-hidden-mobile elementor-widget elementor-widget-html\" data-id=\"58a8bba\" data-element_type=\"widget\" data-e-type=\"widget\" data-widget_type=\"html.default\">\n\t\t\t\t<div class=\"elementor-widget-container\">\n\t\t\t\t\t<!-- Formulaire HubSpot en Fran\u00e7ais -->\n<div id=\"hubspot-form-fr-old\" style=\"display: none;\">\n    <script charset=\"utf-8\" type=\"text\/javascript\" src=\"\/\/js.hsforms.net\/forms\/embed\/v2.js\"><\/script>\n<script>\n\u00a0 hbspt.forms.create({\n\u00a0 \u00a0 region: \"na1\",\n\u00a0 \u00a0 portalId: \"9158560\",\n\u00a0 \u00a0 formId: \"055a7da6-c8ee-4a14-b019-d0539b6ef808\"\n\u00a0 });\n<\/script>\n<\/div>\t\t\t\t<\/div>\n\t\t\t\t<\/div>\n\t\t\t\t<\/div>\n\t\t\t\t<\/div>\n\t\t<div class=\"elementor-element elementor-element-f67f5ec e-con-full e-flex e-con e-child\" data-id=\"f67f5ec\" data-element_type=\"container\" data-e-type=\"container\">\n\t\t<div class=\"elementor-element elementor-element-f845a09 e-con-full e-flex e-con e-child\" data-id=\"f845a09\" data-element_type=\"container\" data-e-type=\"container\" data-settings=\"{&quot;background_background&quot;:&quot;classic&quot;}\">\n\t\t\t\t<div class=\"elementor-element elementor-element-4fa69f64 elementor-widget elementor-widget-heading\" data-id=\"4fa69f64\" data-element_type=\"widget\" data-e-type=\"widget\" data-widget_type=\"heading.default\">\n\t\t\t\t<div class=\"elementor-widget-container\">\n\t\t\t\t\t<div class=\"elementor-heading-title elementor-size-default\">Vous souhaitez distribuer nos robots et leurs accessoires ?<\/div>\t\t\t\t<\/div>\n\t\t\t\t<\/div>\n\t\t\t\t<div class=\"elementor-element elementor-element-5ee1a283 elementor-widget-divider--view-line elementor-widget elementor-widget-divider\" data-id=\"5ee1a283\" data-element_type=\"widget\" data-e-type=\"widget\" data-widget_type=\"divider.default\">\n\t\t\t\t<div class=\"elementor-widget-container\">\n\t\t\t\t\t\t\t<div class=\"elementor-divider\">\n\t\t\t<span class=\"elementor-divider-separator\">\n\t\t\t\t\t\t<\/span>\n\t\t<\/div>\n\t\t\t\t\t\t<\/div>\n\t\t\t\t<\/div>\n\t\t<div class=\"elementor-element elementor-element-3d7cd8e7 e-flex e-con-boxed e-con e-child\" data-id=\"3d7cd8e7\" data-element_type=\"container\" data-e-type=\"container\">\n\t\t\t\t\t<div class=\"e-con-inner\">\n\t\t\t\t<div class=\"elementor-element elementor-element-e32d57d elementor-widget elementor-widget-text-editor\" data-id=\"e32d57d\" data-element_type=\"widget\" data-e-type=\"widget\" data-widget_type=\"text-editor.default\">\n\t\t\t\t<div class=\"elementor-widget-container\">\n\t\t\t\t\t\t\t\t\t<p>Rejoignez les nombreux distributeurs qui ont fait confiance \u00e0 nos produits et qui nous font toujours confiance.<\/p><p>Nous voyons \u00e0 long terme. Et vous ? Parlons-en.<\/p>\t\t\t\t\t\t\t\t<\/div>\n\t\t\t\t<\/div>\n\t\t\t\t\t<\/div>\n\t\t\t\t<\/div>\n\t\t\t\t<\/div>\n\t\t\t\t<\/div>\n\t\t\t\t\t<\/div>\n\t\t\t\t<\/div>\n\t\t\t\t<\/div>\n\t\t","protected":false},"excerpt":{"rendered":"<p>Vous souhaitez distribuer nos robots et leurs accessoires ? Rejoignez les nombreux distributeurs qui ont fait confiance \u00e0 nos produits et qui nous font toujours confiance. Nous voyons \u00e0 long terme. Et vous ? Parlons-en.<\/p>\n","protected":false},"author":146,"featured_media":0,"parent":0,"menu_order":0,"comment_status":"closed","ping_status":"closed","template":"","meta":{"_acf_changed":false,"content-type":"","footnotes":""},"class_list":["post-5256","page","type-page","status-publish","hentry"],"acf":[],"yoast_head":"<!-- This site is optimized with the Yoast SEO plugin v27.2 - https:\/\/yoast.com\/product\/yoast-seo-wordpress\/ -->\n<title>Devenez distributeur de Niryo et de ces produits<\/title>\n<meta name=\"description\" content=\"Devenez un distributeur privil\u00e9gi\u00e9 de Niryo et participez \u00e0 la d\u00e9mocratisation de la robotique pour l&#039;\u00e9ducation.\" \/>\n<meta name=\"robots\" content=\"index, follow, max-snippet:-1, max-image-preview:large, max-video-preview:-1\" \/>\n<link rel=\"canonical\" href=\"https:\/\/niryo.com\/fr\/devenir-distributeur\/\" \/>\n<meta property=\"og:locale\" content=\"fr_FR\" \/>\n<meta property=\"og:type\" content=\"article\" \/>\n<meta property=\"og:title\" content=\"Devenez distributeur de Niryo et de ces produits\" \/>\n<meta property=\"og:description\" content=\"Devenez un distributeur privil\u00e9gi\u00e9 de Niryo et participez \u00e0 la d\u00e9mocratisation de la robotique pour l&#039;\u00e9ducation.\" \/>\n<meta property=\"og:url\" content=\"https:\/\/niryo.com\/fr\/devenir-distributeur\/\" \/>\n<meta property=\"og:site_name\" content=\"Niryo\" \/>\n<meta property=\"article:modified_time\" content=\"2025-04-01T07:22:23+00:00\" \/>\n<meta name=\"twitter:card\" content=\"summary_large_image\" \/>\n<meta name=\"twitter:label1\" content=\"Dur\u00e9e de lecture estim\u00e9e\" \/>\n\t<meta name=\"twitter:data1\" content=\"1 minute\" \/>\n<script type=\"application\/ld+json\" class=\"yoast-schema-graph\">{\"@context\":\"https:\/\/schema.org\",\"@graph\":[{\"@type\":\"WebPage\",\"@id\":\"https:\/\/niryo.com\/fr\/devenir-distributeur\/\",\"url\":\"https:\/\/niryo.com\/fr\/devenir-distributeur\/\",\"name\":\"Devenez distributeur de Niryo et de ces produits\",\"isPartOf\":{\"@id\":\"https:\/\/niryo.com\/fr\/#website\"},\"datePublished\":\"2024-06-10T13:16:50+00:00\",\"dateModified\":\"2025-04-01T07:22:23+00:00\",\"description\":\"Devenez un distributeur privil\u00e9gi\u00e9 de Niryo et participez \u00e0 la d\u00e9mocratisation de la robotique pour l'\u00e9ducation.\",\"breadcrumb\":{\"@id\":\"https:\/\/niryo.com\/fr\/devenir-distributeur\/#breadcrumb\"},\"inLanguage\":\"fr-FR\",\"potentialAction\":[{\"@type\":\"ReadAction\",\"target\":[\"https:\/\/niryo.com\/fr\/devenir-distributeur\/\"]}]},{\"@type\":\"BreadcrumbList\",\"@id\":\"https:\/\/niryo.com\/fr\/devenir-distributeur\/#breadcrumb\",\"itemListElement\":[{\"@type\":\"ListItem\",\"position\":1,\"name\":\"Home\",\"item\":\"https:\/\/niryo.com\/fr\/\"},{\"@type\":\"ListItem\",\"position\":2,\"name\":\"Devenir distributeur\"}]},{\"@type\":\"WebSite\",\"@id\":\"https:\/\/niryo.com\/fr\/#website\",\"url\":\"https:\/\/niryo.com\/fr\/\",\"name\":\"Niryo\",\"description\":\"Empower your robotics potential - Collaborative robots\",\"publisher\":{\"@id\":\"https:\/\/niryo.com\/fr\/#organization\"},\"potentialAction\":[{\"@type\":\"SearchAction\",\"target\":{\"@type\":\"EntryPoint\",\"urlTemplate\":\"https:\/\/niryo.com\/fr\/?s={search_term_string}\"},\"query-input\":{\"@type\":\"PropertyValueSpecification\",\"valueRequired\":true,\"valueName\":\"search_term_string\"}}],\"inLanguage\":\"fr-FR\"},{\"@type\":\"Organization\",\"@id\":\"https:\/\/niryo.com\/fr\/#organization\",\"name\":\"Niryo\",\"url\":\"https:\/\/niryo.com\/fr\/\",\"logo\":{\"@type\":\"ImageObject\",\"inLanguage\":\"fr-FR\",\"@id\":\"https:\/\/niryo.com\/fr\/#\/schema\/logo\/image\/\",\"url\":\"https:\/\/niryo.com\/wp-content\/uploads\/2026\/02\/Favicon-Niryo.svg\",\"contentUrl\":\"https:\/\/niryo.com\/wp-content\/uploads\/2026\/02\/Favicon-Niryo.svg\",\"width\":512,\"height\":512,\"caption\":\"Niryo\"},\"image\":{\"@id\":\"https:\/\/niryo.com\/fr\/#\/schema\/logo\/image\/\"},\"sameAs\":[\"https:\/\/www.linkedin.com\/company\/10970402\/admin\/feed\/posts\/\",\"https:\/\/www.tiktok.com\/@niryo_robotics\",\"https:\/\/www.instagram.com\/niryo_robotics\/\",\"https:\/\/discord.com\/invite\/EqpPYTf9FJ\"]}]}<\/script>\n<!-- \/ Yoast SEO plugin. -->","yoast_head_json":{"title":"Devenez distributeur de Niryo et de ces produits","description":"Devenez un distributeur privil\u00e9gi\u00e9 de Niryo et participez \u00e0 la d\u00e9mocratisation de la robotique pour l'\u00e9ducation.","robots":{"index":"index","follow":"follow","max-snippet":"max-snippet:-1","max-image-preview":"max-image-preview:large","max-video-preview":"max-video-preview:-1"},"canonical":"https:\/\/niryo.com\/fr\/devenir-distributeur\/","og_locale":"fr_FR","og_type":"article","og_title":"Devenez distributeur de Niryo et de ces produits","og_description":"Devenez un distributeur privil\u00e9gi\u00e9 de Niryo et participez \u00e0 la d\u00e9mocratisation de la robotique pour l'\u00e9ducation.","og_url":"https:\/\/niryo.com\/fr\/devenir-distributeur\/","og_site_name":"Niryo","article_modified_time":"2025-04-01T07:22:23+00:00","twitter_card":"summary_large_image","twitter_misc":{"Dur\u00e9e de lecture estim\u00e9e":"1 minute"},"schema":{"@context":"https:\/\/schema.org","@graph":[{"@type":"WebPage","@id":"https:\/\/niryo.com\/fr\/devenir-distributeur\/","url":"https:\/\/niryo.com\/fr\/devenir-distributeur\/","name":"Devenez distributeur de Niryo et de ces produits","isPartOf":{"@id":"https:\/\/niryo.com\/fr\/#website"},"datePublished":"2024-06-10T13:16:50+00:00","dateModified":"2025-04-01T07:22:23+00:00","description":"Devenez un distributeur privil\u00e9gi\u00e9 de Niryo et participez \u00e0 la d\u00e9mocratisation de la robotique pour l'\u00e9ducation.","breadcrumb":{"@id":"https:\/\/niryo.com\/fr\/devenir-distributeur\/#breadcrumb"},"inLanguage":"fr-FR","potentialAction":[{"@type":"ReadAction","target":["https:\/\/niryo.com\/fr\/devenir-distributeur\/"]}]},{"@type":"BreadcrumbList","@id":"https:\/\/niryo.com\/fr\/devenir-distributeur\/#breadcrumb","itemListElement":[{"@type":"ListItem","position":1,"name":"Home","item":"https:\/\/niryo.com\/fr\/"},{"@type":"ListItem","position":2,"name":"Devenir distributeur"}]},{"@type":"WebSite","@id":"https:\/\/niryo.com\/fr\/#website","url":"https:\/\/niryo.com\/fr\/","name":"Niryo","description":"Empower your robotics potential - Collaborative robots","publisher":{"@id":"https:\/\/niryo.com\/fr\/#organization"},"potentialAction":[{"@type":"SearchAction","target":{"@type":"EntryPoint","urlTemplate":"https:\/\/niryo.com\/fr\/?s={search_term_string}"},"query-input":{"@type":"PropertyValueSpecification","valueRequired":true,"valueName":"search_term_string"}}],"inLanguage":"fr-FR"},{"@type":"Organization","@id":"https:\/\/niryo.com\/fr\/#organization","name":"Niryo","url":"https:\/\/niryo.com\/fr\/","logo":{"@type":"ImageObject","inLanguage":"fr-FR","@id":"https:\/\/niryo.com\/fr\/#\/schema\/logo\/image\/","url":"https:\/\/niryo.com\/wp-content\/uploads\/2026\/02\/Favicon-Niryo.svg","contentUrl":"https:\/\/niryo.com\/wp-content\/uploads\/2026\/02\/Favicon-Niryo.svg","width":512,"height":512,"caption":"Niryo"},"image":{"@id":"https:\/\/niryo.com\/fr\/#\/schema\/logo\/image\/"},"sameAs":["https:\/\/www.linkedin.com\/company\/10970402\/admin\/feed\/posts\/","https:\/\/www.tiktok.com\/@niryo_robotics","https:\/\/www.instagram.com\/niryo_robotics\/","https:\/\/discord.com\/invite\/EqpPYTf9FJ"]}]}},"_links":{"self":[{"href":"https:\/\/niryo.com\/fr\/wp-json\/wp\/v2\/pages\/5256","targetHints":{"allow":["GET"]}}],"collection":[{"href":"https:\/\/niryo.com\/fr\/wp-json\/wp\/v2\/pages"}],"about":[{"href":"https:\/\/niryo.com\/fr\/wp-json\/wp\/v2\/types\/page"}],"author":[{"embeddable":true,"href":"https:\/\/niryo.com\/fr\/wp-json\/wp\/v2\/users\/146"}],"replies":[{"embeddable":true,"href":"https:\/\/niryo.com\/fr\/wp-json\/wp\/v2\/comments?post=5256"}],"version-history":[{"count":0,"href":"https:\/\/niryo.com\/fr\/wp-json\/wp\/v2\/pages\/5256\/revisions"}],"wp:attachment":[{"href":"https:\/\/niryo.com\/fr\/wp-json\/wp\/v2\/media?parent=5256"}],"curies":[{"name":"wp","href":"https:\/\/api.w.org\/{rel}","templated":true}]}}