{"id":5258,"date":"2024-05-14T20:58:56","date_gmt":"2024-05-14T18:58:56","guid":{"rendered":"https:\/\/niryo.com\/?page_id=5258"},"modified":"2025-12-09T15:56:22","modified_gmt":"2025-12-09T14:56:22","slug":"ressources","status":"publish","type":"page","link":"https:\/\/niryo.com\/fr\/ressources\/","title":{"rendered":"Ressources"},"content":{"rendered":"\t\t<div data-elementor-type=\"wp-page\" data-elementor-id=\"5258\" class=\"elementor elementor-5258 elementor-769\" data-elementor-post-type=\"page\">\n\t\t\t\t<div class=\"elementor-element elementor-element-10db5ee5 e-con-full e-flex e-con e-parent\" data-id=\"10db5ee5\" data-element_type=\"container\" data-e-type=\"container\">\n\t\t<div class=\"elementor-element elementor-element-62017ddd e-con-full e-flex e-con e-child\" data-id=\"62017ddd\" data-element_type=\"container\" data-e-type=\"container\">\n\t\t\t\t<div class=\"elementor-element elementor-element-20eb7a5 elementor-position-inline-start elementor-tablet-position-inline-start elementor-view-default elementor-mobile-position-block-start elementor-widget elementor-widget-icon-box\" data-id=\"20eb7a5\" data-element_type=\"widget\" data-e-type=\"widget\" data-widget_type=\"icon-box.default\">\n\t\t\t\t<div class=\"elementor-widget-container\">\n\t\t\t\t\t\t\t<div class=\"elementor-icon-box-wrapper\">\n\n\t\t\t\t\t\t<div class=\"elementor-icon-box-icon\">\n\t\t\t\t<span  class=\"elementor-icon\">\n\t\t\t\t<svg xmlns=\"http:\/\/www.w3.org\/2000\/svg\" width=\"105\" height=\"108\" viewBox=\"0 0 105 108\" fill=\"none\"><path d=\"M0 8C0 3.58172 3.58172 0 8 0H97C101.418 0 105 3.58172 105 8V100C105 104.418 101.418 108 97 108H8C3.58172 108 0 104.418 0 100V8Z\" fill=\"#1865FF\"><\/path><path d=\"M52.4999 72V70.5V72ZM64.4999 60H62.9999V60.3541L63.1583 60.6708L64.4999 60ZM40.4999 60L41.8416 60.6708L41.9999 60.3541V60H40.4999ZM67.0527 65.1056L68.3943 64.4348L67.0527 65.1056ZM37.9471 65.1056L36.6055 64.4347H36.6055L37.9471 65.1056ZM53.9999 38C53.9999 37.1716 53.3283 36.5 52.4999 36.5C51.6715 36.5 50.9999 37.1716 50.9999 38L53.9999 38ZM54.9999 68C54.9999 69.3807 53.8806 70.5 52.4999 70.5V73.5C55.5375 73.5 57.9999 71.0376 57.9999 68H54.9999ZM52.4999 70.5C51.1192 70.5 49.9999 69.3807 49.9999 68H46.9999C46.9999 71.0376 49.4624 73.5 52.4999 73.5V70.5ZM39.736 69.5H65.2638V66.5H39.736V69.5ZM41.9999 52C41.9999 46.201 46.7009 41.5 52.4999 41.5V38.5C45.0441 38.5 38.9999 44.5442 38.9999 52H41.9999ZM52.4999 41.5C58.2989 41.5 62.9999 46.201 62.9999 52H65.9999C65.9999 44.5442 59.9558 38.5 52.4999 38.5V41.5ZM62.9999 52V60H65.9999V52H62.9999ZM38.9999 52V60H41.9999V52H38.9999ZM68.3943 64.4348L65.8416 59.3292L63.1583 60.6708L65.7111 65.7764L68.3943 64.4348ZM39.2888 65.7764L41.8416 60.6708L39.1583 59.3292L36.6055 64.4347L39.2888 65.7764ZM65.2638 69.5C67.8657 69.5 69.5579 66.7619 68.3943 64.4348L65.7111 65.7764C65.8773 66.1088 65.6355 66.5 65.2638 66.5V69.5ZM39.736 66.5C39.3643 66.5 39.1225 66.1088 39.2888 65.7764L36.6055 64.4347C35.4419 66.7619 37.1341 69.5 39.736 69.5V66.5ZM53.9999 40L53.9999 38L50.9999 38L50.9999 40L53.9999 40Z\" fill=\"white\"><\/path><\/svg>\t\t\t\t<\/span>\n\t\t\t<\/div>\n\t\t\t\n\t\t\t\t\t\t<div class=\"elementor-icon-box-content\">\n\n\t\t\t\t\t\t\t\t\t<h2 class=\"elementor-icon-box-title\">\n\t\t\t\t\t\t<span  >\n\t\t\t\t\t\t\tDerni\u00e8res mises \u00e0 jour.\t\t\t\t\t\t<\/span>\n\t\t\t\t\t<\/h2>\n\t\t\t\t\n\t\t\t\t\t\t\t\t\t<p class=\"elementor-icon-box-description\">\n\t\t\t\t\t\tRetrouvez ici les \u00e9volutions r\u00e9centes de notre application et de nos robots.\t\t\t\t\t<\/p>\n\t\t\t\t\n\t\t\t<\/div>\n\t\t\t\n\t\t<\/div>\n\t\t\t\t\t\t<\/div>\n\t\t\t\t<\/div>\n\t\t\t\t<div class=\"elementor-element elementor-element-11d4c816 elementor-widget-divider--view-line elementor-widget elementor-widget-divider\" data-id=\"11d4c816\" data-element_type=\"widget\" data-e-type=\"widget\" data-widget_type=\"divider.default\">\n\t\t\t\t<div class=\"elementor-widget-container\">\n\t\t\t\t\t\t\t<div class=\"elementor-divider\">\n\t\t\t<span class=\"elementor-divider-separator\">\n\t\t\t\t\t\t<\/span>\n\t\t<\/div>\n\t\t\t\t\t\t<\/div>\n\t\t\t\t<\/div>\n\t\t<div class=\"elementor-element elementor-element-367b4a35 e-con-full e-flex e-con e-child\" data-id=\"367b4a35\" data-element_type=\"container\" data-e-type=\"container\">\n\t\t<div class=\"elementor-element elementor-element-f081b9c e-con-full e-flex e-con e-child\" data-id=\"f081b9c\" data-element_type=\"container\" data-e-type=\"container\">\n\t\t\t\t<div class=\"elementor-element elementor-element-2bea530d elementor-widget elementor-widget-heading\" data-id=\"2bea530d\" data-element_type=\"widget\" data-e-type=\"widget\" data-widget_type=\"heading.default\">\n\t\t\t\t<div class=\"elementor-widget-container\">\n\t\t\t\t\t<span class=\"elementor-heading-title elementor-size-default\">Robot software<\/span>\t\t\t\t<\/div>\n\t\t\t\t<\/div>\n\t\t\t\t<div class=\"elementor-element elementor-element-77c99695 elementor-align-center elementor-widget elementor-widget-button\" data-id=\"77c99695\" data-element_type=\"widget\" data-e-type=\"widget\" data-widget_type=\"button.default\">\n\t\t\t\t<div class=\"elementor-widget-container\">\n\t\t\t\t\t\t\t\t\t<div class=\"elementor-button-wrapper\">\n\t\t\t\t\t<a class=\"elementor-button elementor-button-link elementor-size-sm\" href=\"https:\/\/niryo.com\/fr\/ressources\/centre-de-telechargement\/\">\n\t\t\t\t\t\t<span class=\"elementor-button-content-wrapper\">\n\t\t\t\t\t\t\t\t\t<span class=\"elementor-button-text\">Download<\/span>\n\t\t\t\t\t<\/span>\n\t\t\t\t\t<\/a>\n\t\t\t\t<\/div>\n\t\t\t\t\t\t\t\t<\/div>\n\t\t\t\t<\/div>\n\t\t\t\t<\/div>\n\t\t<div class=\"elementor-element elementor-element-3ee08b77 e-con-full e-flex e-con e-child\" data-id=\"3ee08b77\" data-element_type=\"container\" data-e-type=\"container\">\n\t\t\t\t<div class=\"elementor-element elementor-element-31f8ea14 elementor-widget elementor-widget-heading\" data-id=\"31f8ea14\" data-element_type=\"widget\" data-e-type=\"widget\" data-widget_type=\"heading.default\">\n\t\t\t\t<div class=\"elementor-widget-container\">\n\t\t\t\t\t<span class=\"elementor-heading-title elementor-size-default\">NiryoStudio App.<\/span>\t\t\t\t<\/div>\n\t\t\t\t<\/div>\n\t\t\t\t<div class=\"elementor-element elementor-element-7e507b18 elementor-align-center elementor-widget elementor-widget-button\" data-id=\"7e507b18\" data-element_type=\"widget\" data-e-type=\"widget\" data-widget_type=\"button.default\">\n\t\t\t\t<div class=\"elementor-widget-container\">\n\t\t\t\t\t\t\t\t\t<div class=\"elementor-button-wrapper\">\n\t\t\t\t\t<a class=\"elementor-button elementor-button-link elementor-size-sm\" href=\"https:\/\/niryo.com\/fr\/ressources\/centre-de-telechargement\/\">\n\t\t\t\t\t\t<span class=\"elementor-button-content-wrapper\">\n\t\t\t\t\t\t\t\t\t<span class=\"elementor-button-text\">Download<\/span>\n\t\t\t\t\t<\/span>\n\t\t\t\t\t<\/a>\n\t\t\t\t<\/div>\n\t\t\t\t\t\t\t\t<\/div>\n\t\t\t\t<\/div>\n\t\t\t\t<\/div>\n\t\t\t\t<\/div>\n\t\t\t\t<\/div>\n\t\t<a class=\"elementor-element elementor-element-295167f8 e-con-full e-flex e-con e-child\" data-id=\"295167f8\" data-element_type=\"container\" data-e-type=\"container\" href=\"https:\/\/niryo.com\/fr\/ressources\/faq\/\">\n\t\t\t\t<div class=\"elementor-element elementor-element-2ced8b3b elementor-widget__width-inherit elementor-widget elementor-widget-image\" data-id=\"2ced8b3b\" data-element_type=\"widget\" data-e-type=\"widget\" data-widget_type=\"image.default\">\n\t\t\t\t<div class=\"elementor-widget-container\">\n\t\t\t\t\t\t\t\t\t\t\t\t\t\t\t<img loading=\"lazy\" decoding=\"async\" width=\"654\" height=\"344\" src=\"https:\/\/niryo.com\/wp-content\/uploads\/2025\/03\/faq.png\" class=\"attachment-large size-large wp-image-22859\" alt=\"\" srcset=\"https:\/\/niryo.com\/wp-content\/uploads\/2025\/03\/faq.png 654w, https:\/\/niryo.com\/wp-content\/uploads\/2025\/03\/faq-300x158.png 300w\" sizes=\"auto, (max-width: 654px) 100vw, 654px\" \/>\t\t\t\t\t\t\t\t\t\t\t\t\t\t\t<\/div>\n\t\t\t\t<\/div>\n\t\t\t\t<div class=\"elementor-element elementor-element-7331e492 elementor-widget elementor-widget-heading\" data-id=\"7331e492\" data-element_type=\"widget\" data-e-type=\"widget\" data-widget_type=\"heading.default\">\n\t\t\t\t<div class=\"elementor-widget-container\">\n\t\t\t\t\t<h3 class=\"elementor-heading-title elementor-size-default\">FAQ<\/h3>\t\t\t\t<\/div>\n\t\t\t\t<\/div>\n\t\t\t\t<div class=\"elementor-element elementor-element-3a6ecb15 elementor-widget elementor-widget-text-editor\" data-id=\"3a6ecb15\" data-element_type=\"widget\" data-e-type=\"widget\" data-widget_type=\"text-editor.default\">\n\t\t\t\t<div class=\"elementor-widget-container\">\n\t\t\t\t\t\t\t\t\t<p>Les r\u00e9ponses \u00e0 toutes vos questions.<\/p>\t\t\t\t\t\t\t\t<\/div>\n\t\t\t\t<\/div>\n\t\t\t\t<\/a>\n\t\t\t\t<\/div>\n\t\t<div class=\"elementor-element elementor-element-256f9fcc e-con-full e-flex e-con e-parent\" data-id=\"256f9fcc\" data-element_type=\"container\" data-e-type=\"container\">\n\t\t\t\t<div class=\"elementor-element elementor-element-2bd1ee79 elementor-widget elementor-widget-heading\" data-id=\"2bd1ee79\" data-element_type=\"widget\" data-e-type=\"widget\" data-widget_type=\"heading.default\">\n\t\t\t\t<div class=\"elementor-widget-container\">\n\t\t\t\t\t<h2 class=\"elementor-heading-title elementor-size-default\">Explorez nos ressources essentielles.<\/h2>\t\t\t\t<\/div>\n\t\t\t\t<\/div>\n\t\t\t\t<div class=\"elementor-element elementor-element-e2b9464 elementor-widget__width-initial elementor-widget elementor-widget-text-editor\" data-id=\"e2b9464\" data-element_type=\"widget\" data-e-type=\"widget\" data-widget_type=\"text-editor.default\">\n\t\t\t\t<div class=\"elementor-widget-container\">\n\t\t\t\t\t\t\t\t\t<p>Programmez avec Niryo Studio, formez-vous sur la plateforme Niryo Academy \u2028et acc\u00e9dez \u00e0 toutes les ressources sur notre site de documentation.<\/p>\t\t\t\t\t\t\t\t<\/div>\n\t\t\t\t<\/div>\n\t\t\t\t<\/div>\n\t\t<div class=\"elementor-element elementor-element-311fa86e e-con-full e-flex e-con e-parent\" data-id=\"311fa86e\" data-element_type=\"container\" data-e-type=\"container\">\n\t\t<a class=\"elementor-element elementor-element-250fa860 e-con-full e-flex e-con e-child\" data-id=\"250fa860\" data-element_type=\"container\" data-e-type=\"container\" href=\"https:\/\/niryo.com\/produit\/niryostudio\/\">\n\t\t\t\t<div class=\"elementor-element elementor-element-63396eb1 elementor-widget__width-inherit elementor-widget elementor-widget-image\" data-id=\"63396eb1\" data-element_type=\"widget\" data-e-type=\"widget\" data-widget_type=\"image.default\">\n\t\t\t\t<div class=\"elementor-widget-container\">\n\t\t\t\t\t\t\t\t\t\t\t\t\t\t\t<img loading=\"lazy\" decoding=\"async\" width=\"512\" height=\"269\" src=\"https:\/\/niryo.com\/wp-content\/uploads\/2025\/03\/resources-niryostudio.png\" class=\"attachment-large size-large wp-image-22862\" alt=\"\" srcset=\"https:\/\/niryo.com\/wp-content\/uploads\/2025\/03\/resources-niryostudio.png 512w, https:\/\/niryo.com\/wp-content\/uploads\/2025\/03\/resources-niryostudio-300x158.png 300w\" sizes=\"auto, (max-width: 512px) 100vw, 512px\" \/>\t\t\t\t\t\t\t\t\t\t\t\t\t\t\t<\/div>\n\t\t\t\t<\/div>\n\t\t\t\t<div class=\"elementor-element elementor-element-632f6b61 elementor-widget elementor-widget-heading\" data-id=\"632f6b61\" data-element_type=\"widget\" data-e-type=\"widget\" data-widget_type=\"heading.default\">\n\t\t\t\t<div class=\"elementor-widget-container\">\n\t\t\t\t\t<h3 class=\"elementor-heading-title elementor-size-default\">NiryoStudio<\/h3>\t\t\t\t<\/div>\n\t\t\t\t<\/div>\n\t\t\t\t<div class=\"elementor-element elementor-element-1c6a92c8 elementor-widget elementor-widget-text-editor\" data-id=\"1c6a92c8\" data-element_type=\"widget\" data-e-type=\"widget\" data-widget_type=\"text-editor.default\">\n\t\t\t\t<div class=\"elementor-widget-container\">\n\t\t\t\t\t\t\t\t\t<p>Programmation simplifi\u00e9e avec Blockly et Python.<\/p>\t\t\t\t\t\t\t\t<\/div>\n\t\t\t\t<\/div>\n\t\t\t\t<\/a>\n\t\t<a class=\"elementor-element elementor-element-5f0ce55d e-con-full e-flex e-con e-child\" data-id=\"5f0ce55d\" data-element_type=\"container\" data-e-type=\"container\" href=\"https:\/\/academy.niryo.com\/\" target=\"_blank\">\n\t\t\t\t<div class=\"elementor-element elementor-element-6cac5057 elementor-widget__width-inherit elementor-widget elementor-widget-image\" data-id=\"6cac5057\" data-element_type=\"widget\" data-e-type=\"widget\" data-widget_type=\"image.default\">\n\t\t\t\t<div class=\"elementor-widget-container\">\n\t\t\t\t\t\t\t\t\t\t\t\t\t\t\t<img loading=\"lazy\" decoding=\"async\" width=\"654\" height=\"344\" src=\"https:\/\/niryo.com\/wp-content\/uploads\/2025\/03\/resources-niryoacademy.png\" class=\"attachment-large size-large wp-image-22864\" alt=\"\" srcset=\"https:\/\/niryo.com\/wp-content\/uploads\/2025\/03\/resources-niryoacademy.png 654w, https:\/\/niryo.com\/wp-content\/uploads\/2025\/03\/resources-niryoacademy-300x158.png 300w\" sizes=\"auto, (max-width: 654px) 100vw, 654px\" \/>\t\t\t\t\t\t\t\t\t\t\t\t\t\t\t<\/div>\n\t\t\t\t<\/div>\n\t\t\t\t<div class=\"elementor-element elementor-element-7943f58b elementor-widget elementor-widget-heading\" data-id=\"7943f58b\" data-element_type=\"widget\" data-e-type=\"widget\" data-widget_type=\"heading.default\">\n\t\t\t\t<div class=\"elementor-widget-container\">\n\t\t\t\t\t<h3 class=\"elementor-heading-title elementor-size-default\">NiryoAcademy<\/h3>\t\t\t\t<\/div>\n\t\t\t\t<\/div>\n\t\t\t\t<div class=\"elementor-element elementor-element-52e4712b elementor-widget elementor-widget-text-editor\" data-id=\"52e4712b\" data-element_type=\"widget\" data-e-type=\"widget\" data-widget_type=\"text-editor.default\">\n\t\t\t\t<div class=\"elementor-widget-container\">\n\t\t\t\t\t\t\t\t\t<p>Des ressources sur mesure, adapt\u00e9es \u00e0 vos objectifs d&rsquo;apprentissage.<\/p>\t\t\t\t\t\t\t\t<\/div>\n\t\t\t\t<\/div>\n\t\t\t\t<\/a>\n\t\t<a class=\"elementor-element elementor-element-4ec2f21b e-con-full e-flex e-con e-child\" data-id=\"4ec2f21b\" data-element_type=\"container\" data-e-type=\"container\" href=\"https:\/\/docs.niryo.com\/\" target=\"_blank\">\n\t\t\t\t<div class=\"elementor-element elementor-element-320a490e elementor-widget__width-inherit elementor-widget elementor-widget-image\" data-id=\"320a490e\" data-element_type=\"widget\" data-e-type=\"widget\" data-widget_type=\"image.default\">\n\t\t\t\t<div class=\"elementor-widget-container\">\n\t\t\t\t\t\t\t\t\t\t\t\t\t\t\t<img loading=\"lazy\" decoding=\"async\" width=\"654\" height=\"344\" src=\"https:\/\/niryo.com\/wp-content\/uploads\/2025\/03\/resources-niryodocs.png\" class=\"attachment-large size-large wp-image-22866\" alt=\"\" srcset=\"https:\/\/niryo.com\/wp-content\/uploads\/2025\/03\/resources-niryodocs.png 654w, https:\/\/niryo.com\/wp-content\/uploads\/2025\/03\/resources-niryodocs-300x158.png 300w\" sizes=\"auto, (max-width: 654px) 100vw, 654px\" \/>\t\t\t\t\t\t\t\t\t\t\t\t\t\t\t<\/div>\n\t\t\t\t<\/div>\n\t\t\t\t<div class=\"elementor-element elementor-element-2266a5c1 elementor-widget elementor-widget-heading\" data-id=\"2266a5c1\" data-element_type=\"widget\" data-e-type=\"widget\" data-widget_type=\"heading.default\">\n\t\t\t\t<div class=\"elementor-widget-container\">\n\t\t\t\t\t<h3 class=\"elementor-heading-title elementor-size-default\">NiryoDocs<\/h3>\t\t\t\t<\/div>\n\t\t\t\t<\/div>\n\t\t\t\t<div class=\"elementor-element elementor-element-1bb1a455 elementor-widget elementor-widget-text-editor\" data-id=\"1bb1a455\" data-element_type=\"widget\" data-e-type=\"widget\" data-widget_type=\"text-editor.default\">\n\t\t\t\t<div class=\"elementor-widget-container\">\n\t\t\t\t\t\t\t\t\t<p>Sp\u00e9cifications et caract\u00e9ristiques d\u00e9taill\u00e9es.<\/p>\t\t\t\t\t\t\t\t<\/div>\n\t\t\t\t<\/div>\n\t\t\t\t<\/a>\n\t\t\t\t<\/div>\n\t\t\t\t<\/div>\n\t\t","protected":false},"excerpt":{"rendered":"<p>Derni\u00e8res mises \u00e0 jour. Retrouvez ici les \u00e9volutions r\u00e9centes de notre application et de nos robots. Robot software Download NiryoStudio App. Download FAQ Les r\u00e9ponses \u00e0 toutes vos questions. Explorez nos ressources essentielles. Programmez avec Niryo Studio, formez-vous sur la plateforme Niryo Academy \u2028et acc\u00e9dez \u00e0 toutes les ressources sur notre site de documentation. NiryoStudio [&hellip;]<\/p>\n","protected":false},"author":146,"featured_media":0,"parent":0,"menu_order":0,"comment_status":"closed","ping_status":"closed","template":"","meta":{"_acf_changed":false,"content-type":"","footnotes":""},"class_list":["post-5258","page","type-page","status-publish","hentry"],"acf":[],"yoast_head":"<!-- This site is optimized with the Yoast SEO plugin v27.2 - https:\/\/yoast.com\/product\/yoast-seo-wordpress\/ -->\n<title>Ressources - Niryo<\/title>\n<meta name=\"description\" content=\"Acc\u00e9dez \u00e0 notre centre de t\u00e9l\u00e9chargement, FAQ, le support ainsi qu&#039;\u00e0 la documentation de Niryo.\" \/>\n<meta name=\"robots\" content=\"index, follow, max-snippet:-1, max-image-preview:large, max-video-preview:-1\" \/>\n<link rel=\"canonical\" href=\"https:\/\/niryo.com\/fr\/ressources\/\" \/>\n<meta property=\"og:locale\" content=\"fr_FR\" \/>\n<meta property=\"og:type\" content=\"article\" \/>\n<meta property=\"og:title\" content=\"Ressources - Niryo\" \/>\n<meta property=\"og:description\" content=\"Acc\u00e9dez \u00e0 notre centre de t\u00e9l\u00e9chargement, FAQ, le support ainsi qu&#039;\u00e0 la documentation de Niryo.\" \/>\n<meta property=\"og:url\" content=\"https:\/\/niryo.com\/fr\/ressources\/\" \/>\n<meta property=\"og:site_name\" content=\"Niryo\" \/>\n<meta property=\"article:modified_time\" content=\"2025-12-09T14:56:22+00:00\" \/>\n<meta property=\"og:image\" content=\"https:\/\/niryo.com\/wp-content\/uploads\/2025\/03\/faq.png\" \/>\n<meta name=\"twitter:card\" content=\"summary_large_image\" \/>\n<meta name=\"twitter:label1\" content=\"Dur\u00e9e de lecture estim\u00e9e\" \/>\n\t<meta name=\"twitter:data1\" content=\"2 minutes\" \/>\n<script type=\"application\/ld+json\" class=\"yoast-schema-graph\">{\"@context\":\"https:\/\/schema.org\",\"@graph\":[{\"@type\":\"WebPage\",\"@id\":\"https:\/\/niryo.com\/fr\/ressources\/\",\"url\":\"https:\/\/niryo.com\/fr\/ressources\/\",\"name\":\"Ressources - Niryo\",\"isPartOf\":{\"@id\":\"https:\/\/niryo.com\/fr\/#website\"},\"primaryImageOfPage\":{\"@id\":\"https:\/\/niryo.com\/fr\/ressources\/#primaryimage\"},\"image\":{\"@id\":\"https:\/\/niryo.com\/fr\/ressources\/#primaryimage\"},\"thumbnailUrl\":\"https:\/\/niryo.com\/wp-content\/uploads\/2025\/03\/faq.png\",\"datePublished\":\"2024-05-14T18:58:56+00:00\",\"dateModified\":\"2025-12-09T14:56:22+00:00\",\"description\":\"Acc\u00e9dez \u00e0 notre centre de t\u00e9l\u00e9chargement, FAQ, le support ainsi qu'\u00e0 la documentation de Niryo.\",\"breadcrumb\":{\"@id\":\"https:\/\/niryo.com\/fr\/ressources\/#breadcrumb\"},\"inLanguage\":\"fr-FR\",\"potentialAction\":[{\"@type\":\"ReadAction\",\"target\":[\"https:\/\/niryo.com\/fr\/ressources\/\"]}]},{\"@type\":\"ImageObject\",\"inLanguage\":\"fr-FR\",\"@id\":\"https:\/\/niryo.com\/fr\/ressources\/#primaryimage\",\"url\":\"https:\/\/niryo.com\/wp-content\/uploads\/2025\/03\/faq.png\",\"contentUrl\":\"https:\/\/niryo.com\/wp-content\/uploads\/2025\/03\/faq.png\"},{\"@type\":\"BreadcrumbList\",\"@id\":\"https:\/\/niryo.com\/fr\/ressources\/#breadcrumb\",\"itemListElement\":[{\"@type\":\"ListItem\",\"position\":1,\"name\":\"Home\",\"item\":\"https:\/\/niryo.com\/fr\/\"},{\"@type\":\"ListItem\",\"position\":2,\"name\":\"Ressources\"}]},{\"@type\":\"WebSite\",\"@id\":\"https:\/\/niryo.com\/fr\/#website\",\"url\":\"https:\/\/niryo.com\/fr\/\",\"name\":\"Niryo\",\"description\":\"Empower your robotics potential - Collaborative robots\",\"publisher\":{\"@id\":\"https:\/\/niryo.com\/fr\/#organization\"},\"potentialAction\":[{\"@type\":\"SearchAction\",\"target\":{\"@type\":\"EntryPoint\",\"urlTemplate\":\"https:\/\/niryo.com\/fr\/?s={search_term_string}\"},\"query-input\":{\"@type\":\"PropertyValueSpecification\",\"valueRequired\":true,\"valueName\":\"search_term_string\"}}],\"inLanguage\":\"fr-FR\"},{\"@type\":\"Organization\",\"@id\":\"https:\/\/niryo.com\/fr\/#organization\",\"name\":\"Niryo\",\"url\":\"https:\/\/niryo.com\/fr\/\",\"logo\":{\"@type\":\"ImageObject\",\"inLanguage\":\"fr-FR\",\"@id\":\"https:\/\/niryo.com\/fr\/#\/schema\/logo\/image\/\",\"url\":\"https:\/\/niryo.com\/wp-content\/uploads\/2026\/02\/Favicon-Niryo.svg\",\"contentUrl\":\"https:\/\/niryo.com\/wp-content\/uploads\/2026\/02\/Favicon-Niryo.svg\",\"width\":512,\"height\":512,\"caption\":\"Niryo\"},\"image\":{\"@id\":\"https:\/\/niryo.com\/fr\/#\/schema\/logo\/image\/\"},\"sameAs\":[\"https:\/\/www.linkedin.com\/company\/10970402\/admin\/feed\/posts\/\",\"https:\/\/www.tiktok.com\/@niryo_robotics\",\"https:\/\/www.instagram.com\/niryo_robotics\/\",\"https:\/\/discord.com\/invite\/EqpPYTf9FJ\"]}]}<\/script>\n<!-- \/ Yoast SEO plugin. -->","yoast_head_json":{"title":"Ressources - Niryo","description":"Acc\u00e9dez \u00e0 notre centre de t\u00e9l\u00e9chargement, FAQ, le support ainsi qu'\u00e0 la documentation de Niryo.","robots":{"index":"index","follow":"follow","max-snippet":"max-snippet:-1","max-image-preview":"max-image-preview:large","max-video-preview":"max-video-preview:-1"},"canonical":"https:\/\/niryo.com\/fr\/ressources\/","og_locale":"fr_FR","og_type":"article","og_title":"Ressources - Niryo","og_description":"Acc\u00e9dez \u00e0 notre centre de t\u00e9l\u00e9chargement, FAQ, le support ainsi qu'\u00e0 la documentation de Niryo.","og_url":"https:\/\/niryo.com\/fr\/ressources\/","og_site_name":"Niryo","article_modified_time":"2025-12-09T14:56:22+00:00","og_image":[{"url":"https:\/\/niryo.com\/wp-content\/uploads\/2025\/03\/faq.png","type":"","width":"","height":""}],"twitter_card":"summary_large_image","twitter_misc":{"Dur\u00e9e de lecture estim\u00e9e":"2 minutes"},"schema":{"@context":"https:\/\/schema.org","@graph":[{"@type":"WebPage","@id":"https:\/\/niryo.com\/fr\/ressources\/","url":"https:\/\/niryo.com\/fr\/ressources\/","name":"Ressources - Niryo","isPartOf":{"@id":"https:\/\/niryo.com\/fr\/#website"},"primaryImageOfPage":{"@id":"https:\/\/niryo.com\/fr\/ressources\/#primaryimage"},"image":{"@id":"https:\/\/niryo.com\/fr\/ressources\/#primaryimage"},"thumbnailUrl":"https:\/\/niryo.com\/wp-content\/uploads\/2025\/03\/faq.png","datePublished":"2024-05-14T18:58:56+00:00","dateModified":"2025-12-09T14:56:22+00:00","description":"Acc\u00e9dez \u00e0 notre centre de t\u00e9l\u00e9chargement, FAQ, le support ainsi qu'\u00e0 la documentation de Niryo.","breadcrumb":{"@id":"https:\/\/niryo.com\/fr\/ressources\/#breadcrumb"},"inLanguage":"fr-FR","potentialAction":[{"@type":"ReadAction","target":["https:\/\/niryo.com\/fr\/ressources\/"]}]},{"@type":"ImageObject","inLanguage":"fr-FR","@id":"https:\/\/niryo.com\/fr\/ressources\/#primaryimage","url":"https:\/\/niryo.com\/wp-content\/uploads\/2025\/03\/faq.png","contentUrl":"https:\/\/niryo.com\/wp-content\/uploads\/2025\/03\/faq.png"},{"@type":"BreadcrumbList","@id":"https:\/\/niryo.com\/fr\/ressources\/#breadcrumb","itemListElement":[{"@type":"ListItem","position":1,"name":"Home","item":"https:\/\/niryo.com\/fr\/"},{"@type":"ListItem","position":2,"name":"Ressources"}]},{"@type":"WebSite","@id":"https:\/\/niryo.com\/fr\/#website","url":"https:\/\/niryo.com\/fr\/","name":"Niryo","description":"Empower your robotics potential - Collaborative robots","publisher":{"@id":"https:\/\/niryo.com\/fr\/#organization"},"potentialAction":[{"@type":"SearchAction","target":{"@type":"EntryPoint","urlTemplate":"https:\/\/niryo.com\/fr\/?s={search_term_string}"},"query-input":{"@type":"PropertyValueSpecification","valueRequired":true,"valueName":"search_term_string"}}],"inLanguage":"fr-FR"},{"@type":"Organization","@id":"https:\/\/niryo.com\/fr\/#organization","name":"Niryo","url":"https:\/\/niryo.com\/fr\/","logo":{"@type":"ImageObject","inLanguage":"fr-FR","@id":"https:\/\/niryo.com\/fr\/#\/schema\/logo\/image\/","url":"https:\/\/niryo.com\/wp-content\/uploads\/2026\/02\/Favicon-Niryo.svg","contentUrl":"https:\/\/niryo.com\/wp-content\/uploads\/2026\/02\/Favicon-Niryo.svg","width":512,"height":512,"caption":"Niryo"},"image":{"@id":"https:\/\/niryo.com\/fr\/#\/schema\/logo\/image\/"},"sameAs":["https:\/\/www.linkedin.com\/company\/10970402\/admin\/feed\/posts\/","https:\/\/www.tiktok.com\/@niryo_robotics","https:\/\/www.instagram.com\/niryo_robotics\/","https:\/\/discord.com\/invite\/EqpPYTf9FJ"]}]}},"_links":{"self":[{"href":"https:\/\/niryo.com\/fr\/wp-json\/wp\/v2\/pages\/5258","targetHints":{"allow":["GET"]}}],"collection":[{"href":"https:\/\/niryo.com\/fr\/wp-json\/wp\/v2\/pages"}],"about":[{"href":"https:\/\/niryo.com\/fr\/wp-json\/wp\/v2\/types\/page"}],"author":[{"embeddable":true,"href":"https:\/\/niryo.com\/fr\/wp-json\/wp\/v2\/users\/146"}],"replies":[{"embeddable":true,"href":"https:\/\/niryo.com\/fr\/wp-json\/wp\/v2\/comments?post=5258"}],"version-history":[{"count":0,"href":"https:\/\/niryo.com\/fr\/wp-json\/wp\/v2\/pages\/5258\/revisions"}],"wp:attachment":[{"href":"https:\/\/niryo.com\/fr\/wp-json\/wp\/v2\/media?parent=5258"}],"curies":[{"name":"wp","href":"https:\/\/api.w.org\/{rel}","templated":true}]}}