{"id":5284,"date":"2024-06-10T15:20:14","date_gmt":"2024-06-10T13:20:14","guid":{"rendered":"https:\/\/niryo.com\/?page_id=5284"},"modified":"2025-04-01T09:06:00","modified_gmt":"2025-04-01T07:06:00","slug":"contacter-equipe-niryo","status":"publish","type":"page","link":"https:\/\/niryo.com\/fr\/contacter-equipe-niryo\/","title":{"rendered":"Contacter l&rsquo;\u00e9quipe Niryo"},"content":{"rendered":"\t\t<div data-elementor-type=\"wp-page\" data-elementor-id=\"5284\" class=\"elementor elementor-5284 elementor-1906\" data-elementor-post-type=\"page\">\n\t\t\t\t<div class=\"elementor-element elementor-element-5f97ffa6 e-flex e-con-boxed e-con e-parent\" data-id=\"5f97ffa6\" data-element_type=\"container\" data-e-type=\"container\" data-settings=\"{&quot;background_background&quot;:&quot;classic&quot;}\">\n\t\t\t\t\t<div class=\"e-con-inner\">\n\t\t\t\t<div class=\"elementor-element elementor-element-14fb0e5f elementor-widget elementor-widget-heading\" data-id=\"14fb0e5f\" data-element_type=\"widget\" data-e-type=\"widget\" data-widget_type=\"heading.default\">\n\t\t\t\t<div class=\"elementor-widget-container\">\n\t\t\t\t\t<h1 class=\"elementor-heading-title elementor-size-default\">Contacter l&rsquo;\u00e9quipe Niryo<\/h1>\t\t\t\t<\/div>\n\t\t\t\t<\/div>\n\t\t\t\t\t<\/div>\n\t\t\t\t<\/div>\n\t\t<div class=\"elementor-element elementor-element-54c0592a e-flex e-con-boxed e-con e-parent\" data-id=\"54c0592a\" data-element_type=\"container\" data-e-type=\"container\" data-settings=\"{&quot;background_background&quot;:&quot;classic&quot;}\">\n\t\t\t\t\t<div class=\"e-con-inner\">\n\t\t<div class=\"elementor-element elementor-element-2093cecc e-con-full e-flex e-con e-child\" data-id=\"2093cecc\" data-element_type=\"container\" data-e-type=\"container\" data-settings=\"{&quot;background_background&quot;:&quot;classic&quot;}\">\n\t\t<div class=\"elementor-element elementor-element-9def46f e-con-full e-flex e-con e-child\" data-id=\"9def46f\" data-element_type=\"container\" data-e-type=\"container\" data-settings=\"{&quot;background_background&quot;:&quot;classic&quot;}\">\n\t\t\t\t<div class=\"elementor-element elementor-element-c0f7b46 elementor-widget elementor-widget-html\" data-id=\"c0f7b46\" data-element_type=\"widget\" data-e-type=\"widget\" data-widget_type=\"html.default\">\n\t\t\t\t<div class=\"elementor-widget-container\">\n\t\t\t\t\t<!-- Formulaire HubSpot en Anglais -->\n<div id=\"hubspot-form-en-old\" style=\"display: block;\">\n    <script charset=\"utf-8\" type=\"text\/javascript\" src=\"\/\/js.hsforms.net\/forms\/embed\/v2.js\"><\/script>\n<script>\n  hbspt.forms.create({\n    region: \"na1\",\n    portalId: \"9158560\",\n    formId: \"3d23b648-49e8-479e-ba05-bf27c84521af\",\n\u00a0 \u00a0 inlineMessage: \"Vous \u00eates redirig\u00e9 vers le site Web Niryo.com ...\",\n    onFormSubmit: function($form){\n        var emailWeb = $form.find('input[name=\"email\"]').val();\n       window.location.href = \"https:\/\/niryo.com\/fr\/validation-demande-contact\/?email=\" + encodeURIComponent( emailWeb );\n        \n    }\n  });\n<\/script>\n<\/div>\n\t\t\t\t<\/div>\n\t\t\t\t<\/div>\n\t\t\t\t<div class=\"elementor-element elementor-element-08266ef elementor-hidden-desktop elementor-hidden-laptop elementor-hidden-tablet elementor-hidden-mobile elementor-widget elementor-widget-html\" data-id=\"08266ef\" data-element_type=\"widget\" data-e-type=\"widget\" data-widget_type=\"html.default\">\n\t\t\t\t<div class=\"elementor-widget-container\">\n\t\t\t\t\t\n<!-- Formulaire HubSpot en Fran\u00e7ais -->\n<div id=\"hubspot-form-fr-old\" style=\"display: none;\">\n    <script charset=\"utf-8\" type=\"text\/javascript\" src=\"\/\/js.hsforms.net\/forms\/embed\/v2.js\"><\/script>\n<script>\n\u00a0 hbspt.forms.create({\n\u00a0 \u00a0 region: \"na1\",\n\u00a0 \u00a0 portalId: \"9158560\",\n\u00a0 \u00a0 formId: \"3210465a-8a53-43d5-bae8-dfeef4bbf409\",\n\u00a0 \u00a0 inlineMessage: \"Vous \u00eates redirig\u00e9 vers le site Web Niryo.com ...\",\n    onFormSubmit: function($form){\n        var emailWeb = $form.find('input[name=\"email\"]').val();\n       window.location.href = \"https:\/\/niryo.com\/fr\/validation-demande-contact\/?email=\" + encodeURIComponent( emailWeb );\n        \n    }\n\u00a0 });\n<\/script>\n<\/div>\t\t\t\t<\/div>\n\t\t\t\t<\/div>\n\t\t\t\t<\/div>\n\t\t\t\t<\/div>\n\t\t<div class=\"elementor-element elementor-element-45aebe7b e-con-full e-flex e-con e-child\" data-id=\"45aebe7b\" data-element_type=\"container\" data-e-type=\"container\">\n\t\t<div class=\"elementor-element elementor-element-239a2d66 e-con-full e-flex e-con e-child\" data-id=\"239a2d66\" data-element_type=\"container\" data-e-type=\"container\" data-settings=\"{&quot;background_background&quot;:&quot;classic&quot;}\">\n\t\t\t\t<div class=\"elementor-element elementor-element-119b3096 elementor-widget elementor-widget-heading\" data-id=\"119b3096\" data-element_type=\"widget\" data-e-type=\"widget\" data-widget_type=\"heading.default\">\n\t\t\t\t<div class=\"elementor-widget-container\">\n\t\t\t\t\t<div class=\"elementor-heading-title elementor-size-default\">Vous avez une question, une demande, une suggestion ?<\/div>\t\t\t\t<\/div>\n\t\t\t\t<\/div>\n\t\t\t\t<div class=\"elementor-element elementor-element-32fe28ac elementor-widget-divider--view-line elementor-widget elementor-widget-divider\" data-id=\"32fe28ac\" data-element_type=\"widget\" data-e-type=\"widget\" data-widget_type=\"divider.default\">\n\t\t\t\t<div class=\"elementor-widget-container\">\n\t\t\t\t\t\t\t<div class=\"elementor-divider\">\n\t\t\t<span class=\"elementor-divider-separator\">\n\t\t\t\t\t\t<\/span>\n\t\t<\/div>\n\t\t\t\t\t\t<\/div>\n\t\t\t\t<\/div>\n\t\t\t\t<div class=\"elementor-element elementor-element-645f212a elementor-position-inline-start elementor-view-default elementor-mobile-position-block-start elementor-widget elementor-widget-icon-box\" data-id=\"645f212a\" data-element_type=\"widget\" data-e-type=\"widget\" data-widget_type=\"icon-box.default\">\n\t\t\t\t<div class=\"elementor-widget-container\">\n\t\t\t\t\t\t\t<div class=\"elementor-icon-box-wrapper\">\n\n\t\t\t\t\t\t<div class=\"elementor-icon-box-icon\">\n\t\t\t\t<span  class=\"elementor-icon\">\n\t\t\t\t<svg xmlns=\"http:\/\/www.w3.org\/2000\/svg\" width=\"18\" height=\"18\" viewBox=\"0 0 18 18\" fill=\"none\"><g id=\"big\/email\"><path id=\"Mask\" fill-rule=\"evenodd\" clip-rule=\"evenodd\" d=\"M15 2.25H3C1.725 2.25 0.75 3.225 0.75 4.5V13.5C0.75 14.775 1.725 15.75 3 15.75H15C16.275 15.75 17.25 14.775 17.25 13.5V4.5C17.25 3.225 16.275 2.25 15 2.25ZM3 3.75H15C15.3 3.75 15.525 3.9 15.675 4.2L9 8.85L2.325 4.2C2.475 3.9 2.7 3.75 3 3.75ZM2.25 13.5C2.25 13.95 2.55 14.25 3 14.25H15C15.45 14.25 15.75 13.95 15.75 13.5V5.925L9.45 10.35C9.3 10.425 9.15 10.5 9 10.5C8.85 10.5 8.7 10.425 8.55 10.35L2.25 5.925V13.5Z\" fill=\"#1865FF\"><\/path><\/g><\/svg>\t\t\t\t<\/span>\n\t\t\t<\/div>\n\t\t\t\n\t\t\t\t\t\t<div class=\"elementor-icon-box-content\">\n\n\t\t\t\t\n\t\t\t\t\t\t\t\t\t<p class=\"elementor-icon-box-description\">\n\t\t\t\t\t\tEnvoyez-nous un message et nous vous r\u00e9pondrons dans les plus brefs d\u00e9lais.\t\t\t\t\t<\/p>\n\t\t\t\t\n\t\t\t<\/div>\n\t\t\t\n\t\t<\/div>\n\t\t\t\t\t\t<\/div>\n\t\t\t\t<\/div>\n\t\t\t\t<\/div>\n\t\t\t\t<\/div>\n\t\t\t\t\t<\/div>\n\t\t\t\t<\/div>\n\t\t\t\t<\/div>\n\t\t","protected":false},"excerpt":{"rendered":"<p>Vous avez une question, une demande, une suggestion ? Envoyez-nous un message et nous vous r\u00e9pondrons dans les plus brefs d\u00e9lais.<\/p>\n","protected":false},"author":146,"featured_media":0,"parent":0,"menu_order":0,"comment_status":"closed","ping_status":"closed","template":"","meta":{"_acf_changed":false,"content-type":"","footnotes":""},"class_list":["post-5284","page","type-page","status-publish","hentry"],"acf":[],"yoast_head":"<!-- This site is optimized with the Yoast SEO plugin v27.2 - https:\/\/yoast.com\/product\/yoast-seo-wordpress\/ -->\n<title>Contacter l&#039;\u00e9quipe Niryo - Niryo<\/title>\n<meta name=\"description\" content=\"Vous souhaitez obtenir plus d&#039;informations sur nos produits et services ? N&#039;h\u00e9sitez pas \u00e0 nous contacter. R\u00e9ponse rapide garantie.\" \/>\n<meta name=\"robots\" content=\"index, follow, max-snippet:-1, max-image-preview:large, max-video-preview:-1\" \/>\n<link rel=\"canonical\" href=\"https:\/\/niryo.com\/fr\/contacter-equipe-niryo\/\" \/>\n<meta property=\"og:locale\" content=\"fr_FR\" \/>\n<meta property=\"og:type\" content=\"article\" \/>\n<meta property=\"og:title\" content=\"Contacter l&#039;\u00e9quipe Niryo - Niryo\" \/>\n<meta property=\"og:description\" content=\"Vous souhaitez obtenir plus d&#039;informations sur nos produits et services ? N&#039;h\u00e9sitez pas \u00e0 nous contacter. R\u00e9ponse rapide garantie.\" \/>\n<meta property=\"og:url\" content=\"https:\/\/niryo.com\/fr\/contacter-equipe-niryo\/\" \/>\n<meta property=\"og:site_name\" content=\"Niryo\" \/>\n<meta property=\"article:modified_time\" content=\"2025-04-01T07:06:00+00:00\" \/>\n<meta name=\"twitter:card\" content=\"summary_large_image\" \/>\n<meta name=\"twitter:label1\" content=\"Dur\u00e9e de lecture estim\u00e9e\" \/>\n\t<meta name=\"twitter:data1\" content=\"1 minute\" \/>\n<script type=\"application\/ld+json\" class=\"yoast-schema-graph\">{\"@context\":\"https:\/\/schema.org\",\"@graph\":[{\"@type\":\"WebPage\",\"@id\":\"https:\/\/niryo.com\/fr\/contacter-equipe-niryo\/\",\"url\":\"https:\/\/niryo.com\/fr\/contacter-equipe-niryo\/\",\"name\":\"Contacter l'\u00e9quipe Niryo - Niryo\",\"isPartOf\":{\"@id\":\"https:\/\/niryo.com\/fr\/#website\"},\"datePublished\":\"2024-06-10T13:20:14+00:00\",\"dateModified\":\"2025-04-01T07:06:00+00:00\",\"description\":\"Vous souhaitez obtenir plus d'informations sur nos produits et services ? N'h\u00e9sitez pas \u00e0 nous contacter. R\u00e9ponse rapide garantie.\",\"breadcrumb\":{\"@id\":\"https:\/\/niryo.com\/fr\/contacter-equipe-niryo\/#breadcrumb\"},\"inLanguage\":\"fr-FR\",\"potentialAction\":[{\"@type\":\"ReadAction\",\"target\":[\"https:\/\/niryo.com\/fr\/contacter-equipe-niryo\/\"]}]},{\"@type\":\"BreadcrumbList\",\"@id\":\"https:\/\/niryo.com\/fr\/contacter-equipe-niryo\/#breadcrumb\",\"itemListElement\":[{\"@type\":\"ListItem\",\"position\":1,\"name\":\"Home\",\"item\":\"https:\/\/niryo.com\/fr\/\"},{\"@type\":\"ListItem\",\"position\":2,\"name\":\"Contacter l&rsquo;\u00e9quipe Niryo\"}]},{\"@type\":\"WebSite\",\"@id\":\"https:\/\/niryo.com\/fr\/#website\",\"url\":\"https:\/\/niryo.com\/fr\/\",\"name\":\"Niryo\",\"description\":\"Empower your robotics potential - Collaborative robots\",\"publisher\":{\"@id\":\"https:\/\/niryo.com\/fr\/#organization\"},\"potentialAction\":[{\"@type\":\"SearchAction\",\"target\":{\"@type\":\"EntryPoint\",\"urlTemplate\":\"https:\/\/niryo.com\/fr\/?s={search_term_string}\"},\"query-input\":{\"@type\":\"PropertyValueSpecification\",\"valueRequired\":true,\"valueName\":\"search_term_string\"}}],\"inLanguage\":\"fr-FR\"},{\"@type\":\"Organization\",\"@id\":\"https:\/\/niryo.com\/fr\/#organization\",\"name\":\"Niryo\",\"url\":\"https:\/\/niryo.com\/fr\/\",\"logo\":{\"@type\":\"ImageObject\",\"inLanguage\":\"fr-FR\",\"@id\":\"https:\/\/niryo.com\/fr\/#\/schema\/logo\/image\/\",\"url\":\"https:\/\/niryo.com\/wp-content\/uploads\/2026\/02\/Favicon-Niryo.svg\",\"contentUrl\":\"https:\/\/niryo.com\/wp-content\/uploads\/2026\/02\/Favicon-Niryo.svg\",\"width\":512,\"height\":512,\"caption\":\"Niryo\"},\"image\":{\"@id\":\"https:\/\/niryo.com\/fr\/#\/schema\/logo\/image\/\"},\"sameAs\":[\"https:\/\/www.linkedin.com\/company\/10970402\/admin\/feed\/posts\/\",\"https:\/\/www.tiktok.com\/@niryo_robotics\",\"https:\/\/www.instagram.com\/niryo_robotics\/\",\"https:\/\/discord.com\/invite\/EqpPYTf9FJ\"]}]}<\/script>\n<!-- \/ Yoast SEO plugin. -->","yoast_head_json":{"title":"Contacter l'\u00e9quipe Niryo - Niryo","description":"Vous souhaitez obtenir plus d'informations sur nos produits et services ? N'h\u00e9sitez pas \u00e0 nous contacter. R\u00e9ponse rapide garantie.","robots":{"index":"index","follow":"follow","max-snippet":"max-snippet:-1","max-image-preview":"max-image-preview:large","max-video-preview":"max-video-preview:-1"},"canonical":"https:\/\/niryo.com\/fr\/contacter-equipe-niryo\/","og_locale":"fr_FR","og_type":"article","og_title":"Contacter l'\u00e9quipe Niryo - Niryo","og_description":"Vous souhaitez obtenir plus d'informations sur nos produits et services ? N'h\u00e9sitez pas \u00e0 nous contacter. R\u00e9ponse rapide garantie.","og_url":"https:\/\/niryo.com\/fr\/contacter-equipe-niryo\/","og_site_name":"Niryo","article_modified_time":"2025-04-01T07:06:00+00:00","twitter_card":"summary_large_image","twitter_misc":{"Dur\u00e9e de lecture estim\u00e9e":"1 minute"},"schema":{"@context":"https:\/\/schema.org","@graph":[{"@type":"WebPage","@id":"https:\/\/niryo.com\/fr\/contacter-equipe-niryo\/","url":"https:\/\/niryo.com\/fr\/contacter-equipe-niryo\/","name":"Contacter l'\u00e9quipe Niryo - Niryo","isPartOf":{"@id":"https:\/\/niryo.com\/fr\/#website"},"datePublished":"2024-06-10T13:20:14+00:00","dateModified":"2025-04-01T07:06:00+00:00","description":"Vous souhaitez obtenir plus d'informations sur nos produits et services ? N'h\u00e9sitez pas \u00e0 nous contacter. R\u00e9ponse rapide garantie.","breadcrumb":{"@id":"https:\/\/niryo.com\/fr\/contacter-equipe-niryo\/#breadcrumb"},"inLanguage":"fr-FR","potentialAction":[{"@type":"ReadAction","target":["https:\/\/niryo.com\/fr\/contacter-equipe-niryo\/"]}]},{"@type":"BreadcrumbList","@id":"https:\/\/niryo.com\/fr\/contacter-equipe-niryo\/#breadcrumb","itemListElement":[{"@type":"ListItem","position":1,"name":"Home","item":"https:\/\/niryo.com\/fr\/"},{"@type":"ListItem","position":2,"name":"Contacter l&rsquo;\u00e9quipe Niryo"}]},{"@type":"WebSite","@id":"https:\/\/niryo.com\/fr\/#website","url":"https:\/\/niryo.com\/fr\/","name":"Niryo","description":"Empower your robotics potential - Collaborative robots","publisher":{"@id":"https:\/\/niryo.com\/fr\/#organization"},"potentialAction":[{"@type":"SearchAction","target":{"@type":"EntryPoint","urlTemplate":"https:\/\/niryo.com\/fr\/?s={search_term_string}"},"query-input":{"@type":"PropertyValueSpecification","valueRequired":true,"valueName":"search_term_string"}}],"inLanguage":"fr-FR"},{"@type":"Organization","@id":"https:\/\/niryo.com\/fr\/#organization","name":"Niryo","url":"https:\/\/niryo.com\/fr\/","logo":{"@type":"ImageObject","inLanguage":"fr-FR","@id":"https:\/\/niryo.com\/fr\/#\/schema\/logo\/image\/","url":"https:\/\/niryo.com\/wp-content\/uploads\/2026\/02\/Favicon-Niryo.svg","contentUrl":"https:\/\/niryo.com\/wp-content\/uploads\/2026\/02\/Favicon-Niryo.svg","width":512,"height":512,"caption":"Niryo"},"image":{"@id":"https:\/\/niryo.com\/fr\/#\/schema\/logo\/image\/"},"sameAs":["https:\/\/www.linkedin.com\/company\/10970402\/admin\/feed\/posts\/","https:\/\/www.tiktok.com\/@niryo_robotics","https:\/\/www.instagram.com\/niryo_robotics\/","https:\/\/discord.com\/invite\/EqpPYTf9FJ"]}]}},"_links":{"self":[{"href":"https:\/\/niryo.com\/fr\/wp-json\/wp\/v2\/pages\/5284","targetHints":{"allow":["GET"]}}],"collection":[{"href":"https:\/\/niryo.com\/fr\/wp-json\/wp\/v2\/pages"}],"about":[{"href":"https:\/\/niryo.com\/fr\/wp-json\/wp\/v2\/types\/page"}],"author":[{"embeddable":true,"href":"https:\/\/niryo.com\/fr\/wp-json\/wp\/v2\/users\/146"}],"replies":[{"embeddable":true,"href":"https:\/\/niryo.com\/fr\/wp-json\/wp\/v2\/comments?post=5284"}],"version-history":[{"count":0,"href":"https:\/\/niryo.com\/fr\/wp-json\/wp\/v2\/pages\/5284\/revisions"}],"wp:attachment":[{"href":"https:\/\/niryo.com\/fr\/wp-json\/wp\/v2\/media?parent=5284"}],"curies":[{"name":"wp","href":"https:\/\/api.w.org\/{rel}","templated":true}]}}