{"id":5625,"date":"2024-06-27T16:37:44","date_gmt":"2024-06-27T14:37:44","guid":{"rendered":"https:\/\/niryo.com\/product\/custom-gripper\/"},"modified":"2025-10-13T15:37:37","modified_gmt":"2025-10-13T13:37:37","slug":"custom-gripper","status":"publish","type":"product","link":"https:\/\/niryo.com\/fr\/produit\/custom-gripper\/","title":{"rendered":"Pince personnalisable"},"content":{"rendered":"\t\t<div data-elementor-type=\"product-post\" data-elementor-id=\"5625\" class=\"elementor elementor-5625 elementor-3756\" data-elementor-post-type=\"product\">\n\t\t\t\t<div class=\"elementor-element elementor-element-4ba4fd62 e-flex e-con-boxed e-con e-parent\" data-id=\"4ba4fd62\" data-element_type=\"container\" data-e-type=\"container\">\n\t\t\t\t\t<div class=\"e-con-inner\">\n\t\t\t\t<div class=\"elementor-element elementor-element-49dcb18b elementor-widget elementor-widget-heading\" data-id=\"49dcb18b\" data-element_type=\"widget\" data-e-type=\"widget\" data-widget_type=\"heading.default\">\n\t\t\t\t<div class=\"elementor-widget-container\">\n\t\t\t\t\t<h2 class=\"elementor-heading-title elementor-size-default\">Aucune limite \u00e0 votre cr\u00e9ativit\u00e9.<\/h2>\t\t\t\t<\/div>\n\t\t\t\t<\/div>\n\t\t<div class=\"elementor-element elementor-element-186c9d0a e-con-full e-flex e-con e-child\" data-id=\"186c9d0a\" data-element_type=\"container\" data-e-type=\"container\" data-settings=\"{&quot;background_background&quot;:&quot;video&quot;,&quot;background_video_link&quot;:&quot;https:\\\/\\\/niryo.com\\\/wp-content\\\/uploads\\\/2024\\\/06\\\/Pp-Custom-Gripper_OPTI.mp4&quot;,&quot;background_video_start&quot;:0,&quot;background_video_end&quot;:100,&quot;background_play_on_mobile&quot;:&quot;yes&quot;}\">\n\t\t<div class=\"elementor-background-video-container\">\n\t\t\t\t\t\t\t<video class=\"elementor-background-video-hosted\" role=\"presentation\" autoplay muted playsinline loop><\/video>\n\t\t\t\t\t<\/div>\t\t<div class=\"elementor-element elementor-element-11ccd0f elementor-widget elementor-widget-video\" data-id=\"11ccd0f\" data-element_type=\"widget\" data-e-type=\"widget\" data-settings=\"{&quot;video_type&quot;:&quot;hosted&quot;,&quot;autoplay&quot;:&quot;yes&quot;,&quot;play_on_mobile&quot;:&quot;yes&quot;,&quot;mute&quot;:&quot;yes&quot;,&quot;loop&quot;:&quot;yes&quot;}\" data-widget_type=\"video.default\">\n\t\t\t\t<div class=\"elementor-widget-container\">\n\t\t\t\t\t\t\t<div class=\"e-hosted-video elementor-wrapper elementor-open-inline\">\n\t\t\t\t\t<video class=\"elementor-video\" src=\"https:\/\/niryo.com\/wp-content\/uploads\/2024\/06\/PP_Custom-Gripper_V2.webm\" autoplay=\"\" loop=\"\" muted=\"muted\" playsinline=\"\" controlsList=\"nodownload\"><\/video>\n\t\t\t\t<\/div>\n\t\t\t\t\t\t<\/div>\n\t\t\t\t<\/div>\n\t\t\t\t<\/div>\n\t\t\t\t\t<\/div>\n\t\t\t\t<\/div>\n\t\t<div class=\"elementor-element elementor-element-6686ce22 elementor-hidden-mobile e-flex e-con-boxed e-con e-parent\" data-id=\"6686ce22\" data-element_type=\"container\" data-e-type=\"container\">\n\t\t\t\t\t<div class=\"e-con-inner\">\n\t\t\t\t<div class=\"elementor-element elementor-element-338394f4 elementor-widget elementor-widget-template\" data-id=\"338394f4\" data-element_type=\"widget\" data-e-type=\"widget\" data-widget_type=\"template.default\">\n\t\t\t\t<div class=\"elementor-widget-container\">\n\t\t\t\t\t\t\t<div class=\"elementor-template\">\n\t\t\t\t\t<div data-elementor-type=\"container\" data-elementor-id=\"23889\" class=\"elementor elementor-23889 elementor-22680 elementor-22680\" data-elementor-post-type=\"elementor_library\">\n\t\t\t\t<div class=\"elementor-element elementor-element-5cf22526 e-con-full e-flex e-con e-parent\" data-id=\"5cf22526\" data-element_type=\"container\" data-e-type=\"container\">\n\t\t<div class=\"elementor-element elementor-element-1c4085ed e-con-full e-flex e-con e-child\" data-id=\"1c4085ed\" data-element_type=\"container\" data-e-type=\"container\">\n\t\t\t\t<div class=\"elementor-element elementor-element-771db8d1 elementor-hidden-mobile elementor-widget elementor-widget-heading\" data-id=\"771db8d1\" data-element_type=\"widget\" data-e-type=\"widget\" data-widget_type=\"heading.default\">\n\t\t\t\t<div class=\"elementor-widget-container\">\n\t\t\t\t\t<h3 class=\"elementor-heading-title elementor-size-default\">Dimensions<\/h3>\t\t\t\t<\/div>\n\t\t\t\t<\/div>\n\t\t\t\t<div class=\"elementor-element elementor-element-5a8fac04 elementor-widget elementor-widget-text-editor\" data-id=\"5a8fac04\" data-element_type=\"widget\" data-e-type=\"widget\" data-widget_type=\"text-editor.default\">\n\t\t\t\t<div class=\"elementor-widget-container\">\n\t\t\t\t\t\t\t\t\t<p><strong>Largeur:<\/strong> 77mm<br \/><strong>Profondeur:<\/strong> 39,30mm<br \/><strong>Hauteur:<\/strong> 104mm<\/p>\t\t\t\t\t\t\t\t<\/div>\n\t\t\t\t<\/div>\n\t\t\t\t<\/div>\n\t\t<div class=\"elementor-element elementor-element-1145001b e-flex e-con-boxed e-con e-child\" data-id=\"1145001b\" data-element_type=\"container\" data-e-type=\"container\">\n\t\t\t\t\t<div class=\"e-con-inner\">\n\t\t\t\t<div class=\"elementor-element elementor-element-68cb0e24 elementor-widget elementor-widget-image\" data-id=\"68cb0e24\" data-element_type=\"widget\" data-e-type=\"widget\" data-widget_type=\"image.default\">\n\t\t\t\t<div class=\"elementor-widget-container\">\n\t\t\t\t\t\t\t\t\t\t\t\t\t\t\t<img loading=\"lazy\" decoding=\"async\" width=\"1\" height=\"1\" src=\"https:\/\/niryo.com\/wp-content\/uploads\/2024\/06\/custom-gripper-techspecs2.svg\" class=\"attachment-large size-large wp-image-4522\" alt=\"\" \/>\t\t\t\t\t\t\t\t\t\t\t\t\t\t\t<\/div>\n\t\t\t\t<\/div>\n\t\t\t\t\t<\/div>\n\t\t\t\t<\/div>\n\t\t\t\t<\/div>\n\t\t\t\t<\/div>\n\t\t\t\t<\/div>\n\t\t\t\t\t\t<\/div>\n\t\t\t\t<\/div>\n\t\t\t\t\t<\/div>\n\t\t\t\t<\/div>\n\t\t<div class=\"elementor-element elementor-element-5ba14b99 e-con-full elementor-hidden-desktop elementor-hidden-laptop elementor-hidden-tablet_extra elementor-hidden-tablet elementor-hidden-mobile_extra e-flex e-con e-child\" data-id=\"5ba14b99\" data-element_type=\"container\" data-e-type=\"container\">\n\t\t\t\t<div class=\"elementor-element elementor-element-1ce47000 elementor-widget elementor-widget-n-accordion\" data-id=\"1ce47000\" data-element_type=\"widget\" data-e-type=\"widget\" data-settings=\"{&quot;default_state&quot;:&quot;all_collapsed&quot;,&quot;max_items_expended&quot;:&quot;one&quot;,&quot;n_accordion_animation_duration&quot;:{&quot;unit&quot;:&quot;ms&quot;,&quot;size&quot;:400,&quot;sizes&quot;:[]}}\" data-widget_type=\"nested-accordion.default\">\n\t\t\t\t<div class=\"elementor-widget-container\">\n\t\t\t\t\t\t\t<div class=\"e-n-accordion\" aria-label=\"Accordion. Open links with Enter or Space, close with Escape, and navigate with Arrow Keys\">\n\t\t\t\t\t\t<details id=\"e-n-accordion-item-4840\" class=\"e-n-accordion-item\" >\n\t\t\t\t<summary class=\"e-n-accordion-item-title\" data-accordion-index=\"1\" tabindex=\"0\" aria-expanded=\"false\" aria-controls=\"e-n-accordion-item-4840\" >\n\t\t\t\t\t<span class='e-n-accordion-item-title-header'><div class=\"e-n-accordion-item-title-text\"> Dimensions <\/div><\/span>\n\t\t\t\t\t\t\t<span class='e-n-accordion-item-title-icon'>\n\t\t\t<span class='e-opened' ><svg xmlns=\"http:\/\/www.w3.org\/2000\/svg\" width=\"24\" height=\"24\" viewBox=\"0 0 24 24\" fill=\"none\"><g id=\"big\/chevron\/up\"><path id=\"Mask\" d=\"M18.7 15.7C18.5 15.9 18.3 16 18 16C17.7 16 17.5 15.9 17.3 15.7L12 10.4L6.7 15.7C6.3 16.1 5.7 16.1 5.3 15.7C4.9 15.3 4.9 14.7 5.3 14.3L11.3 8.3C11.7 7.9 12.3 7.9 12.7 8.3L18.7 14.3C19.1 14.7 19.1 15.3 18.7 15.7Z\" fill=\"#575D81\"><\/path><\/g><\/svg><\/span>\n\t\t\t<span class='e-closed'><svg xmlns=\"http:\/\/www.w3.org\/2000\/svg\" width=\"24\" height=\"24\" viewBox=\"0 0 24 24\" fill=\"none\"><g id=\"big\/chevron\/down\"><path id=\"Mask\" d=\"M18.7 9.7L12.7 15.7C12.5 15.9 12.3 16 12 16C11.7 16 11.5 15.9 11.3 15.7L5.3 9.7C4.9 9.3 4.9 8.7 5.3 8.3C5.7 7.9 6.3 7.9 6.7 8.3L12 13.6L17.3 8.3C17.7 7.9 18.3 7.9 18.7 8.3C19.1 8.7 19.1 9.3 18.7 9.7Z\" fill=\"#575D81\"><\/path><\/g><\/svg><\/span>\n\t\t<\/span>\n\n\t\t\t\t\t\t<\/summary>\n\t\t\t\t<div role=\"region\" aria-labelledby=\"e-n-accordion-item-4840\" class=\"elementor-element elementor-element-4455ba00 e-con-full e-flex e-con e-child\" data-id=\"4455ba00\" data-element_type=\"container\" data-e-type=\"container\">\n\t\t\t\t<div class=\"elementor-element elementor-element-ad7c938 elementor-widget elementor-widget-template\" data-id=\"ad7c938\" data-element_type=\"widget\" data-e-type=\"widget\" data-widget_type=\"template.default\">\n\t\t\t\t<div class=\"elementor-widget-container\">\n\t\t\t\t\t\t\t<div class=\"elementor-template\">\n\t\t\t\t\t<div data-elementor-type=\"container\" data-elementor-id=\"23889\" class=\"elementor elementor-23889 elementor-22680 elementor-22680\" data-elementor-post-type=\"elementor_library\">\n\t\t\t\t<div class=\"elementor-element elementor-element-5cf22526 e-con-full e-flex e-con e-parent\" data-id=\"5cf22526\" data-element_type=\"container\" data-e-type=\"container\">\n\t\t<div class=\"elementor-element elementor-element-1c4085ed e-con-full e-flex e-con e-child\" data-id=\"1c4085ed\" data-element_type=\"container\" data-e-type=\"container\">\n\t\t\t\t<div class=\"elementor-element elementor-element-771db8d1 elementor-hidden-mobile elementor-widget elementor-widget-heading\" data-id=\"771db8d1\" data-element_type=\"widget\" data-e-type=\"widget\" data-widget_type=\"heading.default\">\n\t\t\t\t<div class=\"elementor-widget-container\">\n\t\t\t\t\t<h3 class=\"elementor-heading-title elementor-size-default\">Dimensions<\/h3>\t\t\t\t<\/div>\n\t\t\t\t<\/div>\n\t\t\t\t<div class=\"elementor-element elementor-element-5a8fac04 elementor-widget elementor-widget-text-editor\" data-id=\"5a8fac04\" data-element_type=\"widget\" data-e-type=\"widget\" data-widget_type=\"text-editor.default\">\n\t\t\t\t<div class=\"elementor-widget-container\">\n\t\t\t\t\t\t\t\t\t<p><strong>Largeur:<\/strong> 77mm<br \/><strong>Profondeur:<\/strong> 39,30mm<br \/><strong>Hauteur:<\/strong> 104mm<\/p>\t\t\t\t\t\t\t\t<\/div>\n\t\t\t\t<\/div>\n\t\t\t\t<\/div>\n\t\t<div class=\"elementor-element elementor-element-1145001b e-flex e-con-boxed e-con e-child\" data-id=\"1145001b\" data-element_type=\"container\" data-e-type=\"container\">\n\t\t\t\t\t<div class=\"e-con-inner\">\n\t\t\t\t<div class=\"elementor-element elementor-element-68cb0e24 elementor-widget elementor-widget-image\" data-id=\"68cb0e24\" data-element_type=\"widget\" data-e-type=\"widget\" data-widget_type=\"image.default\">\n\t\t\t\t<div class=\"elementor-widget-container\">\n\t\t\t\t\t\t\t\t\t\t\t\t\t\t\t<img loading=\"lazy\" decoding=\"async\" width=\"1\" height=\"1\" src=\"https:\/\/niryo.com\/wp-content\/uploads\/2024\/06\/custom-gripper-techspecs2.svg\" class=\"attachment-large size-large wp-image-4522\" alt=\"\" \/>\t\t\t\t\t\t\t\t\t\t\t\t\t\t\t<\/div>\n\t\t\t\t<\/div>\n\t\t\t\t\t<\/div>\n\t\t\t\t<\/div>\n\t\t\t\t<\/div>\n\t\t\t\t<\/div>\n\t\t\t\t<\/div>\n\t\t\t\t\t\t<\/div>\n\t\t\t\t<\/div>\n\t\t\t\t<\/div>\n\t\t\t\t\t<\/details>\n\t\t\t\t\t<\/div>\n\t\t\t\t\t\t<\/div>\n\t\t\t\t<\/div>\n\t\t\t\t<\/div>\n\t\t<div class=\"elementor-element elementor-element-11e22d65 elementor-hidden-mobile e-con-full e-flex e-con e-parent\" data-id=\"11e22d65\" data-element_type=\"container\" data-e-type=\"container\">\n\t\t\t\t<div class=\"elementor-element elementor-element-79efb49c elementor-widget-divider--view-line elementor-widget elementor-widget-divider\" data-id=\"79efb49c\" data-element_type=\"widget\" data-e-type=\"widget\" data-widget_type=\"divider.default\">\n\t\t\t\t<div class=\"elementor-widget-container\">\n\t\t\t\t\t\t\t<div class=\"elementor-divider\">\n\t\t\t<span class=\"elementor-divider-separator\">\n\t\t\t\t\t\t<\/span>\n\t\t<\/div>\n\t\t\t\t\t\t<\/div>\n\t\t\t\t<\/div>\n\t\t\t\t<\/div>\n\t\t<div class=\"elementor-element elementor-element-1dc38e37 e-flex e-con-boxed e-con e-parent\" data-id=\"1dc38e37\" data-element_type=\"container\" data-e-type=\"container\">\n\t\t\t\t\t<div class=\"e-con-inner\">\n\t\t\t\t<div class=\"elementor-element elementor-element-276fea1c elementor-widget elementor-widget-template\" data-id=\"276fea1c\" data-element_type=\"widget\" data-e-type=\"widget\" data-widget_type=\"template.default\">\n\t\t\t\t<div class=\"elementor-widget-container\">\n\t\t\t\t\t\t\t<div class=\"elementor-template\">\n\t\t\t\t\t<div data-elementor-type=\"container\" data-elementor-id=\"23871\" class=\"elementor elementor-23871 elementor-22474 elementor-22474\" data-elementor-post-type=\"elementor_library\">\n\t\t\t\t<div class=\"elementor-element elementor-element-1fadf8d e-con-full e-flex e-con e-parent\" data-id=\"1fadf8d\" data-element_type=\"container\" data-e-type=\"container\">\n\t\t\t\t<div class=\"elementor-element elementor-element-807a4ac elementor-widget elementor-widget-heading\" data-id=\"807a4ac\" data-element_type=\"widget\" data-e-type=\"widget\" data-widget_type=\"heading.default\">\n\t\t\t\t<div class=\"elementor-widget-container\">\n\t\t\t\t\t<span class=\"elementor-heading-title elementor-size-default\">Des solutions pour tous<\/span>\t\t\t\t<\/div>\n\t\t\t\t<\/div>\n\t\t\t\t<div class=\"elementor-element elementor-element-172d275 elementor-widget__width-initial elementor-widget elementor-widget-heading\" data-id=\"172d275\" data-element_type=\"widget\" data-e-type=\"widget\" data-widget_type=\"heading.default\">\n\t\t\t\t<div class=\"elementor-widget-container\">\n\t\t\t\t\t<h2 class=\"elementor-heading-title elementor-size-default\">Nos solutions \u00e9ducatives<\/h2>\t\t\t\t<\/div>\n\t\t\t\t<\/div>\n\t\t\t\t<\/div>\n\t\t\t\t<\/div>\n\t\t\t\t<\/div>\n\t\t\t\t\t\t<\/div>\n\t\t\t\t<\/div>\n\t\t\t\t\t<\/div>\n\t\t\t\t<\/div>\n\t\t\t\t<\/div>\n\t\t","protected":false},"excerpt":{"rendered":"<p>Cette pince poss\u00e8de des m\u00e2choires imprim\u00e9es en 3D qui sont viss\u00e9es et mont\u00e9es sur l&rsquo;effecteur.<br \/>\nAfin de vous offrir une flexibilit\u00e9 totale, nous pouvons vous fournir des fichiers STL pour imprimer en 3D et visser les m\u00e2choires en fonction de votre cas d&rsquo;utilisation !<\/p>\n","protected":false},"featured_media":3760,"template":"","meta":{"_acf_changed":false,"content-type":""},"area":[155],"platform":[],"sector":[],"product_brand":[],"product_cat":[79],"class_list":{"0":"post-5625","1":"product","2":"type-product","3":"status-publish","4":"has-post-thumbnail","6":"product_cat-default-fr","8":"first","9":"instock","10":"taxable","11":"shipping-taxable","12":"purchasable","13":"product-type-simple"},"acf":[],"yoast_head":"<!-- This site is optimized with the Yoast SEO plugin v27.2 - https:\/\/yoast.com\/product\/yoast-seo-wordpress\/ -->\n<title>Gripper personnalis\u00e9 pour le robot Ned2 - Niryo<\/title>\n<meta name=\"description\" content=\"Pour vos exercices, recherches ou d\u00e9veloppements, d\u00e9couvrez notre robot pr\u00e9henseur sur mesure. Impression 3D personnalis\u00e9e des m\u00e2choires possible\" \/>\n<meta name=\"robots\" content=\"index, follow, max-snippet:-1, max-image-preview:large, max-video-preview:-1\" \/>\n<link rel=\"canonical\" href=\"https:\/\/niryo.com\/fr\/produit\/custom-gripper\/\" \/>\n<meta property=\"og:locale\" content=\"fr_FR\" \/>\n<meta property=\"og:type\" content=\"article\" \/>\n<meta property=\"og:title\" content=\"Gripper personnalis\u00e9 pour le robot Ned2 - Niryo\" \/>\n<meta property=\"og:description\" content=\"Pour vos exercices, recherches ou d\u00e9veloppements, d\u00e9couvrez notre robot pr\u00e9henseur sur mesure. Impression 3D personnalis\u00e9e des m\u00e2choires possible\" \/>\n<meta property=\"og:url\" content=\"https:\/\/niryo.com\/fr\/produit\/custom-gripper\/\" \/>\n<meta property=\"og:site_name\" content=\"Niryo\" \/>\n<meta property=\"article:modified_time\" content=\"2025-10-13T13:37:37+00:00\" \/>\n<meta property=\"og:image\" content=\"https:\/\/niryo.com\/wp-content\/uploads\/2024\/06\/custom-gripper-hero1-2000px.jpg\" \/>\n\t<meta property=\"og:image:width\" content=\"2000\" \/>\n\t<meta property=\"og:image:height\" content=\"2000\" \/>\n\t<meta property=\"og:image:type\" content=\"image\/jpeg\" \/>\n<meta name=\"twitter:card\" content=\"summary_large_image\" \/>\n<script type=\"application\/ld+json\" class=\"yoast-schema-graph\">{\"@context\":\"https:\/\/schema.org\",\"@graph\":[{\"@type\":\"WebPage\",\"@id\":\"https:\/\/niryo.com\/fr\/produit\/custom-gripper\/\",\"url\":\"https:\/\/niryo.com\/fr\/produit\/custom-gripper\/\",\"name\":\"Gripper personnalis\u00e9 pour le robot Ned2 - Niryo\",\"isPartOf\":{\"@id\":\"https:\/\/niryo.com\/fr\/#website\"},\"primaryImageOfPage\":{\"@id\":\"https:\/\/niryo.com\/fr\/produit\/custom-gripper\/#primaryimage\"},\"image\":{\"@id\":\"https:\/\/niryo.com\/fr\/produit\/custom-gripper\/#primaryimage\"},\"thumbnailUrl\":\"https:\/\/niryo.com\/wp-content\/uploads\/2024\/06\/custom-gripper-hero1-2000px.jpg\",\"datePublished\":\"2024-06-27T14:37:44+00:00\",\"dateModified\":\"2025-10-13T13:37:37+00:00\",\"description\":\"Pour vos exercices, recherches ou d\u00e9veloppements, d\u00e9couvrez notre robot pr\u00e9henseur sur mesure. Impression 3D personnalis\u00e9e des m\u00e2choires possible\",\"breadcrumb\":{\"@id\":\"https:\/\/niryo.com\/fr\/produit\/custom-gripper\/#breadcrumb\"},\"inLanguage\":\"fr-FR\",\"potentialAction\":[{\"@type\":\"ReadAction\",\"target\":[\"https:\/\/niryo.com\/fr\/produit\/custom-gripper\/\"]}]},{\"@type\":\"ImageObject\",\"inLanguage\":\"fr-FR\",\"@id\":\"https:\/\/niryo.com\/fr\/produit\/custom-gripper\/#primaryimage\",\"url\":\"https:\/\/niryo.com\/wp-content\/uploads\/2024\/06\/custom-gripper-hero1-2000px.jpg\",\"contentUrl\":\"https:\/\/niryo.com\/wp-content\/uploads\/2024\/06\/custom-gripper-hero1-2000px.jpg\",\"width\":2000,\"height\":2000},{\"@type\":\"BreadcrumbList\",\"@id\":\"https:\/\/niryo.com\/fr\/produit\/custom-gripper\/#breadcrumb\",\"itemListElement\":[{\"@type\":\"ListItem\",\"position\":1,\"name\":\"Home\",\"item\":\"https:\/\/niryo.com\/fr\/\"},{\"@type\":\"ListItem\",\"position\":2,\"name\":\"Produits\",\"item\":\"https:\/\/niryo.com\/fr\/boutique\/\"},{\"@type\":\"ListItem\",\"position\":3,\"name\":\"Pince personnalisable\"}]},{\"@type\":\"WebSite\",\"@id\":\"https:\/\/niryo.com\/fr\/#website\",\"url\":\"https:\/\/niryo.com\/fr\/\",\"name\":\"Niryo\",\"description\":\"Empower your robotics potential - Collaborative robots\",\"publisher\":{\"@id\":\"https:\/\/niryo.com\/fr\/#organization\"},\"potentialAction\":[{\"@type\":\"SearchAction\",\"target\":{\"@type\":\"EntryPoint\",\"urlTemplate\":\"https:\/\/niryo.com\/fr\/?s={search_term_string}\"},\"query-input\":{\"@type\":\"PropertyValueSpecification\",\"valueRequired\":true,\"valueName\":\"search_term_string\"}}],\"inLanguage\":\"fr-FR\"},{\"@type\":\"Organization\",\"@id\":\"https:\/\/niryo.com\/fr\/#organization\",\"name\":\"Niryo\",\"url\":\"https:\/\/niryo.com\/fr\/\",\"logo\":{\"@type\":\"ImageObject\",\"inLanguage\":\"fr-FR\",\"@id\":\"https:\/\/niryo.com\/fr\/#\/schema\/logo\/image\/\",\"url\":\"https:\/\/niryo.com\/wp-content\/uploads\/2026\/02\/Favicon-Niryo.svg\",\"contentUrl\":\"https:\/\/niryo.com\/wp-content\/uploads\/2026\/02\/Favicon-Niryo.svg\",\"width\":512,\"height\":512,\"caption\":\"Niryo\"},\"image\":{\"@id\":\"https:\/\/niryo.com\/fr\/#\/schema\/logo\/image\/\"},\"sameAs\":[\"https:\/\/www.linkedin.com\/company\/10970402\/admin\/feed\/posts\/\",\"https:\/\/www.tiktok.com\/@niryo_robotics\",\"https:\/\/www.instagram.com\/niryo_robotics\/\",\"https:\/\/discord.com\/invite\/EqpPYTf9FJ\"]}]}<\/script>\n<!-- \/ Yoast SEO plugin. -->","yoast_head_json":{"title":"Gripper personnalis\u00e9 pour le robot Ned2 - Niryo","description":"Pour vos exercices, recherches ou d\u00e9veloppements, d\u00e9couvrez notre robot pr\u00e9henseur sur mesure. Impression 3D personnalis\u00e9e des m\u00e2choires possible","robots":{"index":"index","follow":"follow","max-snippet":"max-snippet:-1","max-image-preview":"max-image-preview:large","max-video-preview":"max-video-preview:-1"},"canonical":"https:\/\/niryo.com\/fr\/produit\/custom-gripper\/","og_locale":"fr_FR","og_type":"article","og_title":"Gripper personnalis\u00e9 pour le robot Ned2 - Niryo","og_description":"Pour vos exercices, recherches ou d\u00e9veloppements, d\u00e9couvrez notre robot pr\u00e9henseur sur mesure. Impression 3D personnalis\u00e9e des m\u00e2choires possible","og_url":"https:\/\/niryo.com\/fr\/produit\/custom-gripper\/","og_site_name":"Niryo","article_modified_time":"2025-10-13T13:37:37+00:00","og_image":[{"width":2000,"height":2000,"url":"https:\/\/niryo.com\/wp-content\/uploads\/2024\/06\/custom-gripper-hero1-2000px.jpg","type":"image\/jpeg"}],"twitter_card":"summary_large_image","schema":{"@context":"https:\/\/schema.org","@graph":[{"@type":"WebPage","@id":"https:\/\/niryo.com\/fr\/produit\/custom-gripper\/","url":"https:\/\/niryo.com\/fr\/produit\/custom-gripper\/","name":"Gripper personnalis\u00e9 pour le robot Ned2 - Niryo","isPartOf":{"@id":"https:\/\/niryo.com\/fr\/#website"},"primaryImageOfPage":{"@id":"https:\/\/niryo.com\/fr\/produit\/custom-gripper\/#primaryimage"},"image":{"@id":"https:\/\/niryo.com\/fr\/produit\/custom-gripper\/#primaryimage"},"thumbnailUrl":"https:\/\/niryo.com\/wp-content\/uploads\/2024\/06\/custom-gripper-hero1-2000px.jpg","datePublished":"2024-06-27T14:37:44+00:00","dateModified":"2025-10-13T13:37:37+00:00","description":"Pour vos exercices, recherches ou d\u00e9veloppements, d\u00e9couvrez notre robot pr\u00e9henseur sur mesure. Impression 3D personnalis\u00e9e des m\u00e2choires possible","breadcrumb":{"@id":"https:\/\/niryo.com\/fr\/produit\/custom-gripper\/#breadcrumb"},"inLanguage":"fr-FR","potentialAction":[{"@type":"ReadAction","target":["https:\/\/niryo.com\/fr\/produit\/custom-gripper\/"]}]},{"@type":"ImageObject","inLanguage":"fr-FR","@id":"https:\/\/niryo.com\/fr\/produit\/custom-gripper\/#primaryimage","url":"https:\/\/niryo.com\/wp-content\/uploads\/2024\/06\/custom-gripper-hero1-2000px.jpg","contentUrl":"https:\/\/niryo.com\/wp-content\/uploads\/2024\/06\/custom-gripper-hero1-2000px.jpg","width":2000,"height":2000},{"@type":"BreadcrumbList","@id":"https:\/\/niryo.com\/fr\/produit\/custom-gripper\/#breadcrumb","itemListElement":[{"@type":"ListItem","position":1,"name":"Home","item":"https:\/\/niryo.com\/fr\/"},{"@type":"ListItem","position":2,"name":"Produits","item":"https:\/\/niryo.com\/fr\/boutique\/"},{"@type":"ListItem","position":3,"name":"Pince personnalisable"}]},{"@type":"WebSite","@id":"https:\/\/niryo.com\/fr\/#website","url":"https:\/\/niryo.com\/fr\/","name":"Niryo","description":"Empower your robotics potential - Collaborative robots","publisher":{"@id":"https:\/\/niryo.com\/fr\/#organization"},"potentialAction":[{"@type":"SearchAction","target":{"@type":"EntryPoint","urlTemplate":"https:\/\/niryo.com\/fr\/?s={search_term_string}"},"query-input":{"@type":"PropertyValueSpecification","valueRequired":true,"valueName":"search_term_string"}}],"inLanguage":"fr-FR"},{"@type":"Organization","@id":"https:\/\/niryo.com\/fr\/#organization","name":"Niryo","url":"https:\/\/niryo.com\/fr\/","logo":{"@type":"ImageObject","inLanguage":"fr-FR","@id":"https:\/\/niryo.com\/fr\/#\/schema\/logo\/image\/","url":"https:\/\/niryo.com\/wp-content\/uploads\/2026\/02\/Favicon-Niryo.svg","contentUrl":"https:\/\/niryo.com\/wp-content\/uploads\/2026\/02\/Favicon-Niryo.svg","width":512,"height":512,"caption":"Niryo"},"image":{"@id":"https:\/\/niryo.com\/fr\/#\/schema\/logo\/image\/"},"sameAs":["https:\/\/www.linkedin.com\/company\/10970402\/admin\/feed\/posts\/","https:\/\/www.tiktok.com\/@niryo_robotics","https:\/\/www.instagram.com\/niryo_robotics\/","https:\/\/discord.com\/invite\/EqpPYTf9FJ"]}]}},"_links":{"self":[{"href":"https:\/\/niryo.com\/fr\/wp-json\/wp\/v2\/product\/5625","targetHints":{"allow":["GET"]}}],"collection":[{"href":"https:\/\/niryo.com\/fr\/wp-json\/wp\/v2\/product"}],"about":[{"href":"https:\/\/niryo.com\/fr\/wp-json\/wp\/v2\/types\/product"}],"version-history":[{"count":0,"href":"https:\/\/niryo.com\/fr\/wp-json\/wp\/v2\/product\/5625\/revisions"}],"wp:featuredmedia":[{"embeddable":true,"href":"https:\/\/niryo.com\/fr\/wp-json\/wp\/v2\/media\/3760"}],"wp:attachment":[{"href":"https:\/\/niryo.com\/fr\/wp-json\/wp\/v2\/media?parent=5625"}],"wp:term":[{"taxonomy":"area","embeddable":true,"href":"https:\/\/niryo.com\/fr\/wp-json\/wp\/v2\/area?post=5625"},{"taxonomy":"platform","embeddable":true,"href":"https:\/\/niryo.com\/fr\/wp-json\/wp\/v2\/platform?post=5625"},{"taxonomy":"sector","embeddable":true,"href":"https:\/\/niryo.com\/fr\/wp-json\/wp\/v2\/sector?post=5625"},{"taxonomy":"product_brand","embeddable":true,"href":"https:\/\/niryo.com\/fr\/wp-json\/wp\/v2\/product_brand?post=5625"},{"taxonomy":"product_cat","embeddable":true,"href":"https:\/\/niryo.com\/fr\/wp-json\/wp\/v2\/product_cat?post=5625"}],"curies":[{"name":"wp","href":"https:\/\/api.w.org\/{rel}","templated":true}]}}