{"id":8975,"date":"2024-06-27T16:42:15","date_gmt":"2024-06-27T14:42:15","guid":{"rendered":"https:\/\/niryo.com\/product\/pince-adaptative\/"},"modified":"2025-05-07T08:52:20","modified_gmt":"2025-05-07T06:52:20","slug":"pince-adaptative","status":"publish","type":"product","link":"https:\/\/niryo.com\/fr\/produit\/pince-adaptative\/","title":{"rendered":"Pince adaptative"},"content":{"rendered":"\t\t<div data-elementor-type=\"product-post\" data-elementor-id=\"8975\" class=\"elementor elementor-8975 elementor-3779\" data-elementor-post-type=\"product\">\n\t\t\t\t<div class=\"elementor-element elementor-element-63bc7bae e-flex e-con-boxed e-con e-parent\" data-id=\"63bc7bae\" data-element_type=\"container\" data-e-type=\"container\">\n\t\t\t\t\t<div class=\"e-con-inner\">\n\t\t\t\t<div class=\"elementor-element elementor-element-100edd45 elementor-widget elementor-widget-heading\" data-id=\"100edd45\" data-element_type=\"widget\" data-e-type=\"widget\" data-widget_type=\"heading.default\">\n\t\t\t\t<div class=\"elementor-widget-container\">\n\t\t\t\t\t<h2 class=\"elementor-heading-title elementor-size-default\">Limit\u00e9 seulement par votre cr\u00e9ativit\u00e9.<\/h2>\t\t\t\t<\/div>\n\t\t\t\t<\/div>\n\t\t<div class=\"elementor-element elementor-element-258296fc e-con-full e-flex e-con e-child\" data-id=\"258296fc\" data-element_type=\"container\" data-e-type=\"container\" data-settings=\"{&quot;background_background&quot;:&quot;video&quot;,&quot;background_video_link&quot;:&quot;https:\\\/\\\/niryo.com\\\/wp-content\\\/uploads\\\/2024\\\/06\\\/Pp-Adaptive-Gripper_OPTI.mp4&quot;,&quot;background_video_start&quot;:0,&quot;background_video_end&quot;:100,&quot;background_play_on_mobile&quot;:&quot;yes&quot;}\">\n\t\t<div class=\"elementor-background-video-container\">\n\t\t\t\t\t\t\t<video class=\"elementor-background-video-hosted\" role=\"presentation\" autoplay muted playsinline loop><\/video>\n\t\t\t\t\t<\/div>\t\t<\/div>\n\t\t\t\t\t<\/div>\n\t\t\t\t<\/div>\n\t\t<div class=\"elementor-element elementor-element-431f0383 elementor-hidden-mobile e-flex e-con-boxed e-con e-parent\" data-id=\"431f0383\" data-element_type=\"container\" data-e-type=\"container\">\n\t\t\t\t\t<div class=\"e-con-inner\">\n\t\t\t\t<div class=\"elementor-element elementor-element-72e1574c elementor-widget elementor-widget-template\" data-id=\"72e1574c\" data-element_type=\"widget\" data-e-type=\"widget\" data-widget_type=\"template.default\">\n\t\t\t\t<div class=\"elementor-widget-container\">\n\t\t\t\t\t\t\t<div class=\"elementor-template\">\n\t\t\t\t\t<div data-elementor-type=\"container\" data-elementor-id=\"23896\" class=\"elementor elementor-23896 elementor-22698 elementor-22698\" data-elementor-post-type=\"elementor_library\">\n\t\t\t\t<div class=\"elementor-element elementor-element-5cf22526 e-con-full e-flex e-con e-parent\" data-id=\"5cf22526\" data-element_type=\"container\" data-e-type=\"container\">\n\t\t<div class=\"elementor-element elementor-element-1c4085ed e-con-full e-flex e-con e-child\" data-id=\"1c4085ed\" data-element_type=\"container\" data-e-type=\"container\">\n\t\t\t\t<div class=\"elementor-element elementor-element-771db8d1 elementor-hidden-mobile elementor-widget elementor-widget-heading\" data-id=\"771db8d1\" data-element_type=\"widget\" data-e-type=\"widget\" data-widget_type=\"heading.default\">\n\t\t\t\t<div class=\"elementor-widget-container\">\n\t\t\t\t\t<h3 class=\"elementor-heading-title elementor-size-default\">Dimensions<\/h3>\t\t\t\t<\/div>\n\t\t\t\t<\/div>\n\t\t\t\t<div class=\"elementor-element elementor-element-5a8fac04 elementor-widget elementor-widget-text-editor\" data-id=\"5a8fac04\" data-element_type=\"widget\" data-e-type=\"widget\" data-widget_type=\"text-editor.default\">\n\t\t\t\t<div class=\"elementor-widget-container\">\n\t\t\t\t\t\t\t\t\t<p><strong>Largeur:<\/strong> 79mm<br \/><strong>Profondeur:<\/strong> 42,20mm<br \/><strong>Hauteur:<\/strong> 132,80mm<\/p>\t\t\t\t\t\t\t\t<\/div>\n\t\t\t\t<\/div>\n\t\t\t\t<\/div>\n\t\t<div class=\"elementor-element elementor-element-1145001b e-flex e-con-boxed e-con e-child\" data-id=\"1145001b\" data-element_type=\"container\" data-e-type=\"container\">\n\t\t\t\t\t<div class=\"e-con-inner\">\n\t\t\t\t<div class=\"elementor-element elementor-element-68cb0e24 elementor-widget elementor-widget-image\" data-id=\"68cb0e24\" data-element_type=\"widget\" data-e-type=\"widget\" data-widget_type=\"image.default\">\n\t\t\t\t<div class=\"elementor-widget-container\">\n\t\t\t\t\t\t\t\t\t\t\t\t\t\t\t<img loading=\"lazy\" decoding=\"async\" width=\"1414\" height=\"681\" src=\"https:\/\/niryo.com\/wp-content\/uploads\/2024\/06\/adaptive-gripper-techspecs.png\" class=\"attachment-full size-full wp-image-3790\" alt=\"\" srcset=\"https:\/\/niryo.com\/wp-content\/uploads\/2024\/06\/adaptive-gripper-techspecs.png 1414w, https:\/\/niryo.com\/wp-content\/uploads\/2024\/06\/adaptive-gripper-techspecs-300x144.png 300w, https:\/\/niryo.com\/wp-content\/uploads\/2024\/06\/adaptive-gripper-techspecs-1024x493.png 1024w, https:\/\/niryo.com\/wp-content\/uploads\/2024\/06\/adaptive-gripper-techspecs-768x370.png 768w, https:\/\/niryo.com\/wp-content\/uploads\/2024\/06\/adaptive-gripper-techspecs-1200x578.png 1200w\" sizes=\"auto, (max-width: 1414px) 100vw, 1414px\" \/>\t\t\t\t\t\t\t\t\t\t\t\t\t\t\t<\/div>\n\t\t\t\t<\/div>\n\t\t\t\t\t<\/div>\n\t\t\t\t<\/div>\n\t\t\t\t<\/div>\n\t\t\t\t<\/div>\n\t\t\t\t<\/div>\n\t\t\t\t\t\t<\/div>\n\t\t\t\t<\/div>\n\t\t\t\t\t<\/div>\n\t\t\t\t<\/div>\n\t\t<div class=\"elementor-element elementor-element-6c8f16d e-con-full elementor-hidden-desktop elementor-hidden-laptop elementor-hidden-tablet_extra elementor-hidden-tablet elementor-hidden-mobile_extra e-flex e-con e-child\" data-id=\"6c8f16d\" data-element_type=\"container\" data-e-type=\"container\">\n\t\t\t\t<div class=\"elementor-element elementor-element-79aa5864 elementor-widget elementor-widget-n-accordion\" data-id=\"79aa5864\" data-element_type=\"widget\" data-e-type=\"widget\" data-settings=\"{&quot;default_state&quot;:&quot;all_collapsed&quot;,&quot;max_items_expended&quot;:&quot;one&quot;,&quot;n_accordion_animation_duration&quot;:{&quot;unit&quot;:&quot;ms&quot;,&quot;size&quot;:400,&quot;sizes&quot;:[]}}\" data-widget_type=\"nested-accordion.default\">\n\t\t\t\t<div class=\"elementor-widget-container\">\n\t\t\t\t\t\t\t<div class=\"e-n-accordion\" aria-label=\"Accordion. Open links with Enter or Space, close with Escape, and navigate with Arrow Keys\">\n\t\t\t\t\t\t<details id=\"e-n-accordion-item-2040\" class=\"e-n-accordion-item\" >\n\t\t\t\t<summary class=\"e-n-accordion-item-title\" data-accordion-index=\"1\" tabindex=\"0\" aria-expanded=\"false\" aria-controls=\"e-n-accordion-item-2040\" >\n\t\t\t\t\t<span class='e-n-accordion-item-title-header'><div class=\"e-n-accordion-item-title-text\"> Dimensions <\/div><\/span>\n\t\t\t\t\t\t\t<span class='e-n-accordion-item-title-icon'>\n\t\t\t<span class='e-opened' ><svg xmlns=\"http:\/\/www.w3.org\/2000\/svg\" width=\"24\" height=\"24\" viewBox=\"0 0 24 24\" fill=\"none\"><g id=\"big\/chevron\/up\"><path id=\"Mask\" d=\"M18.7 15.7C18.5 15.9 18.3 16 18 16C17.7 16 17.5 15.9 17.3 15.7L12 10.4L6.7 15.7C6.3 16.1 5.7 16.1 5.3 15.7C4.9 15.3 4.9 14.7 5.3 14.3L11.3 8.3C11.7 7.9 12.3 7.9 12.7 8.3L18.7 14.3C19.1 14.7 19.1 15.3 18.7 15.7Z\" fill=\"#575D81\"><\/path><\/g><\/svg><\/span>\n\t\t\t<span class='e-closed'><svg xmlns=\"http:\/\/www.w3.org\/2000\/svg\" width=\"24\" height=\"24\" viewBox=\"0 0 24 24\" fill=\"none\"><g id=\"big\/chevron\/down\"><path id=\"Mask\" d=\"M18.7 9.7L12.7 15.7C12.5 15.9 12.3 16 12 16C11.7 16 11.5 15.9 11.3 15.7L5.3 9.7C4.9 9.3 4.9 8.7 5.3 8.3C5.7 7.9 6.3 7.9 6.7 8.3L12 13.6L17.3 8.3C17.7 7.9 18.3 7.9 18.7 8.3C19.1 8.7 19.1 9.3 18.7 9.7Z\" fill=\"#575D81\"><\/path><\/g><\/svg><\/span>\n\t\t<\/span>\n\n\t\t\t\t\t\t<\/summary>\n\t\t\t\t<div role=\"region\" aria-labelledby=\"e-n-accordion-item-2040\" class=\"elementor-element elementor-element-4efcf7c4 e-con-full e-flex e-con e-child\" data-id=\"4efcf7c4\" data-element_type=\"container\" data-e-type=\"container\">\n\t\t\t\t<div class=\"elementor-element elementor-element-51c3cf58 elementor-widget elementor-widget-template\" data-id=\"51c3cf58\" data-element_type=\"widget\" data-e-type=\"widget\" data-widget_type=\"template.default\">\n\t\t\t\t<div class=\"elementor-widget-container\">\n\t\t\t\t\t\t\t<div class=\"elementor-template\">\n\t\t\t\t\t<div data-elementor-type=\"container\" data-elementor-id=\"23896\" class=\"elementor elementor-23896 elementor-22698 elementor-22698\" data-elementor-post-type=\"elementor_library\">\n\t\t\t\t<div class=\"elementor-element elementor-element-5cf22526 e-con-full e-flex e-con e-parent\" data-id=\"5cf22526\" data-element_type=\"container\" data-e-type=\"container\">\n\t\t<div class=\"elementor-element elementor-element-1c4085ed e-con-full e-flex e-con e-child\" data-id=\"1c4085ed\" data-element_type=\"container\" data-e-type=\"container\">\n\t\t\t\t<div class=\"elementor-element elementor-element-771db8d1 elementor-hidden-mobile elementor-widget elementor-widget-heading\" data-id=\"771db8d1\" data-element_type=\"widget\" data-e-type=\"widget\" data-widget_type=\"heading.default\">\n\t\t\t\t<div class=\"elementor-widget-container\">\n\t\t\t\t\t<h3 class=\"elementor-heading-title elementor-size-default\">Dimensions<\/h3>\t\t\t\t<\/div>\n\t\t\t\t<\/div>\n\t\t\t\t<div class=\"elementor-element elementor-element-5a8fac04 elementor-widget elementor-widget-text-editor\" data-id=\"5a8fac04\" data-element_type=\"widget\" data-e-type=\"widget\" data-widget_type=\"text-editor.default\">\n\t\t\t\t<div class=\"elementor-widget-container\">\n\t\t\t\t\t\t\t\t\t<p><strong>Largeur:<\/strong> 79mm<br \/><strong>Profondeur:<\/strong> 42,20mm<br \/><strong>Hauteur:<\/strong> 132,80mm<\/p>\t\t\t\t\t\t\t\t<\/div>\n\t\t\t\t<\/div>\n\t\t\t\t<\/div>\n\t\t<div class=\"elementor-element elementor-element-1145001b e-flex e-con-boxed e-con e-child\" data-id=\"1145001b\" data-element_type=\"container\" data-e-type=\"container\">\n\t\t\t\t\t<div class=\"e-con-inner\">\n\t\t\t\t<div class=\"elementor-element elementor-element-68cb0e24 elementor-widget elementor-widget-image\" data-id=\"68cb0e24\" data-element_type=\"widget\" data-e-type=\"widget\" data-widget_type=\"image.default\">\n\t\t\t\t<div class=\"elementor-widget-container\">\n\t\t\t\t\t\t\t\t\t\t\t\t\t\t\t<img loading=\"lazy\" decoding=\"async\" width=\"1414\" height=\"681\" src=\"https:\/\/niryo.com\/wp-content\/uploads\/2024\/06\/adaptive-gripper-techspecs.png\" class=\"attachment-full size-full wp-image-3790\" alt=\"\" srcset=\"https:\/\/niryo.com\/wp-content\/uploads\/2024\/06\/adaptive-gripper-techspecs.png 1414w, https:\/\/niryo.com\/wp-content\/uploads\/2024\/06\/adaptive-gripper-techspecs-300x144.png 300w, https:\/\/niryo.com\/wp-content\/uploads\/2024\/06\/adaptive-gripper-techspecs-1024x493.png 1024w, https:\/\/niryo.com\/wp-content\/uploads\/2024\/06\/adaptive-gripper-techspecs-768x370.png 768w, https:\/\/niryo.com\/wp-content\/uploads\/2024\/06\/adaptive-gripper-techspecs-1200x578.png 1200w\" sizes=\"auto, (max-width: 1414px) 100vw, 1414px\" \/>\t\t\t\t\t\t\t\t\t\t\t\t\t\t\t<\/div>\n\t\t\t\t<\/div>\n\t\t\t\t\t<\/div>\n\t\t\t\t<\/div>\n\t\t\t\t<\/div>\n\t\t\t\t<\/div>\n\t\t\t\t<\/div>\n\t\t\t\t\t\t<\/div>\n\t\t\t\t<\/div>\n\t\t\t\t<\/div>\n\t\t\t\t\t<\/details>\n\t\t\t\t\t<\/div>\n\t\t\t\t\t\t<\/div>\n\t\t\t\t<\/div>\n\t\t\t\t<\/div>\n\t\t<div class=\"elementor-element elementor-element-78810c59 elementor-hidden-mobile e-con-full e-flex e-con e-parent\" data-id=\"78810c59\" data-element_type=\"container\" data-e-type=\"container\">\n\t\t\t\t<div class=\"elementor-element elementor-element-368fa8c9 elementor-widget-divider--view-line elementor-widget elementor-widget-divider\" data-id=\"368fa8c9\" data-element_type=\"widget\" data-e-type=\"widget\" data-widget_type=\"divider.default\">\n\t\t\t\t<div class=\"elementor-widget-container\">\n\t\t\t\t\t\t\t<div class=\"elementor-divider\">\n\t\t\t<span class=\"elementor-divider-separator\">\n\t\t\t\t\t\t<\/span>\n\t\t<\/div>\n\t\t\t\t\t\t<\/div>\n\t\t\t\t<\/div>\n\t\t\t\t<\/div>\n\t\t<div class=\"elementor-element elementor-element-1b02f543 e-flex e-con-boxed e-con e-parent\" data-id=\"1b02f543\" data-element_type=\"container\" data-e-type=\"container\">\n\t\t\t\t\t<div class=\"e-con-inner\">\n\t\t\t\t<div class=\"elementor-element elementor-element-32f4f923 elementor-widget elementor-widget-template\" data-id=\"32f4f923\" data-element_type=\"widget\" data-e-type=\"widget\" data-widget_type=\"template.default\">\n\t\t\t\t<div class=\"elementor-widget-container\">\n\t\t\t\t\t\t\t<div class=\"elementor-template\">\n\t\t\t\t\t<div data-elementor-type=\"container\" data-elementor-id=\"23871\" class=\"elementor elementor-23871 elementor-22474 elementor-22474\" data-elementor-post-type=\"elementor_library\">\n\t\t\t\t<div class=\"elementor-element elementor-element-1fadf8d e-con-full e-flex e-con e-parent\" data-id=\"1fadf8d\" data-element_type=\"container\" data-e-type=\"container\">\n\t\t\t\t<div class=\"elementor-element elementor-element-807a4ac elementor-widget elementor-widget-heading\" data-id=\"807a4ac\" data-element_type=\"widget\" data-e-type=\"widget\" data-widget_type=\"heading.default\">\n\t\t\t\t<div class=\"elementor-widget-container\">\n\t\t\t\t\t<span class=\"elementor-heading-title elementor-size-default\">Des solutions pour tous<\/span>\t\t\t\t<\/div>\n\t\t\t\t<\/div>\n\t\t\t\t<div class=\"elementor-element elementor-element-172d275 elementor-widget__width-initial elementor-widget elementor-widget-heading\" data-id=\"172d275\" data-element_type=\"widget\" data-e-type=\"widget\" data-widget_type=\"heading.default\">\n\t\t\t\t<div class=\"elementor-widget-container\">\n\t\t\t\t\t<h2 class=\"elementor-heading-title elementor-size-default\">Nos solutions \u00e9ducatives<\/h2>\t\t\t\t<\/div>\n\t\t\t\t<\/div>\n\t\t\t\t<\/div>\n\t\t\t\t<\/div>\n\t\t\t\t<\/div>\n\t\t\t\t\t\t<\/div>\n\t\t\t\t<\/div>\n\t\t\t\t\t<\/div>\n\t\t\t\t<\/div>\n\t\t\t\t<\/div>\n\t\t","protected":false},"excerpt":{"rendered":"<p>Parfait pour les objets fragiles ou lorsque la forme n&rsquo;est pas r\u00e9guli\u00e8re. Assurez-vous que l&rsquo;objet sera correctement saisi au centre de la pince.<br \/>\nVous pouvez \u00e9galement saisir des objets creux de l&rsquo;int\u00e9rieur (par exemple, un tube en aluminium).<\/p>\n","protected":false},"featured_media":9773,"template":"","meta":{"_acf_changed":false,"content-type":""},"area":[155],"platform":[],"sector":[],"product_brand":[],"product_cat":[79],"class_list":{"0":"post-8975","1":"product","2":"type-product","3":"status-publish","4":"has-post-thumbnail","6":"product_cat-default-fr","8":"first","9":"instock","10":"taxable","11":"shipping-taxable","12":"purchasable","13":"product-type-simple"},"acf":{"image_loop":26532,"attributes":[{"icon":22676,"text":"Largeur de fonctionnement 97.49mm"},{"icon":22653,"text":"Installation aimant\u00e9e plug&play"},{"icon":22410,"text":"Garantie 1 an"}],"vxc_hubspot_id":"21262641665","redirect_product_to_page":"","additional_information":null},"yoast_head":"<!-- This site is optimized with the Yoast SEO plugin v27.2 - https:\/\/yoast.com\/product\/yoast-seo-wordpress\/ -->\n<title>Pince adaptative pour robot 6 axes - Niryo<\/title>\n<meta name=\"description\" content=\"Notre pr\u00e9henseur adaptatif, facile \u00e0 connecter \u00e0 notre robot 6 axes Ned2, permet de nombreux exercices et cas d&#039;utilisation. D\u00e9couvrez-le.\" \/>\n<meta name=\"robots\" content=\"index, follow, max-snippet:-1, max-image-preview:large, max-video-preview:-1\" \/>\n<link rel=\"canonical\" href=\"https:\/\/niryo.com\/fr\/produit\/pince-adaptative\/\" \/>\n<meta property=\"og:locale\" content=\"fr_FR\" \/>\n<meta property=\"og:type\" content=\"article\" \/>\n<meta property=\"og:title\" content=\"Pince adaptative pour robot 6 axes - Niryo\" \/>\n<meta property=\"og:description\" content=\"Notre pr\u00e9henseur adaptatif, facile \u00e0 connecter \u00e0 notre robot 6 axes Ned2, permet de nombreux exercices et cas d&#039;utilisation. D\u00e9couvrez-le.\" \/>\n<meta property=\"og:url\" content=\"https:\/\/niryo.com\/fr\/produit\/pince-adaptative\/\" \/>\n<meta property=\"og:site_name\" content=\"Niryo\" \/>\n<meta property=\"article:modified_time\" content=\"2025-05-07T06:52:20+00:00\" \/>\n<meta property=\"og:image\" content=\"https:\/\/niryo.com\/wp-content\/uploads\/2024\/06\/grippeur-adaptatif.png\" \/>\n\t<meta property=\"og:image:width\" content=\"1200\" \/>\n\t<meta property=\"og:image:height\" content=\"1200\" \/>\n\t<meta property=\"og:image:type\" content=\"image\/png\" \/>\n<meta name=\"twitter:card\" content=\"summary_large_image\" \/>\n<meta name=\"twitter:label1\" content=\"Dur\u00e9e de lecture estim\u00e9e\" \/>\n\t<meta name=\"twitter:data1\" content=\"1 minute\" \/>\n<script type=\"application\/ld+json\" class=\"yoast-schema-graph\">{\"@context\":\"https:\/\/schema.org\",\"@graph\":[{\"@type\":\"WebPage\",\"@id\":\"https:\/\/niryo.com\/fr\/produit\/pince-adaptative\/\",\"url\":\"https:\/\/niryo.com\/fr\/produit\/pince-adaptative\/\",\"name\":\"Pince adaptative pour robot 6 axes - Niryo\",\"isPartOf\":{\"@id\":\"https:\/\/niryo.com\/fr\/#website\"},\"primaryImageOfPage\":{\"@id\":\"https:\/\/niryo.com\/fr\/produit\/pince-adaptative\/#primaryimage\"},\"image\":{\"@id\":\"https:\/\/niryo.com\/fr\/produit\/pince-adaptative\/#primaryimage\"},\"thumbnailUrl\":\"https:\/\/niryo.com\/wp-content\/uploads\/2024\/06\/grippeur-adaptatif.png\",\"datePublished\":\"2024-06-27T14:42:15+00:00\",\"dateModified\":\"2025-05-07T06:52:20+00:00\",\"description\":\"Notre pr\u00e9henseur adaptatif, facile \u00e0 connecter \u00e0 notre robot 6 axes Ned2, permet de nombreux exercices et cas d'utilisation. D\u00e9couvrez-le.\",\"breadcrumb\":{\"@id\":\"https:\/\/niryo.com\/fr\/produit\/pince-adaptative\/#breadcrumb\"},\"inLanguage\":\"fr-FR\",\"potentialAction\":[{\"@type\":\"ReadAction\",\"target\":[\"https:\/\/niryo.com\/fr\/produit\/pince-adaptative\/\"]}]},{\"@type\":\"ImageObject\",\"inLanguage\":\"fr-FR\",\"@id\":\"https:\/\/niryo.com\/fr\/produit\/pince-adaptative\/#primaryimage\",\"url\":\"https:\/\/niryo.com\/wp-content\/uploads\/2024\/06\/grippeur-adaptatif.png\",\"contentUrl\":\"https:\/\/niryo.com\/wp-content\/uploads\/2024\/06\/grippeur-adaptatif.png\",\"width\":1200,\"height\":1200},{\"@type\":\"BreadcrumbList\",\"@id\":\"https:\/\/niryo.com\/fr\/produit\/pince-adaptative\/#breadcrumb\",\"itemListElement\":[{\"@type\":\"ListItem\",\"position\":1,\"name\":\"Home\",\"item\":\"https:\/\/niryo.com\/fr\/\"},{\"@type\":\"ListItem\",\"position\":2,\"name\":\"Produits\",\"item\":\"https:\/\/niryo.com\/fr\/boutique\/\"},{\"@type\":\"ListItem\",\"position\":3,\"name\":\"Pince adaptative\"}]},{\"@type\":\"WebSite\",\"@id\":\"https:\/\/niryo.com\/fr\/#website\",\"url\":\"https:\/\/niryo.com\/fr\/\",\"name\":\"Niryo\",\"description\":\"Empower your robotics potential - Collaborative robots\",\"publisher\":{\"@id\":\"https:\/\/niryo.com\/fr\/#organization\"},\"potentialAction\":[{\"@type\":\"SearchAction\",\"target\":{\"@type\":\"EntryPoint\",\"urlTemplate\":\"https:\/\/niryo.com\/fr\/?s={search_term_string}\"},\"query-input\":{\"@type\":\"PropertyValueSpecification\",\"valueRequired\":true,\"valueName\":\"search_term_string\"}}],\"inLanguage\":\"fr-FR\"},{\"@type\":\"Organization\",\"@id\":\"https:\/\/niryo.com\/fr\/#organization\",\"name\":\"Niryo\",\"url\":\"https:\/\/niryo.com\/fr\/\",\"logo\":{\"@type\":\"ImageObject\",\"inLanguage\":\"fr-FR\",\"@id\":\"https:\/\/niryo.com\/fr\/#\/schema\/logo\/image\/\",\"url\":\"https:\/\/niryo.com\/wp-content\/uploads\/2026\/02\/Favicon-Niryo.svg\",\"contentUrl\":\"https:\/\/niryo.com\/wp-content\/uploads\/2026\/02\/Favicon-Niryo.svg\",\"width\":512,\"height\":512,\"caption\":\"Niryo\"},\"image\":{\"@id\":\"https:\/\/niryo.com\/fr\/#\/schema\/logo\/image\/\"},\"sameAs\":[\"https:\/\/www.linkedin.com\/company\/10970402\/admin\/feed\/posts\/\",\"https:\/\/www.tiktok.com\/@niryo_robotics\",\"https:\/\/www.instagram.com\/niryo_robotics\/\",\"https:\/\/discord.com\/invite\/EqpPYTf9FJ\"]}]}<\/script>\n<!-- \/ Yoast SEO plugin. -->","yoast_head_json":{"title":"Pince adaptative pour robot 6 axes - Niryo","description":"Notre pr\u00e9henseur adaptatif, facile \u00e0 connecter \u00e0 notre robot 6 axes Ned2, permet de nombreux exercices et cas d'utilisation. D\u00e9couvrez-le.","robots":{"index":"index","follow":"follow","max-snippet":"max-snippet:-1","max-image-preview":"max-image-preview:large","max-video-preview":"max-video-preview:-1"},"canonical":"https:\/\/niryo.com\/fr\/produit\/pince-adaptative\/","og_locale":"fr_FR","og_type":"article","og_title":"Pince adaptative pour robot 6 axes - Niryo","og_description":"Notre pr\u00e9henseur adaptatif, facile \u00e0 connecter \u00e0 notre robot 6 axes Ned2, permet de nombreux exercices et cas d'utilisation. D\u00e9couvrez-le.","og_url":"https:\/\/niryo.com\/fr\/produit\/pince-adaptative\/","og_site_name":"Niryo","article_modified_time":"2025-05-07T06:52:20+00:00","og_image":[{"width":1200,"height":1200,"url":"https:\/\/niryo.com\/wp-content\/uploads\/2024\/06\/grippeur-adaptatif.png","type":"image\/png"}],"twitter_card":"summary_large_image","twitter_misc":{"Dur\u00e9e de lecture estim\u00e9e":"1 minute"},"schema":{"@context":"https:\/\/schema.org","@graph":[{"@type":"WebPage","@id":"https:\/\/niryo.com\/fr\/produit\/pince-adaptative\/","url":"https:\/\/niryo.com\/fr\/produit\/pince-adaptative\/","name":"Pince adaptative pour robot 6 axes - Niryo","isPartOf":{"@id":"https:\/\/niryo.com\/fr\/#website"},"primaryImageOfPage":{"@id":"https:\/\/niryo.com\/fr\/produit\/pince-adaptative\/#primaryimage"},"image":{"@id":"https:\/\/niryo.com\/fr\/produit\/pince-adaptative\/#primaryimage"},"thumbnailUrl":"https:\/\/niryo.com\/wp-content\/uploads\/2024\/06\/grippeur-adaptatif.png","datePublished":"2024-06-27T14:42:15+00:00","dateModified":"2025-05-07T06:52:20+00:00","description":"Notre pr\u00e9henseur adaptatif, facile \u00e0 connecter \u00e0 notre robot 6 axes Ned2, permet de nombreux exercices et cas d'utilisation. D\u00e9couvrez-le.","breadcrumb":{"@id":"https:\/\/niryo.com\/fr\/produit\/pince-adaptative\/#breadcrumb"},"inLanguage":"fr-FR","potentialAction":[{"@type":"ReadAction","target":["https:\/\/niryo.com\/fr\/produit\/pince-adaptative\/"]}]},{"@type":"ImageObject","inLanguage":"fr-FR","@id":"https:\/\/niryo.com\/fr\/produit\/pince-adaptative\/#primaryimage","url":"https:\/\/niryo.com\/wp-content\/uploads\/2024\/06\/grippeur-adaptatif.png","contentUrl":"https:\/\/niryo.com\/wp-content\/uploads\/2024\/06\/grippeur-adaptatif.png","width":1200,"height":1200},{"@type":"BreadcrumbList","@id":"https:\/\/niryo.com\/fr\/produit\/pince-adaptative\/#breadcrumb","itemListElement":[{"@type":"ListItem","position":1,"name":"Home","item":"https:\/\/niryo.com\/fr\/"},{"@type":"ListItem","position":2,"name":"Produits","item":"https:\/\/niryo.com\/fr\/boutique\/"},{"@type":"ListItem","position":3,"name":"Pince adaptative"}]},{"@type":"WebSite","@id":"https:\/\/niryo.com\/fr\/#website","url":"https:\/\/niryo.com\/fr\/","name":"Niryo","description":"Empower your robotics potential - Collaborative robots","publisher":{"@id":"https:\/\/niryo.com\/fr\/#organization"},"potentialAction":[{"@type":"SearchAction","target":{"@type":"EntryPoint","urlTemplate":"https:\/\/niryo.com\/fr\/?s={search_term_string}"},"query-input":{"@type":"PropertyValueSpecification","valueRequired":true,"valueName":"search_term_string"}}],"inLanguage":"fr-FR"},{"@type":"Organization","@id":"https:\/\/niryo.com\/fr\/#organization","name":"Niryo","url":"https:\/\/niryo.com\/fr\/","logo":{"@type":"ImageObject","inLanguage":"fr-FR","@id":"https:\/\/niryo.com\/fr\/#\/schema\/logo\/image\/","url":"https:\/\/niryo.com\/wp-content\/uploads\/2026\/02\/Favicon-Niryo.svg","contentUrl":"https:\/\/niryo.com\/wp-content\/uploads\/2026\/02\/Favicon-Niryo.svg","width":512,"height":512,"caption":"Niryo"},"image":{"@id":"https:\/\/niryo.com\/fr\/#\/schema\/logo\/image\/"},"sameAs":["https:\/\/www.linkedin.com\/company\/10970402\/admin\/feed\/posts\/","https:\/\/www.tiktok.com\/@niryo_robotics","https:\/\/www.instagram.com\/niryo_robotics\/","https:\/\/discord.com\/invite\/EqpPYTf9FJ"]}]}},"_links":{"self":[{"href":"https:\/\/niryo.com\/fr\/wp-json\/wp\/v2\/product\/8975","targetHints":{"allow":["GET"]}}],"collection":[{"href":"https:\/\/niryo.com\/fr\/wp-json\/wp\/v2\/product"}],"about":[{"href":"https:\/\/niryo.com\/fr\/wp-json\/wp\/v2\/types\/product"}],"version-history":[{"count":0,"href":"https:\/\/niryo.com\/fr\/wp-json\/wp\/v2\/product\/8975\/revisions"}],"wp:featuredmedia":[{"embeddable":true,"href":"https:\/\/niryo.com\/fr\/wp-json\/wp\/v2\/media\/9773"}],"wp:attachment":[{"href":"https:\/\/niryo.com\/fr\/wp-json\/wp\/v2\/media?parent=8975"}],"wp:term":[{"taxonomy":"area","embeddable":true,"href":"https:\/\/niryo.com\/fr\/wp-json\/wp\/v2\/area?post=8975"},{"taxonomy":"platform","embeddable":true,"href":"https:\/\/niryo.com\/fr\/wp-json\/wp\/v2\/platform?post=8975"},{"taxonomy":"sector","embeddable":true,"href":"https:\/\/niryo.com\/fr\/wp-json\/wp\/v2\/sector?post=8975"},{"taxonomy":"product_brand","embeddable":true,"href":"https:\/\/niryo.com\/fr\/wp-json\/wp\/v2\/product_brand?post=8975"},{"taxonomy":"product_cat","embeddable":true,"href":"https:\/\/niryo.com\/fr\/wp-json\/wp\/v2\/product_cat?post=8975"}],"curies":[{"name":"wp","href":"https:\/\/api.w.org\/{rel}","templated":true}]}}